{"id":10887,"date":"2024-06-26T21:21:57","date_gmt":"2024-06-26T14:21:57","guid":{"rendered":"https:\/\/hophoinghi.vn\/product\/camera-hoi-nghi-aver-ptc310uv2\/"},"modified":"2024-06-26T21:22:10","modified_gmt":"2024-06-26T14:22:10","slug":"camera-hoi-nghi-aver-ptc310uv2","status":"publish","type":"product","link":"https:\/\/hophoinghi.vn\/ar\/-product-\/camera-hoi-nghi-aver-ptc310uv2\/","title":{"rendered":"Camera h\u1ed9i ngh\u1ecb AVer PTC310UV2"},"content":{"rendered":"<div class=\"desc-content-js\">\n<h2 style=\"text-align: justify\"><strong>AVer PTC310UV2 AI Auto Tracking l\u00e0 camera h\u1ed9i ngh\u1ecb PTZ chuy\u00ean d\u1ee5ng<\/strong><\/h2>\n<p style=\"text-align: justify\">Camera PTZ AI Auto Tracking PTC310UV2 cung c\u1ea5p kh\u1ea3 n\u0103ng Pro AV m\u1ea1nh m\u1ebd v\u00e0 \u0111\u00e1ng tin c\u1eady cho m\u1ecdi ng\u01b0\u1eddi. L\u1ea5y c\u1ea3m h\u1ee9ng t\u1eeb d\u00f2ng camera PTZ chuy\u00ean nghi\u1ec7p, AVer PTC310UV2 c\u00f3 c\u00e1c ch\u1ee9c n\u0103ng AI n\u1ed9i b\u1ed9 nh\u01b0 Ch\u1ebf \u0111\u1ed9 tr\u00ecnh b\u00e0y, Ch\u1ebf \u0111\u1ed9 v\u00f9ng v\u00e0 ch\u1ebf \u0111\u1ed9 auto tracking k\u1ebft h\u1ee3p nh\u1edd kh\u1ea3 n\u0103ng x\u1eed l\u00fd ph\u00e1t hi\u1ec7n ng\u01b0\u1eddi tham d\u1ef1. \u00a0<\/p>\n<p style=\"text-align: justify\">B\u00ean c\u1ea1nh \u0111\u00f3, s\u1ef1 k\u1ebft h\u1ee3p gi\u1eefa \u1ed1ng k\u00ednh Zoom quang 12X, \u0111\u1ed9 ph\u00e2n gi\u1ea3i 4K v\u1edbi ch\u1ee9c n\u0103ng Auto Tracking k\u1ebft h\u1ee3p kh\u1ea3 n\u0103ng PTZ m\u01b0\u1ee3t m\u00e0 cho quy tr\u00ecnh ph\u00e1t s\u00f3ng, truy\u1ec1n ph\u00e1t ho\u1eb7c ghi \u00e2m bu\u1ed5i h\u1ecdp tr\u1ef1c tuy\u1ebfn th\u1eadt s\u1ef1 chuy\u00ean nghi\u1ec7p v\u00e0 hi\u1ec7u qu\u1ea3. B\u1eaft \u0111\u1ea7u h\u00e0nh tr\u00ecnh tr\u1ea3i nghi\u1ec7m \u00e2m thanh v\u00e0 video th\u00fa v\u1ecb c\u1ee7a b\u1ea1n b\u1eaft \u0111\u1ea7u v\u1edbi camera AVer PTC310UV2!\u00a0<\/p>\n<p style=\"text-align: justify\">* Voice Tracking qua ph\u1ea7n m\u1ec1m PTZ Link.\u00a0<\/p>\n<h3><strong>N\u00e2ng c\u1ea5p camera h\u1ed9i ngh\u1ecb c\u1ee7a b\u1ea1n l\u00ean NDI\u00ae v\u1edbi AVer PTC310UV2\u00a0<\/strong><\/h3>\n<div>N\u00e2ng c\u1ea5p camera AVer c\u1ee7a b\u1ea1n v\u1edbi NDI\u00ae | HX. C\u1ea7n c\u00f3 kh\u00f3a c\u1ea5p ph\u00e9p NDI\u00ae | HX ri\u00eang bi\u1ec7t cho m\u1ed7i camera v\u00e0 c\u1ea7n c\u00f3 k\u1ebft n\u1ed1i internet \u0111\u1ec3 k\u00edch ho\u1ea1t cho l\u1ea7n \u0111\u1ea7u ti\u00ean. \u0110\u1ec3 t\u00ecm hi\u1ec3u th\u00eam v\u1ec1 n\u00e2ng c\u1ea5p NDI\u00ae, vui l\u00f2ng truy c\u1eadp \u00a0https:\/\/www.newtek.com\/ndihx\/products\/upgrade\/\u00a0<\/p>\n<p style=\"text-align: center\"><img decoding=\"async\" alt=\"N\u00e2ng c\u1ea5p AVer PTC310UV2 v\u1edbi NDI\u00ae | HX\" src=\"http:\/\/hophoinghi.vn\/wp-content\/uploads\/2024\/06\/camera-with-ndi_7107d800eebd48ebb2213db384a0acda_grande-1.png\" title=\"camera-with-ndi_7107d800eebd48ebb2213db384a0acda_grande-1\"><\/p>\n<p style=\"text-align: center\"><em>N\u00e2ng c\u1ea5p AVer PTC310UV2 v\u1edbi NDI\u00ae | HX.<\/em><\/p>\n<h3><strong>Camera h\u1ed9i ngh\u1ecb PTC310UV2 mang \u0111\u1ebfn \u0111\u1ed9 ph\u00e2n gi\u1ea3i \u0111\u1ea7u ra 4K\u00a0<\/strong><\/h3>\n<p>\u0110\u01b0\u1ee3c trang b\u1ecb \u0111\u1ed9 ph\u00e2n gi\u1ea3i 4K, camera h\u1ed9i ngh\u1ecb PTC310UV2 cung c\u1ea5p t\u00ednh n\u0103ng Auto Tracking si\u00eau ch\u00ednh x\u00e1c. B\u00ean c\u1ea1nh \u0111\u00f3, PTC310UV2 c\u0169ng c\u00f3 c\u1ea3m bi\u1ebfn Sony gi\u00fap duy tr\u00ec hi\u1ec7u su\u1ea5t video c\u1ef1c k\u1ef3 \u1ea5n t\u01b0\u1ee3ng qua m\u1ecdi khung h\u00ecnh s\u1ea3n xu\u1ea5t c\u1ee7a b\u1ea1n.<\/p>\n<p style=\"text-align: center\"><img decoding=\"async\" alt=\"AVer PTC310UV2 v\u1edbi \u0111\u1ed9 ph\u00e2n gi\u1ea3i 4K Ultra HD\" src=\"http:\/\/hophoinghi.vn\/wp-content\/uploads\/2024\/06\/aver-ptc310uv2-ultra-hd_e2520300eaf2468aa776aa4d3f186226_grande.png\" title=\"aver-ptc310uv2-ultra-hd_e2520300eaf2468aa776aa4d3f186226_grande\"><\/p>\n<p style=\"text-align: center\"><em>AVer PTC310UV2 v\u1edbi \u0111\u1ed9 ph\u00e2n gi\u1ea3i 4K Ultra HD<\/em><\/p>\n<h3 style=\"text-align: justify\"><strong>Zoom quang 12X &amp; Zoom s\u1ed1 12X N\u00e2ng c\u1ea5p tr\u1ea3i nghi\u1ec7m thu ph\u00f3ng tuy\u1ec7t v\u1eddi\u00a0<\/strong><\/h3>\n<p style=\"text-align: justify\">\u0110\u1ed9 thu ph\u00f3ng c\u1ee7a camera PTC310UV2 \u0111\u1ea1t \u0111\u1ebfn 144X \u0111\u00e1ng kinh ng\u1ea1c (12X zoom quang v\u00e0 12X zoom s\u1ed1). T\u00ednh n\u0103ng Zoom ho\u1ea1t \u0111\u1ed9ng hi\u1ec7u qu\u1ea3 ngay c\u1ea3 khi camera \u0111ang \u1edf ch\u1ebf \u0111\u1ed9 xoay v\u00e0 nghi\u00eang, cho ph\u00e9p b\u1ea1n l\u00e0m n\u1ed5i b\u1eadt n\u1ed9i dung v\u00e0 thay \u0111\u1ed5i nhanh ch\u00f3ng c\u00e1c g\u00f3c ch\u1ee5p. V\u1edbi PTC310UV2 b\u1ea1n d\u1ec5 d\u00e0ng v\u1eadn h\u00e0nh m\u1ed9t ngu\u1ed3n c\u1ea5p d\u1eef li\u1ec7u video chu\u1ea9n x\u00e1c v\u00e0 r\u00f5 r\u00e0ng h\u01a1n v\u1edbi hi\u1ec7u su\u1ea5t PTZ v\u01b0\u1ee3t tr\u1ed9i.\u00a0<\/p>\n<p style=\"text-align: center\"><img decoding=\"async\" alt=\"AVer PTC310UV2 v\u1edbi \u1ed1ng k\u00ednh zoom quang 12X\" src=\"http:\/\/hophoinghi.vn\/wp-content\/uploads\/2024\/06\/zoom-12x_0479adb059e24f3793693724a732141c_grande.png\" title=\"zoom-12x_0479adb059e24f3793693724a732141c_grande\"><\/p>\n<p style=\"text-align: center\"><em>AVer PTC310UV2 v\u1edbi \u1ed1ng k\u00ednh zoom quang 12X<\/em><\/p>\n<h3 style=\"text-align: justify\"><strong>C\u00f4ng ngh\u1ec7 AI nh\u1eadn di\u1ec7n con ng\u01b0\u1eddi hi\u1ec7u qu\u1ea3 tr\u00ean camera h\u1ed9i ngh\u1ecb AVer PTC310UV2\u00a0<\/strong><\/h3>\n<p style=\"text-align: justify\">B\u1eb1ng vi\u1ec7c t\u00edch h\u1ee3p c\u00f4ng ngh\u1ec7 AI ti\u00ean ti\u1ebfn nh\u1ea5t c\u1ee7a AVer \u2014 T\u00ednh n\u0103ng Human Detection AI \u201cnh\u1eadn di\u1ec7n con ng\u01b0\u1eddi\u201d, v\u1edbi \u0111\u1ed9 ch\u00ednh x\u00e1c cao cho ph\u00e9p PTC310UV2 d\u1ec5 d\u00e0ng ph\u00e1t hi\u1ec7n v\u00e0 ghi l\u1ea1i h\u00ecnh d\u1ea1ng c\u0169ng nh\u01b0 c\u00e1c chuy\u1ec3n \u0111\u1ed9ng c\u1ee7a \u0111\u1ed1i t\u01b0\u1ee3ng ch\u1ec9 trong v\u00e0i gi\u00e2y. C\u00f4ng ngh\u1ec7 AI gi\u00fap b\u1ea1n kh\u00f4ng bao gi\u1edd b\u1ecf l\u1ee1 m\u1ee5c ti\u00eau c\u1ea7n ghi l\u1ea1i h\u00ecnh \u1ea3nh.<\/p>\n<p style=\"text-align: center\"><img decoding=\"async\" alt=\"AVer PTC310UV2 t\u00ednh n\u0103ng Human Detection AI\" src=\"http:\/\/hophoinghi.vn\/wp-content\/uploads\/2024\/06\/human-detection_ce4a291156f148f289fbf0939ee7e6b7_grande.png\" title=\"human-detection_ce4a291156f148f289fbf0939ee7e6b7_grande\"><\/p>\n<p style=\"text-align: center\"><em>AVer PTC310UV2 t\u00ednh n\u0103ng Human Detection AI<\/em><\/p>\n<h3><strong>Click &amp; Track d\u1ec5 d\u00e0ng v\u1edbi camera PTC310UV2\u00a0<\/strong><\/h3>\n<p>Chuy\u1ec3n h\u01b0\u1edbng ti\u00eau \u0111i\u1ec3m ngay l\u1eadp t\u1ee9c v\u1edbi PTC310UV2 th\u1eadt s\u1ef1 d\u1ec5 d\u00e0ng. Ch\u1ec9 c\u1ea7n nh\u1ea5p v\u00e0o m\u1ee5c ti\u00eau v\u00e0 nhanh ch\u00f3ng \u0111i\u1ec1u ch\u1ec9nh g\u00f3c ch\u1ee5p l\u00e0 b\u1ea1n c\u00f3 th\u1ec3 b\u1eaft \u0111\u1ea7u theo d\u00f5i m\u1ee5c ti\u00eau ch\u00ednh x\u00e1c. T\u00ednh n\u0103ng n\u00e2ng cao n\u00e0y d\u1ec5 d\u00e0ng \u0111i\u1ec1u khi\u1ec3n v\u00e0 s\u1eed d\u1ee5ng v\u1edbi b\u1ea5t k\u1ef3 ai th\u00f4ng qua \u0111i\u1ec1u khi\u1ec3n t\u1eeb xa ho\u1eb7c giao di\u1ec7n Web UI.\u00a0<\/p>\n<h3><strong>Ch\u1ebf \u0111\u1ed9 theo d\u00f5i ng\u01b0\u1eddi thuy\u1ebft tr\u00ecnh \u2013 Presenter Mode<\/strong>\u00a0<\/h3>\n<p>Theo s\u00e1t m\u1ee5c ti\u00eau c\u1ee7a b\u1ea1n \u0111\u1ebfn m\u1ecdi n\u01a1i v\u1edbi ch\u1ebf \u0111\u1ed9 Presenter Mode hay ch\u1ebf \u0111\u1ed9 theo d\u00f5i ng\u01b0\u1eddi thuy\u1ebft tr\u00ecnh. T\u00ednh n\u0103ng n\u00e0y cho ph\u00e9p ng\u01b0\u1eddi thuy\u1ebft tr\u00ecnh linh ho\u1ea1t r\u1eddi kh\u1ecfi s\u00e2n kh\u1ea5u v\u00e0 t\u01b0\u01a1ng t\u00e1c v\u1edbi kh\u00e1n gi\u1ea3, t\u1ea5t c\u1ea3 \u0111\u1ec1u \u0111\u01b0\u1ee3c theo d\u00f5i s\u00e1t sao. Camera PTC310UV2 lu\u00f4n kh\u00f3a ch\u1eb7t m\u1ee5c ti\u00eau theo d\u00f5i, ngay c\u1ea3 khi ng\u01b0\u1eddi kh\u00e1c ho\u1eb7c v\u1eadt th\u1ec3 kh\u00e1c c\u1ea3n \u0111\u01b0\u1eddng.\u00a0<\/p>\n<p style=\"text-align: center\"><img decoding=\"async\" alt=\"AVer PTC310UV2 t\u00ednh n\u0103ng theo d\u00f5i ng\u01b0\u1eddi thuy\u1ebft tr\u00ecnh\" src=\"http:\/\/hophoinghi.vn\/wp-content\/uploads\/2024\/06\/presenter-mode_c8d6e19e111540b6b831419e64e3c132_grande.png\" title=\"presenter-mode_c8d6e19e111540b6b831419e64e3c132_grande\"><\/p>\n<p style=\"text-align: center\"><em>AVer PTC310UV2 t\u00ednh n\u0103ng theo d\u00f5i ng\u01b0\u1eddi thuy\u1ebft tr\u00ecnh<\/em><\/p>\n<h3 style=\"text-align: justify\"><strong>Zone Mode \u00a0\u2013 Ch\u1ebf \u0111\u1ed9 v\u00f9ng\u00a0<\/strong><\/h3>\n<p style=\"text-align: justify\">Ch\u1ebf \u0111\u1ed9 chia v\u00f9ng \u2013 Zone Mode gi\u00fap t\u0103ng c\u01b0\u1eddng kh\u1ea3 n\u0103ng n\u1eafm b\u1eaft \u0111\u1ed1i t\u01b0\u1ee3ng c\u1ee7a b\u1ea1n tr\u00ean nhi\u1ec1u v\u00f9ng hi\u1ec3n th\u1ecb. T\u1ea1o t\u1ed1i \u0111a b\u1ed1n v\u00f9ng n\u1ed9i dung \u0111\u1ec3 d\u1ec5 d\u00e0ng n\u1eafm b\u1eaft t\u1eebng chuy\u1ec3n \u0111\u1ed9ng c\u1ee7a \u0111\u1ed1i t\u01b0\u1ee3ng \u0111ang xu\u1ea5t hi\u1ec7n tr\u00ean m\u00e0n h\u00ecnh thay v\u00ec chuy\u1ec3n \u0111\u1ed9ng c\u1ee7a ng\u01b0\u1eddi thuy\u1ebft tr\u00ecnh.<\/p>\n<p style=\"text-align: center\"><img decoding=\"async\" alt=\"T\u00ednh n\u0103ng Zone Mode \u2013 Ch\u1ebf \u0111\u1ed9 chia v\u00f9ng\" src=\"http:\/\/hophoinghi.vn\/wp-content\/uploads\/2024\/06\/zoom-mode_4ca1021195c44074b63c0f549381b6b8_grande-2.png\" title=\"zoom-mode_4ca1021195c44074b63c0f549381b6b8_grande-2\"><\/p>\n<p style=\"text-align: center\"><em>T\u00ednh n\u0103ng Zone Mode \u2013 Ch\u1ebf \u0111\u1ed9 chia v\u00f9ng<\/em><\/p>\n<h3><strong>Ch\u1ebf \u0111\u1ed9 theo d\u00f5i k\u1ebft h\u1ee3p \u2013 Hybrid Mode\u00a0<\/strong><\/h3>\n<p>Ch\u1ebf \u0111\u1ed9 k\u1ebft h\u1ee3p gi\u00fap di\u1ec5n gi\u1ea3 \u0111\u01b0\u1ee3c t\u1ef1 do di chuy\u1ec3n t\u1ed1i \u0111a. B\u1eb1ng c\u00e1ch s\u1eed d\u1ee5ng c\u00e1c v\u1ecb tr\u00ed \u0111\u00e3 \u0111\u1eb7t tr\u01b0\u1edbc v\u00e0 theo d\u00f5i t\u1eebng ph\u00e2n \u0111o\u1ea1n, camera PTC310UV2 s\u1ebd t\u1ef1 \u0111\u1ed9ng ghi l\u1ea1i h\u00ecnh \u1ea3nh \u1edf ch\u1ebf \u0111\u1ed9 xem \u0111\u1ea7y \u0111\u1ee7 c\u1ee7a t\u1eebng v\u1ecb tr\u00ed \u0111\u1eb7t tr\u01b0\u1edbc khi ngh\u1ec7 s\u0129 di chuy\u1ec3n gi\u1eefa c\u00e1c v\u1ecb tr\u00ed \u0111\u00f3. N\u1ebfu ngh\u1ec7 s\u0129 r\u1eddi kh\u1ecfi c\u00e1c khu v\u1ef1c \u0111\u1eb7t tr\u01b0\u1edbc, camera s\u1ebd linh ho\u1ea1t chuy\u1ec3n \u0111\u1ed5i li\u1ec1n m\u1ea1ch sang ch\u1ebf \u0111\u1ed9 theo d\u00f5i v\u00e0 d\u1ec5 d\u00e0ng theo d\u00f5i ngh\u1ec7 s\u0129 m\u1ecdi l\u00fac m\u1ecdi n\u01a1i.<\/p>\n<p style=\"text-align: center\"><img decoding=\"async\" alt=\"AVer PTC310UV2 t\u00ednh n\u0103ng theo d\u00f5i k\u1ebft h\u1ee3p\" src=\"http:\/\/hophoinghi.vn\/wp-content\/uploads\/2024\/06\/hybrid-mode_907bdd12913c4f5f88f94cbe03e0dbd9_grande.png\" title=\"hybrid-mode_907bdd12913c4f5f88f94cbe03e0dbd9_grande\"><\/p>\n<p style=\"text-align: center\"><em>AVer PTC310UV2 t\u00ednh n\u0103ng theo d\u00f5i k\u1ebft h\u1ee3p<\/em><\/p>\n<p style=\"text-align: justify\">Li\u00ean h\u1ec7 ngay <strong>hophoinghi \u2013 <\/strong> \u2013 Nh\u1eadn ngay \u01b0u \u0111\u00e3i khi mua thi\u1ebft b\u1ecb h\u1ecdp tr\u1ef1c tuy\u1ebfn AVer v\u00e0 \u0110\u0103ng k\u00fd tr\u1ea3i nghi\u1ec7m thi\u1ebft b\u1ecb h\u1ecdp tr\u1ef1c tuy\u1ebfn ho\u00e0n to\u00e0n mi\u1ec5n ph\u00ed!<\/p>\n<\/div><\/div>","protected":false},"excerpt":{"rendered":"<p>AVer PTC310UV2 AI Auto Tracking l\u00e0 camera h\u1ed9i ngh\u1ecb PTZ chuy\u00ean d\u1ee5ng Camera PTZ AI Auto Tracking PTC310UV2 cung c\u1ea5p kh\u1ea3 n\u0103ng Pro AV m\u1ea1nh m\u1ebd v\u00e0 \u0111\u00e1ng tin c\u1eady cho m\u1ecdi ng\u01b0\u1eddi. L\u1ea5y c\u1ea3m h\u1ee9ng t\u1eeb d\u00f2ng camera PTZ chuy\u00ean nghi\u1ec7p, AVer PTC310UV2 c\u00f3 c\u00e1c ch\u1ee9c n\u0103ng AI n\u1ed9i b\u1ed9 nh\u01b0 Ch\u1ebf \u0111\u1ed9 tr\u00ecnh [&#8230;]","protected":false},"featured_media":10888,"comment_status":"closed","ping_status":"closed","template":"","meta":[],"pwb-brand":[],"product_cat":[2851],"product_tag":[25],"class_list":{"0":"post-10887","1":"product","2":"type-product","3":"status-publish","4":"has-post-thumbnail","6":"product_cat-camera-pro-av-ptz","7":"product_tag-man","9":"first","10":"instock","11":"shipping-taxable","12":"product-type-simple"},"brands":[],"_links":{"self":[{"href":"https:\/\/hophoinghi.vn\/ar\/wp-json\/wp\/v2\/product\/10887","targetHints":{"allow":["GET"]}}],"collection":[{"href":"https:\/\/hophoinghi.vn\/ar\/wp-json\/wp\/v2\/product"}],"about":[{"href":"https:\/\/hophoinghi.vn\/ar\/wp-json\/wp\/v2\/types\/product"}],"replies":[{"embeddable":true,"href":"https:\/\/hophoinghi.vn\/ar\/wp-json\/wp\/v2\/comments?post=10887"}],"wp:featuredmedia":[{"embeddable":true,"href":"https:\/\/hophoinghi.vn\/ar\/wp-json\/wp\/v2\/media\/10888"}],"wp:attachment":[{"href":"https:\/\/hophoinghi.vn\/ar\/wp-json\/wp\/v2\/media?parent=10887"}],"wp:term":[{"taxonomy":"pwb-brand","embeddable":true,"href":"https:\/\/hophoinghi.vn\/ar\/wp-json\/wp\/v2\/pwb-brand?post=10887"},{"taxonomy":"product_cat","embeddable":true,"href":"https:\/\/hophoinghi.vn\/ar\/wp-json\/wp\/v2\/product_cat?post=10887"},{"taxonomy":"product_tag","embeddable":true,"href":"https:\/\/hophoinghi.vn\/ar\/wp-json\/wp\/v2\/product_tag?post=10887"}],"curies":[{"name":"wp","href":"https:\/\/api.w.org\/{rel}","templated":true}]}}