{"id":10990,"date":"2024-06-26T21:58:51","date_gmt":"2024-06-26T14:58:51","guid":{"rendered":"https:\/\/hophoinghi.vn\/product\/itc-g-series\/"},"modified":"2024-06-26T21:59:04","modified_gmt":"2024-06-26T14:59:04","slug":"itc-g-series","status":"publish","type":"product","link":"https:\/\/hophoinghi.vn\/ar\/-product-\/itc-g-series\/","title":{"rendered":"ITC G Series"},"content":{"rendered":"<div class=\"desc-content-js\">\n<p style=\"margin-bottom: 11px;text-align: justify\"><span style=\"font-size:16px\"><span style=\"line-height:107%\"><span style=\"font-family:Arial,sans-serif\">ITC G Series l\u00e0 m\u00e0n h\u00ecnh LED All-in-one, t\u00edch h\u1ee3p nhi\u1ec1u ch\u1ee9c n\u0103ng cao c\u1ea5p. V\u1edbi tu\u1ed5i th\u1ecd s\u1eed d\u1ee5ng l\u00e2u d\u00e0i, t\u1ed1c \u0111\u1ed9 thay \u0111\u1ed5i khung h\u00ecnh nhanh, t\u1ed1c \u0111\u1ed9 l\u00e0m m\u1edbi cao, g\u00f3c nh\u00ecn r\u1ed9ng, \u0111\u1ed9 \u0111\u1ed3ng \u0111\u1ec1u t\u1ed1t v\u00e0 thang \u0111\u1ed9 x\u00e1m cao, d\u00f2ng s\u1ea3n ph\u1ea9m n\u00e0y r\u1ea5t ph\u1ed5 bi\u1ebfn trong gi\u1ea3ng \u0111\u01b0\u1eddng, ph\u00f2ng h\u1ed9i th\u1ea3o c\u1ee7a c\u00e1c tr\u01b0\u1eddng cao \u0111\u1eb3ng v\u00e0 \u0111\u1ea1i h\u1ecdc, c\u0169ng nh\u01b0 trong c\u00e1c s\u1ef1 ki\u1ec7n hi\u1ec3n th\u1ecb kh\u00e1c.<\/span><\/span><\/span><\/p>\n<p style=\"text-align: center\"><img decoding=\"async\" src=\"http:\/\/hophoinghi.vn\/wp-content\/uploads\/2024\/06\/itc-g-series-2_d0444b193d334f71bb6db13867e397e6_grande.png\" title=\"itc-g-series-2_d0444b193d334f71bb6db13867e397e6_grande\"><\/p>\n<p style=\"margin-bottom: 11px;text-align: center\"><em><span style=\"font-size:16px\"><span style=\"line-height:107%\"><span style=\"font-family:Arial,sans-serif\">ITC G Series m\u00e0n h\u00ecnh LED All-in-one<\/span><\/span><\/span><\/em><\/p>\n<h2 style=\"margin-bottom: 11px;text-align: justify\"><span style=\"font-size:18px\"><span style=\"line-height:107%\"><span style=\"font-family:Arial,sans-serif\"><strong>Gi\u1edbi thi\u1ec7u v\u1ec1 m\u00e0n h\u00ecnh LED ITC G Series<\/strong><\/span><\/span><\/span><\/h2>\n<ul>\n<li style=\"margin-left: 8px;text-align: justify\"><span style=\"font-size:16px\"><span style=\"line-height:107%\"><span style=\"font-family:Arial,sans-serif\">\u1ee8ng d\u1ee5ng trong ng\u00e0nh: Ph\u00f2ng h\u1ed9i ngh\u1ecb<\/span><\/span><\/span><\/li>\n<li style=\"margin-left: 8px;text-align: justify\"><span style=\"font-size:16px\"><span style=\"line-height:107%\"><span style=\"font-family:Arial,sans-serif\">K\u00edch th\u01b0\u1edbc m\u00e0n h\u00ecnh ( inch ): 110\/ 138\/ 165<\/span><\/span><\/span><\/li>\n<li style=\"margin-bottom: 11px;margin-left: 8px;text-align: justify\"><span style=\"font-size:16px\"><span style=\"line-height:107%\"><span style=\"font-family:Arial,sans-serif\">Lo\u1ea1i \u0111\u00e8n LED:\u00a0\u00a0 M\u00e0n h\u00ecnh LED t\u1ea5t c\u1ea3 trong m\u1ed9t<\/span><\/span><\/span><\/li>\n<\/ul>\n<h3 style=\"margin-bottom: 11px;text-align: justify\"><span style=\"font-size:18px\"><span style=\"line-height:107%\"><span style=\"font-family:Arial,sans-serif\"><strong>Gi\u1edbi thi\u1ec7u m\u00e0n h\u00ecnh LED All-in-one ITC G Series<\/strong><\/span><\/span><\/span><\/h3>\n<h4 style=\"margin-bottom: 11px;text-align: justify\"><span style=\"font-size:16px\"><span style=\"line-height:107%\"><span style=\"font-family:Arial,sans-serif\"><strong>M\u00e0n h\u00ecnh kh\u00f4ng c\u00f3 \u201cvi\u1ec1n\u201d<\/strong><\/span><\/span><\/span><\/h4>\n<p style=\"margin-bottom: 11px;text-align: justify\"><span style=\"font-size:16px\"><span style=\"line-height:107%\"><span style=\"font-family:Arial,sans-serif\">V\u1edbi t\u1ef7 l\u1ec7 m\u00e0n h\u00ecnh l\u00ean \u0111\u1ebfn 99%, ITC G Series mang l\u1ea1i tr\u1ea3i nghi\u1ec7m xem h\u00ecnh \u1ea3nh m\u1ea1nh m\u1ebd v\u00e0 h\u1ea5p d\u1eabn m\u00e0 kh\u00f4ng c\u00f3 &#8220;vi\u1ec1n&#8221; g\u00e2y kh\u00f3 ch\u1ecbu.<\/span><\/span><\/span><\/p>\n<p style=\"text-align: center\"><img decoding=\"async\" src=\"http:\/\/hophoinghi.vn\/wp-content\/uploads\/2024\/06\/itc-g-series-man-hinh-led-all-in-one-nano_c10bea70f9f545a8b2eee7f58618cef8_grande.png\" title=\"itc-g-series-man-hinh-led-all-in-one-nano_c10bea70f9f545a8b2eee7f58618cef8_grande\"><\/p>\n<p style=\"margin-bottom: 11px;text-align: center\"><em><span style=\"font-size:16px\"><span style=\"line-height:107%\"><span style=\"font-family:Arial,sans-serif\">ITC G Series <\/span><\/span>kh\u00f4ng vi\u1ec1n li\u1ec1n m\u1ea1ch<\/span><\/em><\/p>\n<h4 style=\"margin-bottom: 11px;text-align: justify\"><span style=\"font-size:16px\"><span style=\"line-height:107%\"><span style=\"font-family:Arial,sans-serif\"><strong>T\u00edch h\u1ee3p c\u00f4ng ngh\u1ec7 HDR<\/strong><strong> ti\u00ean ti\u1ebfn<\/strong><\/span><\/span><\/span><\/h4>\n<p style=\"margin-bottom: 11px;text-align: justify\"><span style=\"font-size:16px\"><span style=\"line-height:107%\"><span style=\"font-family:Arial,sans-serif\">C\u00f4ng ngh\u1ec7 HDR \u0111\u01b0\u1ee3c t\u00edch h\u1ee3p gi\u00fap n\u00e2ng cao ch\u1ea5t l\u01b0\u1ee3ng h\u00ecnh \u1ea3nh v\u1edbi vi\u1ec7c hi\u1ec3n th\u1ecb n\u1ed9i dung nhi\u1ec1u chi ti\u1ebft h\u01a1n, s\u1ed1ng \u0111\u1ed9ng v\u00e0 r\u00f5 r\u00e0ng h\u01a1n h\u01a1n so v\u1edbi h\u00ecnh \u1ea3nh th\u00f4ng th\u01b0\u1eddng.<\/span><\/span><\/span><\/p>\n<p style=\"text-align: center\"><img decoding=\"async\" src=\"http:\/\/hophoinghi.vn\/wp-content\/uploads\/2024\/06\/itc-g-series-man-hinh-led-all-in-one-hdr_2af4d1a229b74892b4191b48c96f342f_grande.png\" title=\"itc-g-series-man-hinh-led-all-in-one-hdr_2af4d1a229b74892b4191b48c96f342f_grande\"><\/p>\n<p style=\"margin-bottom: 11px;text-align: center\"><em><span style=\"font-size:16px\"><span style=\"line-height:107%\"><span style=\"font-family:Arial,sans-serif\">C\u00f4ng ngh\u1ec7 HDR<\/span><\/span><\/span><\/em><\/p>\n<h4 style=\"margin-bottom: 11px;text-align: justify\"><span style=\"font-size:16px\"><span style=\"line-height:107%\"><span style=\"font-family:Arial,sans-serif\"><strong>N\u00e2ng c\u1ea5p v\u1edbi g\u00f3c nh\u00ecn c\u1ef1c r\u1ed9ng<\/strong><\/span><\/span><\/span><\/h4>\n<p style=\"margin-bottom: 11px;text-align: justify\"><span style=\"font-size:16px\"><span style=\"line-height:107%\"><span style=\"font-family:Arial,sans-serif\">V\u1edbi g\u00f3c nh\u00ecn ngang\/d\u1ecdc l\u00ean \u0111\u1ebfn \u2265175\u00b0, m\u1ecdi ng\u01b0\u1eddi \u0111\u1ec1u c\u00f3 th\u1ec3 th\u01b0\u1edfng th\u1ee9c h\u00ecnh \u1ea3nh m\u1ed9t c\u00e1ch r\u00f5 r\u00e0ng v\u00e0 s\u1eafc n\u00e9t t\u1eeb m\u1ecdi g\u00f3c \u0111\u1ed9.<\/span><\/span><\/span><\/p>\n<p style=\"text-align: center\"><img decoding=\"async\" src=\"http:\/\/hophoinghi.vn\/wp-content\/uploads\/2024\/06\/itc-g-series-man-hinh-led-all-in-one-goc-nhin-rong_7efe5329b76c41b883d766a92e9eaf92_grande.png\" title=\"itc-g-series-man-hinh-led-all-in-one-goc-nhin-rong_7efe5329b76c41b883d766a92e9eaf92_grande\"><\/p>\n<p style=\"margin-bottom: 11px;text-align: center\"><em><span style=\"font-size:16px\"><span style=\"line-height:107%\"><span style=\"font-family:Arial,sans-serif\">ITC G Series v\u1edbi g\u00f3c nh\u00ecn ngang\/d\u1ecdc c\u1ef1c r\u1ed9ng<\/span><\/span><\/span><\/em><\/p>\n<h4 style=\"margin-bottom: 11px;text-align: justify\"><span style=\"font-size:16px\"><span style=\"line-height:107%\"><span style=\"font-family:Arial,sans-serif\"><strong>K\u1ebft n\u1ed1i li\u1ec1n m\u1ea1ch <\/strong><strong>si\u00eau \u0111\u1eb9p<\/strong><\/span><\/span><\/span><\/h4>\n<p style=\"margin-bottom: 11px;text-align: justify\"><span style=\"font-size:16px\"><span style=\"line-height:107%\"><span style=\"font-family:Arial,sans-serif\">C\u00e1c module m\u00e0n h\u00ecnh LED s\u1ebd \u0111\u01b0\u1ee3c k\u1ebft n\u1ed1i li\u1ec1n m\u1ea1ch, \u0111i\u1ec1u n\u00e0y gi\u00fap truy\u1ec1n t\u00edn hi\u1ec7u nhanh ch\u00f3ng v\u00e0 hi\u1ec7u qu\u1ea3, mang l\u1ea1i h\u00ecnh \u1ea3nh \u0111\u1ea7y \u0111\u1ee7 v\u00e0 r\u00f5 r\u00e0ng m\u00e0 kh\u00f4ng c\u00f3 s\u1ef1 gi\u00e1n \u0111o\u1ea1n.<\/span><\/span><\/span><\/p>\n<p style=\"text-align: center\"><img decoding=\"async\" src=\"http:\/\/hophoinghi.vn\/wp-content\/uploads\/2024\/06\/itc-g-series-man-hinh-led-all-in-one-ket-noi-lien-mach_e904cfa5f486478a90b2f9b4f7f7903e_grande.png\" title=\"itc-g-series-man-hinh-led-all-in-one-ket-noi-lien-mach_e904cfa5f486478a90b2f9b4f7f7903e_grande\"><\/p>\n<p style=\"margin-bottom: 11px;text-align: center\"><em><span style=\"font-size:16px\"><span style=\"line-height:107%\"><span style=\"font-family:Arial,sans-serif\">C\u00e1c module m\u00e0n h\u00ecnh LED s\u1ebd \u0111\u01b0\u1ee3c k\u1ebft n\u1ed1i li\u1ec1n m\u1ea1ch<\/span><\/span><\/span><\/em><\/p>\n<p style=\"margin-bottom: 11px;text-align: justify\"><span style=\"font-size:16px\"><span style=\"line-height:107%\"><span style=\"font-family:Arial,sans-serif\">V\u1edbi nh\u1eefng t\u00ednh n\u0103ng n\u1ed5i b\u1eadt n\u00eau tr\u00ean, m\u00e0n h\u00ecnh LED all-in-one ITC G Series kh\u00f4ng ch\u1ec9 l\u00e0 m\u1ed9t l\u1ef1a ch\u1ecdn l\u00fd t\u01b0\u1edfng cho c\u00e1c tr\u01b0\u1eddng h\u1ecdc, ph\u00f2ng h\u1ecdp, h\u1ed9i tr\u01b0\u1eddng c\u1ee7a doanh nghi\u1ec7p hay c\u00e1c s\u1ef1 ki\u1ec7n tr\u00ecnh di\u1ec5n, m\u00e0 \u0111\u00e2y c\u00f2n l\u00e0 m\u1ed9t c\u00f4ng c\u1ee5 m\u1ea1nh m\u1ebd \u0111\u1ec3 t\u1ea1o ra tr\u1ea3i nghi\u1ec7m h\u00ecnh \u1ea3nh tuy\u1ec7t v\u1eddi trong m\u1ecdi t\u00ecnh hu\u1ed1ng s\u1eed d\u1ee5ng.<\/span><\/span><\/span><\/p>\n<\/p><\/div>","protected":false},"excerpt":{"rendered":"<p>ITC G Series l\u00e0 m\u00e0n h\u00ecnh LED All-in-one, t\u00edch h\u1ee3p nhi\u1ec1u ch\u1ee9c n\u0103ng cao c\u1ea5p. V\u1edbi tu\u1ed5i th\u1ecd s\u1eed d\u1ee5ng l\u00e2u d\u00e0i, t\u1ed1c \u0111\u1ed9 thay \u0111\u1ed5i khung h\u00ecnh nhanh, t\u1ed1c \u0111\u1ed9 l\u00e0m m\u1edbi cao, g\u00f3c nh\u00ecn r\u1ed9ng, \u0111\u1ed9 \u0111\u1ed3ng \u0111\u1ec1u t\u1ed1t v\u00e0 thang \u0111\u1ed9 x\u00e1m cao, d\u00f2ng s\u1ea3n ph\u1ea9m n\u00e0y r\u1ea5t ph\u1ed5 bi\u1ebfn trong gi\u1ea3ng [&#8230;]","protected":false},"featured_media":10991,"comment_status":"closed","ping_status":"closed","template":"","meta":[],"pwb-brand":[],"product_cat":[2856],"product_tag":[25],"class_list":{"0":"post-10990","1":"product","2":"type-product","3":"status-publish","4":"has-post-thumbnail","6":"product_cat-man-hinh-led-hoi-nghi","7":"product_tag-man","9":"first","10":"instock","11":"shipping-taxable","12":"product-type-simple"},"brands":[],"_links":{"self":[{"href":"https:\/\/hophoinghi.vn\/ar\/wp-json\/wp\/v2\/product\/10990","targetHints":{"allow":["GET"]}}],"collection":[{"href":"https:\/\/hophoinghi.vn\/ar\/wp-json\/wp\/v2\/product"}],"about":[{"href":"https:\/\/hophoinghi.vn\/ar\/wp-json\/wp\/v2\/types\/product"}],"replies":[{"embeddable":true,"href":"https:\/\/hophoinghi.vn\/ar\/wp-json\/wp\/v2\/comments?post=10990"}],"wp:featuredmedia":[{"embeddable":true,"href":"https:\/\/hophoinghi.vn\/ar\/wp-json\/wp\/v2\/media\/10991"}],"wp:attachment":[{"href":"https:\/\/hophoinghi.vn\/ar\/wp-json\/wp\/v2\/media?parent=10990"}],"wp:term":[{"taxonomy":"pwb-brand","embeddable":true,"href":"https:\/\/hophoinghi.vn\/ar\/wp-json\/wp\/v2\/pwb-brand?post=10990"},{"taxonomy":"product_cat","embeddable":true,"href":"https:\/\/hophoinghi.vn\/ar\/wp-json\/wp\/v2\/product_cat?post=10990"},{"taxonomy":"product_tag","embeddable":true,"href":"https:\/\/hophoinghi.vn\/ar\/wp-json\/wp\/v2\/product_tag?post=10990"}],"curies":[{"name":"wp","href":"https:\/\/api.w.org\/{rel}","templated":true}]}}