{"id":11615,"date":"2024-07-09T22:30:08","date_gmt":"2024-07-09T15:30:08","guid":{"rendered":"https:\/\/hophoinghi.vn\/-product-\/yealink-cpe90-microphone\/"},"modified":"2024-07-09T22:30:13","modified_gmt":"2024-07-09T15:30:13","slug":"yealink-cpe90-microphone","status":"publish","type":"product","link":"https:\/\/hophoinghi.vn\/bn\/-product-\/yealink-cpe90-microphone\/","title":{"rendered":"Yealink CPE90 Microphone"},"content":{"rendered":"<div class=\"desc-content-js\">\n<h2 style=\"text-align: justify\"><span style=\"font-size:16px\"><strong>Micro m\u1edf r\u1ed9ng Yealink CPE90<\/strong><\/span><\/h2>\n<ul>\n<li style=\"text-align: justify\"><span style=\"font-size:16px\">Gi\u1ecdng n\u00f3i Optima HD<\/span><\/li>\n<li style=\"text-align: justify\"><span style=\"font-size:16px\">C\u00f4ng ngh\u1ec7 song c\u00f4ng<\/span><\/li>\n<li style=\"text-align: justify\"><span style=\"font-size:16px\">Nh\u1eadn gi\u1ecdng n\u00f3i 360 \u00b0 10 foot (3 m\u00e9t)<\/span><\/li>\n<li style=\"text-align: justify\"><span style=\"font-size:16px\">H\u1ee7y ti\u1ebfng v\u1ecdng<\/span><\/li>\n<li style=\"text-align: justify\"><span style=\"font-size:16px\">B\u00e0n di chu\u1ed9t t\u1eaft ti\u1ebfng \u0111i\u1ec7n dung v\u1edbi \u0111\u00e8n LED hai m\u00e0u<\/span><\/li>\n<li style=\"text-align: justify\"><span style=\"font-size:16px\">L\u00e0m vi\u1ec7c v\u1edbi H\u1ed9i ngh\u1ecb IP Yealink CP960<\/span><\/li>\n<li style=\"text-align: justify\"><span style=\"font-size:16px\">Chi\u1ec1u d\u00e0i c\u00e1p k\u1ebft n\u1ed1i: 1,8 m\u00e9t<\/span><\/li>\n<li style=\"text-align: justify\"><span style=\"font-size:16px\">1 x c\u1ed5ng RJ9 (4P4C) \u0111\u1ec3 k\u1ebft n\u1ed1i v\u1edbi CP960<\/span><\/li>\n<li style=\"text-align: justify\"><span style=\"font-size:16px\">K\u00edch th\u01b0\u1edbc (W * D * H): 85,98mm * 85,98mm * 16,35mm<\/span><\/li>\n<li style=\"text-align: justify\"><span style=\"font-size:16px\">\u0110\u1ed9 \u1ea9m ho\u1ea1t \u0111\u1ed9ng: 10 ~ 95%<\/span><\/li>\n<li style=\"text-align: justify\"><span style=\"font-size:16px\">Nhi\u1ec7t \u0111\u1ed9 b\u1ea3o qu\u1ea3n: -10 ~ 50 \u00b0 C<\/span><\/li>\n<\/ul><\/div>","protected":false},"excerpt":{"rendered":"<p>Micro m\u1edf r\u1ed9ng Yealink CPE90 Gi\u1ecdng n\u00f3i Optima HD C\u00f4ng ngh\u1ec7 song c\u00f4ng Nh\u1eadn gi\u1ecdng n\u00f3i 360 \u00b0 10 foot (3 m\u00e9t) H\u1ee7y ti\u1ebfng v\u1ecdng B\u00e0n di chu\u1ed9t t\u1eaft ti\u1ebfng \u0111i\u1ec7n dung v\u1edbi \u0111\u00e8n LED hai m\u00e0u L\u00e0m vi\u1ec7c v\u1edbi H\u1ed9i ngh\u1ecb IP Yealink CP960 Chi\u1ec1u d\u00e0i c\u00e1p k\u1ebft n\u1ed1i: 1,8 m\u00e9t 1 x c\u1ed5ng [&#8230;]","protected":false},"featured_media":0,"comment_status":"closed","ping_status":"closed","template":"","meta":[],"pwb-brand":[],"product_cat":[2850],"product_tag":[],"class_list":{"0":"post-11615","1":"product","2":"type-product","3":"status-publish","5":"product_cat-speakerphone-microphone","7":"first","8":"instock","9":"shipping-taxable","10":"product-type-simple"},"brands":[],"_links":{"self":[{"href":"https:\/\/hophoinghi.vn\/bn\/wp-json\/wp\/v2\/product\/11615","targetHints":{"allow":["GET"]}}],"collection":[{"href":"https:\/\/hophoinghi.vn\/bn\/wp-json\/wp\/v2\/product"}],"about":[{"href":"https:\/\/hophoinghi.vn\/bn\/wp-json\/wp\/v2\/types\/product"}],"replies":[{"embeddable":true,"href":"https:\/\/hophoinghi.vn\/bn\/wp-json\/wp\/v2\/comments?post=11615"}],"wp:attachment":[{"href":"https:\/\/hophoinghi.vn\/bn\/wp-json\/wp\/v2\/media?parent=11615"}],"wp:term":[{"taxonomy":"pwb-brand","embeddable":true,"href":"https:\/\/hophoinghi.vn\/bn\/wp-json\/wp\/v2\/pwb-brand?post=11615"},{"taxonomy":"product_cat","embeddable":true,"href":"https:\/\/hophoinghi.vn\/bn\/wp-json\/wp\/v2\/product_cat?post=11615"},{"taxonomy":"product_tag","embeddable":true,"href":"https:\/\/hophoinghi.vn\/bn\/wp-json\/wp\/v2\/product_tag?post=11615"}],"curies":[{"name":"wp","href":"https:\/\/api.w.org\/{rel}","templated":true}]}}