{"id":11162,"date":"2024-06-26T22:52:34","date_gmt":"2024-06-26T15:52:34","guid":{"rendered":"https:\/\/hophoinghi.vn\/product\/logitech-connect\/"},"modified":"2024-06-26T22:52:41","modified_gmt":"2024-06-26T15:52:41","slug":"logitech-connect","status":"publish","type":"product","link":"https:\/\/hophoinghi.vn\/de\/-product-\/logitech-connect\/","title":{"rendered":"Logitech Connect"},"content":{"rendered":"<div class=\"desc-content-js\">\n<h1 style=\"text-align: justify;margin-bottom: 11px\"><strong><span style=\"font-size:11pt\"><span style=\"line-height:107%\"><span style=\"font-family:Arial,sans-serif\">Logitech Connect Webcam H\u1ed9i Ngh\u1ecb Di \u0110\u1ed9ng Ho\u00e0n H\u1ea3o<\/span><\/span><\/span><\/strong><\/h1>\n<h2 style=\"text-align: justify;margin-bottom: 11px\"><span style=\"font-size:11pt\"><span style=\"line-height:107%\"><span style=\"font-family:Arial,sans-serif\"><strong>Webcam Logitech Connect Linh Ho\u1ea1t Cho M\u1ecdi Kh\u00f4ng Gian L\u00e0m Vi\u1ec7c<\/strong><\/span><\/span><\/span><\/h2>\n<p style=\"text-align:justify;margin-bottom:11px\"><span style=\"font-size:11pt\"><span style=\"line-height:107%\"><span style=\"font-family:Arial,sans-serif\">Logitech Connect \u0111\u01a1n gi\u1ea3n h\u00f3a h\u1ed9i ngh\u1ecb truy\u1ec1n h\u00ecnh, gi\u00fap b\u1ea5t k\u1ef3 ai c\u0169ng c\u00f3 th\u1ec3 thi\u1ebft l\u1eadp v\u00e0 \u0111i\u1ec1u h\u00e0nh cu\u1ed9c h\u1ecdp \u1edf b\u1ea5t c\u1ee9 \u0111\u00e2u. V\u1edbi m\u1ee9c gi\u00e1 h\u1ee3p l\u00fd, b\u1ea1n c\u00f3 th\u1ec3 trang b\u1ecb ti\u1ec7n \u00edch video cho m\u1ecdi ph\u00f2ng h\u1ed9i ngh\u1ecb. \u0110\u01b0\u1ee3c thi\u1ebft k\u1ebf cho c\u00e1c ph\u00f2ng nh\u1ecf v\u00e0 v\u0103n ph\u00f2ng t\u1ea1i nh\u00e0, Logitech Connect nh\u1ecf g\u1ecdn v\u00e0 di \u0111\u1ed9ng, cho ph\u00e9p b\u1ea1n mang theo b\u1ea5t c\u1ee9 \u0111\u00e2u, t\u1eeb n\u01a1i l\u00e0m vi\u1ec7c \u0111\u1ebfn c\u00e1c cu\u1ed9c h\u1ecdp xa. Connect lu\u00f4n s\u1eb5n s\u00e0ng cho cu\u1ed9c g\u1ecdi h\u1ed9i ngh\u1ecb ti\u1ebfp theo c\u1ee7a b\u1ea1n.<\/span><\/span><\/span><\/p>\n<p style=\"text-align: center\"><img decoding=\"async\" src=\"http:\/\/hophoinghi.vn\/wp-content\/uploads\/2024\/06\/logitech-connect-phong-hop_b2303e150d8c4609bb7232aa4aa7e880_grande.png\" title=\"logitech-connect-phong-hop_b2303e150d8c4609bb7232aa4aa7e880_grande\"><\/p>\n<h2 style=\"text-align: justify;margin-bottom: 11px\"><span style=\"font-size:11pt\"><span style=\"line-height:107%\"><span style=\"font-family:Arial,sans-serif\"><strong>Camera H\u1ed9i Ngh\u1ecb Ho\u00e0n H\u1ea3o Cho Kh\u00f4ng Gian Nh\u1ecf<\/strong><\/span><\/span><\/span><\/h2>\n<p style=\"text-align:justify;margin-bottom:11px\"><span style=\"font-size:11pt\"><span style=\"line-height:107%\"><span style=\"font-family:Arial,sans-serif\">Logitech Connect kh\u00f4ng ch\u1ec9 n\u1ed5i b\u1eadt v\u1edbi thi\u1ebft k\u1ebf gi\u00e0nh gi\u1ea3i th\u01b0\u1edfng m\u00e0 c\u00f2n d\u1ec5 s\u1eed d\u1ee5ng \u0111\u1ebfn m\u1ee9c b\u1ea5t k\u1ef3 ai c\u0169ng c\u00f3 th\u1ec3 thi\u1ebft l\u1eadp. V\u1edbi chi ph\u00ed ph\u1ea3i ch\u0103ng, b\u1ea1n c\u00f3 th\u1ec3 trang b\u1ecb kh\u1ea3 n\u0103ng video cho m\u1ecdi ph\u00f2ng h\u1ecdp. Webcam Logitech connect \u0111\u01b0\u1ee3c thi\u1ebft k\u1ebf \u0111\u1ec3 \u0111\u1eb7t tr\u00ean b\u00e0n l\u00e0m vi\u1ec7c ho\u1eb7c trong c\u00e1c kh\u00f4ng gian nh\u1ecf, thi\u1ebft b\u1ecb n\u00e0y c\u00f3 camera v\u1edbi g\u00f3c nh\u00ecn r\u1ed9ng 90\u00b0, camera quay ngang, nghi\u00eang, zoom 4X, v\u1edbi \u1ed1ng k\u00ednh quang h\u1ecdc s\u1eafc n\u00e9t, gi\u00fap nh\u00ecn r\u00f5 m\u1ecdi ng\u01b0\u1eddi trong ph\u00f2ng m\u1ed9t c\u00e1ch d\u1ec5 d\u00e0ng.<\/span><\/span><\/span><\/p>\n<h2 style=\"text-align: justify;margin-bottom: 11px\"><span style=\"font-size:11pt\"><span style=\"line-height:107%\"><span style=\"font-family:Arial,sans-serif\"><strong>Thi\u1ebft K\u1ebf Di \u0110\u1ed9ng Nh\u1ecf G\u1ecdn<\/strong><\/span><\/span><\/span><\/h2>\n<p style=\"text-align:justify;margin-bottom:11px\"><span style=\"font-size:11pt\"><span style=\"line-height:107%\"><span style=\"font-family:Arial,sans-serif\">H\u00e3y mang h\u1ed9i ngh\u1ecb truy\u1ec1n h\u00ecnh theo b\u1ea1n m\u1ecdi n\u01a1i. Mang Connect \u0111\u1ebfn c\u00e1c cu\u1ed9c h\u1ecdp ho\u1eb7c \u0111\u00f3ng g\u00f3i khi di chuy\u1ec3n \u0111\u1ec3 kh\u00f4ng bao gi\u1edd b\u1ecf l\u1ee1 c\u01a1 h\u1ed9i h\u1ecdp m\u1eb7t tr\u1ef1c di\u1ec7n. V\u1edbi ch\u00e2n \u0111\u1ebf tr\u00ean b\u00e0n ch\u1ec9 75 mm, Connect ph\u00f9 h\u1ee3p v\u1edbi h\u1ea7u nh\u01b0 m\u1ecdi kh\u00f4ng gian. \u0110i\u1ec1u khi\u1ec3n c\u1ea7m tay c\u0169ng \u0111\u01b0\u1ee3c thi\u1ebft k\u1ebf \u0111\u1ec3 d\u1ec5 mang theo, c\u00f3 th\u1ec3 g\u1eafn l\u00e0m n\u1eafp th\u1ea5u k\u00ednh \u0111\u1ec3 tr\u00e1nh b\u1ecb r\u01a1i m\u1ea5t trong t\u00fai x\u00e1ch.<\/span><\/span><\/span><\/p>\n<h2 style=\"text-align: justify;margin-bottom: 11px\"><span style=\"font-size:11pt\"><span style=\"line-height:107%\"><span style=\"font-family:Arial,sans-serif\"><strong>Camera <\/strong><strong>Trang B\u1ecb Th\u1ea5u K\u00ednh Cao C\u1ea5p<\/strong><\/span><\/span><\/span><\/h2>\n<p style=\"text-align:justify;margin-bottom:11px\"><span style=\"font-size:11pt\"><span style=\"line-height:107%\"><span style=\"font-family:Arial,sans-serif\">Logitech Connect \u0111\u01b0\u1ee3c trang b\u1ecb th\u1ea5u k\u00ednh cao c\u1ea5p, mang l\u1ea1i \u0111\u1ed9 r\u00f5 n\u00e9t t\u1ed1i \u0111a. Th\u01b0\u1edfng th\u1ee9c video t\u01b0\u01a1i s\u00e1ng, r\u00f5 r\u00e0ng v\u1edbi \u0111\u1ed9 s\u1eafc n\u00e9t v\u00e0 m\u00e0u s\u1eafc ch\u00ednh x\u00e1c, ngay c\u1ea3 khi ph\u00f3ng to. D\u1ec5 d\u00e0ng b\u1ea3o v\u1ec7 th\u1ea5u k\u00ednh kh\u1ecfi b\u1ee5i b\u1ea9n v\u00e0 v\u1ebft x\u01b0\u1edbc b\u1eb1ng c\u00e1ch g\u1eafn \u0111i\u1ec1u khi\u1ec3n t\u1eeb xa c\u00f3 nam ch\u00e2m l\u00ean.<\/span><\/span><\/span><\/p>\n<p style=\"text-align: center\"><img decoding=\"async\" src=\"http:\/\/hophoinghi.vn\/wp-content\/uploads\/2024\/06\/logitech-connect-thau-kinh-camera_982ea6b8f0ae4f9db02c090faf4a5e64_grande.png\" title=\"logitech-connect-thau-kinh-camera_982ea6b8f0ae4f9db02c090faf4a5e64_grande\"><\/p>\n<h2 style=\"text-align: justify;margin-bottom: 11px\"><span style=\"font-size:11pt\"><span style=\"line-height:107%\"><span style=\"font-family:Arial,sans-serif\"><strong>Thi\u1ebft B\u1ecb T\u01b0\u01a1ng Th\u00edch V\u1edbi \u1ee8ng D\u1ee5ng H\u1ed9i Ngh\u1ecb Truy\u1ec1n H\u00ecnh<\/strong><\/span><\/span><\/span><\/h2>\n<p style=\"text-align:justify;margin-bottom:11px\"><span style=\"font-size:11pt\"><span style=\"line-height:107%\"><span style=\"font-family:Arial,sans-serif\">Connect c\u00f3 k\u1ebft n\u1ed1i USB c\u1eafm v\u00e0o l\u00e0 ho\u1ea1t \u0111\u1ed9ng v\u1edbi c\u00e1c m\u00e1y t\u00ednh Windows\u00ae, m\u00e1y Mac v\u00e0 Chromebooks\u2122, v\u00e0 \u0111\u01b0\u1ee3c ch\u1ee9ng nh\u1eadn cho Skype\u00ae for Business. Thi\u1ebft b\u1ecb t\u01b0\u01a1ng th\u00edch v\u1edbi Cisco Jabber\u2122 v\u00e0 t\u00edch h\u1ee3p n\u00e2ng cao v\u1edbi BlueJeans, Broadsoft, LifeSize Cloud, Vidyo, v\u00e0 Zoom\u00ae.<\/span><\/span><\/span><\/p>\n<p style=\"text-align: center\"><img decoding=\"async\" src=\"http:\/\/hophoinghi.vn\/wp-content\/uploads\/2024\/06\/logitech-connect-tuong-thich-phan-mem_5e6b79118af640a48ab651bd53c64beb_grande.png\" title=\"logitech-connect-tuong-thich-phan-mem_5e6b79118af640a48ab651bd53c64beb_grande\"><\/p>\n<h2 style=\"text-align: justify;margin-bottom: 11px\"><span style=\"font-size:11pt\"><span style=\"line-height:107%\"><span style=\"font-family:Arial,sans-serif\"><strong>Kh\u1ea3 N\u0103ng K\u1ebft N\u1ed1i U<\/strong><strong>SB D\u1ec5 D\u00e0ng<\/strong><\/span><\/span><\/span><\/h2>\n<p style=\"text-align:justify;margin-bottom:11px\"><span style=\"font-size:11pt\"><span style=\"line-height:107%\"><span style=\"font-family:Arial,sans-serif\">Kh\u00f4ng c\u1ea7n c\u00e0i \u0111\u1eb7t hay thi\u1ebft l\u1eadp, kh\u00f4ng c\u1ea7n \u0111\u00e0o t\u1ea1o hay b\u1ea3o tr\u00ec, b\u1ea1n s\u1ebd d\u1ec5 d\u00e0ng t\u1ed5 ch\u1ee9c bu\u1ed5i h\u1ecdp tr\u1ef1c tuy\u1ebfn ch\u1ea5t l\u01b0\u1ee3ng ch\u01b0a bao gi\u1edd d\u1ec5 d\u00e0ng \u0111\u1ebfn th\u1ebf. B\u1ea1n ch\u1ec9 c\u1ea7n c\u1eafm webcame connect v\u00e0o m\u00e1y t\u00ednh, m\u00e1y Mac ho\u1eb7c Chromebook, thi\u1ebft b\u1ecb s\u1ebd ho\u1ea1t \u0111\u1ed9ng ngay l\u1eadp t\u1ee9c v\u1edbi webcam v\u00e0 thi\u1ebft b\u1ecb \u00e2m thanh c\u00f3 ph\u1ea7n m\u1ec1m h\u1ed9i ngh\u1ecb video c\u1ee7a b\u1ea1n.<\/span><\/span><\/span><\/p>\n<h2 style=\"text-align: justify;margin-bottom: 11px\"><span style=\"font-size:11pt\"><span style=\"line-height:107%\"><span style=\"font-family:Arial,sans-serif\"><strong>Kh\u1ea3 N\u0103ng B\u1ea3o M\u1eadt<\/strong><strong> &amp; \u0110\u1ea3m B\u1ea3o S\u1ef1 An To\u00e0n<\/strong><\/span><\/span><\/span><\/h2>\n<p style=\"text-align:justify;margin-bottom:11px\"><span style=\"font-size:11pt\"><span style=\"line-height:107%\"><span style=\"font-family:Arial,sans-serif\">\u0110i\u1ec1u khi\u1ec3n t\u1eeb xa c\u1ee7a Connect g\u1eafn l\u00ean th\u1ea5u k\u00ednh, t\u0103ng th\u00eam m\u1ee9c \u0111\u1ed9 ri\u00eang t\u01b0. Khe kh\u00f3a m\u00e1y Kensington cung c\u1ea5p gi\u1ea3i ph\u00e1p b\u1ea3o v\u1ec7 \u0111\u01a1n gi\u1ea3n kh\u1ecfi k\u1ebb tr\u1ed9m, gi\u00fap b\u1ea1n y\u00ean t\u00e2m khi s\u1eed d\u1ee5ng thi\u1ebft b\u1ecb.<\/span><\/span><\/span><\/p>\n<h2 style=\"text-align: justify;margin-bottom: 11px\"><span style=\"font-size:11pt\"><span style=\"line-height:107%\"><span style=\"font-family:Arial,sans-serif\"><strong>\u0110\u1eb7c \u0110i\u1ec3m N\u1ed5i B\u1eadt C\u1ee7a Webcam <\/strong><strong>H\u1ed9i Ngh\u1ecb Logitech Connect<\/strong><\/span><\/span><\/span><\/h2>\n<p style=\"text-align:justify;margin-bottom:11px\"><span style=\"font-size:11pt\"><span style=\"line-height:107%\"><span style=\"font-family:Arial,sans-serif\">Webcam Logitech Connect mang l\u1ea1i ch\u1ea5t l\u01b0\u1ee3ng h\u00ecnh \u1ea3nh v\u00e0 \u00e2m thanh ho\u00e0n h\u1ea3o. Gi\u00fap b\u1ea1n v\u00e0 nh\u00f3m c\u1ee7a b\u1ea1n c\u00f3 th\u1ec3 h\u1ecdp tr\u1ef1c tuy\u1ebfn m\u1ed9t c\u00e1ch nhanh ch\u00f3ng v\u00e0 \u0111\u01a1n gi\u1ea3n, n\u00e2ng cao hi\u1ec7u qu\u1ea3 c\u00f4ng vi\u1ec7c.<\/span><\/span><\/span><\/p>\n<ul>\n<li style=\"text-align:justify;margin-left:8px\"><span style=\"font-size:11pt\"><span style=\"line-height:107%\"><span style=\"font-family:Arial,sans-serif\">\u0110\u1ed9 ph\u00e2n gi\u1ea3i FullHD 1080p: Tr\u1ea3i nghi\u1ec7m h\u00ecnh \u1ea3nh trung th\u1ef1c v\u00e0 s\u1eafc n\u00e9t.<\/span><\/span><\/span><\/li>\n<li style=\"text-align:justify;margin-left:8px\"><span style=\"font-size:11pt\"><span style=\"line-height:107%\"><span style=\"font-family:Arial,sans-serif\">C\u00f4ng ngh\u1ec7 RightLight: \u0110\u1ea3m b\u1ea3o h\u00ecnh \u1ea3nh r\u00f5 n\u00e9t ngay c\u1ea3 trong \u0111i\u1ec1u ki\u1ec7n thi\u1ebfu s\u00e1ng.<\/span><\/span><\/span><\/li>\n<li style=\"text-align:justify;margin-left:8px\"><span style=\"font-size:11pt\"><span style=\"line-height:107%\"><span style=\"font-family:Arial,sans-serif\">Zoom quang 4x: Micro \u0111a h\u01b0\u1edbng v\u1edbi g\u00f3c thu 360 \u0111\u1ed9 v\u00e0 b\u00e1n k\u00ednh 3m.<\/span><\/span><\/span><\/li>\n<li style=\"text-align:justify;margin-left:8px\"><span style=\"font-size:11pt\"><span style=\"line-height:107%\"><span style=\"font-family:Arial,sans-serif\">Kh\u1eed v\u1ecdng v\u00e0 l\u1ecdc \u1ed3n: \u00c2m thanh r\u00f5 r\u00e0ng, trong tr\u1ebbo.<\/span><\/span><\/span><\/li>\n<li style=\"text-align:justify;margin-left:8px\"><span style=\"font-size:11pt\"><span style=\"line-height:107%\"><span style=\"font-family:Arial,sans-serif\">\u0110i\u1ec1u khi\u1ec3n d\u1ec5 d\u00e0ng: T\u0103ng gi\u1ea3m \u00e2m l\u01b0\u1ee3ng, xoay, zoom camera v\u1edbi remote \u0111i k\u00e8m.<\/span><\/span><\/span><\/li>\n<li style=\"text-align:justify;margin-left:8px\"><span style=\"font-size:11pt\"><span style=\"line-height:107%\"><span style=\"font-family:Arial,sans-serif\">K\u1ebft n\u1ed1i \u0111a d\u1ea1ng: H\u1ed7 tr\u1ee3 USB, Bluetooth, NFC.<\/span><\/span><\/span><\/li>\n<li style=\"text-align:justify;margin-bottom:11px;margin-left:8px\"><span style=\"font-size:11pt\"><span style=\"line-height:107%\"><span style=\"font-family:Arial,sans-serif\">Ph\u1ea7n m\u1ec1m t\u01b0\u01a1ng th\u00edch: TinyLink Conference, Skype, Google Hangout, v\u00e0 nhi\u1ec1u \u1ee9ng d\u1ee5ng kh\u00e1c.<\/span><\/span><\/span><\/li>\n<\/ul>\n<p style=\"text-align:justify;margin-bottom:11px\"><span style=\"font-size:11pt\"><span style=\"line-height:107%\"><span style=\"font-family:Arial,sans-serif\">Logitech Connect l\u00e0 gi\u1ea3i ph\u00e1p l\u00fd t\u01b0\u1edfng cho h\u1ecdp tr\u1ef1c tuy\u1ebfn hay h\u1ed9i ngh\u1ecb truy\u1ec1n h\u00ecnh, mang l\u1ea1i s\u1ef1 ti\u1ec7n l\u1ee3i v\u00e0 ch\u1ea5t l\u01b0\u1ee3ng cao trong m\u1ed9t thi\u1ebft b\u1ecb nh\u1ecf g\u1ecdn v\u00e0 d\u1ec5 s\u1eed d\u1ee5ng.<\/span><\/span><\/span><\/p>\n<\/p><\/div>","protected":false},"excerpt":{"rendered":"<p>Logitech Connect Webcam H\u1ed9i Ngh\u1ecb Di \u0110\u1ed9ng Ho\u00e0n H\u1ea3o Webcam Logitech Connect Linh Ho\u1ea1t Cho M\u1ecdi Kh\u00f4ng Gian L\u00e0m Vi\u1ec7c Logitech Connect \u0111\u01a1n gi\u1ea3n h\u00f3a h\u1ed9i ngh\u1ecb truy\u1ec1n h\u00ecnh, gi\u00fap b\u1ea5t k\u1ef3 ai c\u0169ng c\u00f3 th\u1ec3 thi\u1ebft l\u1eadp v\u00e0 \u0111i\u1ec1u h\u00e0nh cu\u1ed9c h\u1ecdp \u1edf b\u1ea5t c\u1ee9 \u0111\u00e2u. V\u1edbi m\u1ee9c gi\u00e1 h\u1ee3p l\u00fd, b\u1ea1n c\u00f3 th\u1ec3 [&#8230;]","protected":false},"featured_media":11163,"comment_status":"closed","ping_status":"closed","template":"","meta":[],"pwb-brand":[],"product_cat":[2849],"product_tag":[24,25,55],"class_list":{"0":"post-11162","1":"product","2":"type-product","3":"status-publish","4":"has-post-thumbnail","6":"product_cat-camera-hoi-nghi","7":"product_tag-jeans-2","8":"product_tag-man","9":"product_tag-run","11":"first","12":"instock","13":"shipping-taxable","14":"product-type-simple"},"brands":[],"_links":{"self":[{"href":"https:\/\/hophoinghi.vn\/de\/wp-json\/wp\/v2\/product\/11162","targetHints":{"allow":["GET"]}}],"collection":[{"href":"https:\/\/hophoinghi.vn\/de\/wp-json\/wp\/v2\/product"}],"about":[{"href":"https:\/\/hophoinghi.vn\/de\/wp-json\/wp\/v2\/types\/product"}],"replies":[{"embeddable":true,"href":"https:\/\/hophoinghi.vn\/de\/wp-json\/wp\/v2\/comments?post=11162"}],"wp:featuredmedia":[{"embeddable":true,"href":"https:\/\/hophoinghi.vn\/de\/wp-json\/wp\/v2\/media\/11163"}],"wp:attachment":[{"href":"https:\/\/hophoinghi.vn\/de\/wp-json\/wp\/v2\/media?parent=11162"}],"wp:term":[{"taxonomy":"pwb-brand","embeddable":true,"href":"https:\/\/hophoinghi.vn\/de\/wp-json\/wp\/v2\/pwb-brand?post=11162"},{"taxonomy":"product_cat","embeddable":true,"href":"https:\/\/hophoinghi.vn\/de\/wp-json\/wp\/v2\/product_cat?post=11162"},{"taxonomy":"product_tag","embeddable":true,"href":"https:\/\/hophoinghi.vn\/de\/wp-json\/wp\/v2\/product_tag?post=11162"}],"curies":[{"name":"wp","href":"https:\/\/api.w.org\/{rel}","templated":true}]}}