{"id":11256,"date":"2024-06-26T23:21:49","date_gmt":"2024-06-26T16:21:49","guid":{"rendered":"https:\/\/hophoinghi.vn\/product\/man-hinh-maxhub-led-display-gh31-series\/"},"modified":"2024-06-26T23:22:24","modified_gmt":"2024-06-26T16:22:24","slug":"man-hinh-maxhub-led-display-gh31-series","status":"publish","type":"product","link":"https:\/\/hophoinghi.vn\/en\/-product-\/man-hinh-maxhub-led-display-gh31-series\/","title":{"rendered":"M\u00c0N H\u00ccNH MAXHUB LED DISPLAY GH31 Series"},"content":{"rendered":"<div class=\"desc-content-js\">\n<p style=\"text-align: justify\"><strong>M\u00c0N H\u00ccNH MAXHUB LED DISPLAY GH31 SERIES<\/strong><\/p>\n<p><strong>M\u00e0n H\u00ecnh Led Maxhub GH31 Series<\/strong><\/p>\n<ul>\n<li>Thi\u1ebft k\u1ebf nh\u1ecf g\u1ecdn \u0111\u00e1ng kinh ng\u1ea1c<\/li>\n<li>K\u1ebft c\u1ea5u nh\u1eb9 6,2 Kg<\/li>\n<li>M\u00e0n h\u00ecnh si\u00eau m\u1ecfng 31mm, l\u1eafp \u0111\u1eb7t treo t\u01b0\u1eddng gi\u00fap ti\u1ebft ki\u1ec7m di\u1ec7n t\u00edch<\/li>\n<li>T\u1ef7 l\u1ec7 m\u00e0n h\u00ecnh 4:3 , hi\u1ec3n th\u1ecb pixel-to-pixel \u0111\u1ed9 n\u00e9t cao h\u01a1n<\/li>\n<\/ul>\n<div><strong>T\u00cdNH N\u0102NG<\/strong><br \/>\u0110\u01b0\u1ee3c t\u1ea1o ra v\u1edbi m\u1ee5c ti\u00eau mang \u0111\u1ebfn tr\u1ea3i nghi\u1ec7m xu\u1ea5t s\u1eafc, d\u00f2ng m\u00e0n h\u00ecnh Maxhub LED GH31 ph\u00f9 h\u1ee3p v\u1edbi nhi\u1ec1u m\u00f4i tr\u01b0\u1eddng, v\u1edbi thi\u1ebft k\u1ebf li\u1ec1n m\u1ea1ch v\u00e0 tinh t\u1ebf. Kh\u00e1m ph\u00e1 nh\u1eefng l\u1ee3i \u00edch c\u1ee7a d\u00f2ng GH31 trong kh\u00f4ng gian gi\u1ea3ng \u0111\u01b0\u1eddng, ph\u00f2ng h\u1ecdp ho\u1eb7c tri\u1ec3n l\u00e3m c\u1ee7a b\u1ea1n.<\/div>\n<div>\n<p><img decoding=\"async\" width=\"1920\" height=\"998\" src=\"http:\/\/hophoinghi.vn\/wp-content\/uploads\/2024\/06\/maxhub-led-display-gh31-banner.png\" title=\"maxhub-led-display-gh31-banner\"><\/p>\n<p style=\"text-align: center\"><em>M\u00e0n H\u00ecnh Led Maxhub GH31 Series<\/em><\/p>\n<p style=\"text-align: justify\"><strong>M\u00e0n H\u00ecnh Led Maxhub GH31 Series V\u1edbi Thi\u1ebft K\u1ebf Nh\u1ecf G\u1ecdn V\u00e0 S\u1eafp X\u1ebfp H\u1ee3p L\u00fd<\/strong><\/p>\n<ul>\n<li style=\"text-align: justify\">Thi\u1ebft k\u1ebf nh\u1ecf g\u1ecdn \u0111\u00e1ng kinh ng\u1ea1c<\/li>\n<li style=\"text-align: justify\">K\u1ebft c\u1ea5u nh\u1eb9 6,2 Kg<\/li>\n<li style=\"text-align: justify\">M\u00e0n h\u00ecnh si\u00eau m\u1ecfng 31mm, l\u1eafp \u0111\u1eb7t treo t\u01b0\u1eddng gi\u00fap ti\u1ebft ki\u1ec7m di\u1ec7n t\u00edch<\/li>\n<li style=\"text-align: justify\">T\u1ef7 l\u1ec7 m\u00e0n h\u00ecnh 4:3 , hi\u1ec3n th\u1ecb pixel-to-pixel \u0111\u1ed9 n\u00e9t cao h\u01a1n<\/li>\n<\/ul>\n<p style=\"text-align: center\"><img decoding=\"async\" width=\"519\" height=\"480\" src=\"http:\/\/hophoinghi.vn\/wp-content\/uploads\/2024\/06\/maxhub-led-display-gh31-thiet-ke-nho-gon-removebg-preview.png\" title=\"maxhub-led-display-gh31-thiet-ke-nho-gon-removebg-preview\"><\/p>\n<p style=\"text-align: center\"><em>Maxhub LED GH31 series v\u1edbi thi\u1ebft k\u1ebf nh\u1ecf g\u1ecdn<\/em><\/p>\n<p style=\"text-align: justify\"><strong>MAXHUB OS<\/strong><br \/>Kh\u00e1m ph\u00e1 k\u1ef7 nguy\u00ean m\u1edbi c\u1ee7a s\u1ef1 \u0111\u01a1n gi\u1ea3n, v\u1edbi m\u00e0n h\u00ecnh Maxhub LED GH31\u0111\u01b0\u1ee3c x\u00e2y d\u1ef1ng \u0111\u1eb7c bi\u1ec7t d\u1ec5 s\u1eed d\u1ee5ng. Maxhub LED GH31 series t\u01b0\u01a1ng th\u00edch v\u1edbi MAXHUB OS \u0111\u1ec3 thi\u1ebft l\u1eadp nhanh ch\u00f3ng v\u00e0 d\u1ec5 d\u00e0ng. M\u00e0n h\u00ecnh c\u00f3 h\u1ec7 th\u1ed1ng Android c\u00e0i s\u1eb5n, h\u1ed7 tr\u1ee3 truy\u1ec1n d\u1eef li\u1ec7u v\u00e0 chia s\u1ebb m\u00e0n h\u00ecnh m\u1ea1ng v\u1edbi m\u1ea1ng LAN kh\u00f4ng d\u00e2y.<\/p>\n<p><img decoding=\"async\" width=\"1850\" height=\"940\" src=\"http:\/\/hophoinghi.vn\/wp-content\/uploads\/2024\/06\/maxhub-led-display-gh31-maxhub-os.png\" title=\"maxhub-led-display-gh31-maxhub-os\"><\/p>\n<p style=\"text-align: center\"><em>Maxhub LED GH31 series t\u01b0\u01a1ng th\u00edch v\u1edbi MAXHUB OS<\/em><\/p>\n<p style=\"text-align: justify\">C\u00e1c t\u00ednh n\u0103ng b\u1ed5 sung bao g\u1ed3m b\u1ed9 \u0111i\u1ec1u khi\u1ec3n 2K, 4K \u0111\u1ed9c quy\u1ec1n. \u0110\u1ed9 ph\u00e2n gi\u1ea3i t\u1ef1 th\u00edch \u1ee9ng, h\u1ed7 tr\u1ee3 chia b\u1ed1n m\u00e0n h\u00ecnh PIP \/ PBP d\u01b0\u1edbi b\u1ed9 \u0111i\u1ec1u khi\u1ec3n 4K.<\/p>\n<p><img decoding=\"async\" width=\"1850\" height=\"940\" src=\"http:\/\/hophoinghi.vn\/wp-content\/uploads\/2024\/06\/maxhub-led-display-gh31-bo-dieu-khien-controller.png\" title=\"maxhub-led-display-gh31-bo-dieu-khien-controller\"><\/p>\n<p style=\"text-align: center\"><em>M\u00e0n H\u00ecnh Led Maxhub GH31 Series k\u1ebft h\u1ee3p c\u00f9ng b\u1ed9 \u0111i\u1ec1u khi\u1ec3n<\/em><\/p>\n<p><strong>T\u00edch H\u1ee3p Li\u1ec1n M\u1ea1ch V\u1edbi M\u00e0n H\u00ecnh Led Maxhub GH31 Series<\/strong><br \/>\u0110\u1ed9 \u1ed5n \u0111\u1ecbnh tuy\u1ec7t v\u1eddi, d\u1ec5 d\u00e0ng b\u1ea3o tr\u00ec v\u00e0 ch\u1ea5t l\u01b0\u1ee3ng \u1ed5n \u0111\u1ecbnh, v\u1edbi m\u1ee9c ti\u00eau th\u1ee5 \u0111i\u1ec7n n\u0103ng th\u1ea5p.<\/p>\n<ul>\n<li>3-in-1 receiving card, b\u1ed9 c\u1ea5p ngu\u1ed3n v\u00e0 bo m\u1ea1ch HUB, kh\u00f4ng c\u1ea7n c\u00e1p n\u1ed9i b\u1ed9, \u0111\u1ed9 \u1ed5n \u0111\u1ecbnh cao.<\/li>\n<li>T\u1ea5t c\u1ea3 \u0111\u01b0\u1ee3c b\u1ea3o tr\u00ec \u1edf m\u1eb7t tr\u01b0\u1edbc, thay th\u1ebf ph\u1ee5 t\u00f9ng module LED ch\u1ec9 trong v\u00e0i gi\u00e2y.<\/li>\n<li>D\u1eef li\u1ec7u hi\u1ec7u chu\u1ea9n \u0111\u01b0\u1ee3c t\u1ef1 \u0111\u1ed9ng \u0111\u1ecdc l\u1ea1i, tr\u1ea3i nghi\u1ec7m b\u1ea3o tr\u00ec \u1edf c\u1ea5p \u0111\u1ed9 ng\u01b0\u1eddi d\u00f9ng.<\/li>\n<\/ul>\n<div>\n<p><strong>C\u00e0i \u0110\u1eb7t Hi\u1ec7u Qu\u1ea3<\/strong><br \/>M\u00e0n h\u00ecnh LED GH31 series cung c\u1ea5p c\u00e0i \u0111\u1eb7t \u0111\u01a1n gi\u1ea3n \u0111\u1ec3 lo\u1ea1i b\u1ecf c\u00e1c v\u1ea5n \u0111\u1ec1 \u0111au \u0111\u1ea7u khi thi\u1ebft l\u1eadp v\u00e0 kh\u00f4ng c\u1ea7n chuy\u00ean gia h\u1ed7 tr\u1ee3.<\/p>\n<p><strong>C\u00e1c t\u00ednh n\u0103ng bao g\u1ed3m:<\/strong><\/p>\n<ul>\n<li>K\u1ebft n\u1ed1i nhanh<\/li>\n<li>Thi\u1ebft k\u1ebf g\u1eafn tr\u00ean t\u01b0\u1eddng gi\u00fap gi\u1ea3m b\u1edbt kh\u00f3 kh\u0103n khi l\u1eafp \u0111\u1eb7t<\/li>\n<li>\u0110\u1ed9 ph\u1eb3ng \u0111\u01b0\u1ee3c tinh ch\u1ec9nh<\/li>\n<\/ul>\n<div><strong>\u1ee8ng D\u1ee5ng M\u00e0n H\u00ecnh Led Maxhub GH31 Series<\/strong><\/div>\n<\/div>\n<div>\n<p style=\"text-align: center\"><img decoding=\"async\" width=\"693\" height=\"357\" src=\"http:\/\/hophoinghi.vn\/wp-content\/uploads\/2024\/06\/maxhub-led-display-gh31-su-dung-cho-trien-lam.png\" title=\"maxhub-led-display-gh31-su-dung-cho-trien-lam\"><\/p>\n<p style=\"text-align: center\"><em>Tri\u1ec3n l\u00e3m<\/em><\/p>\n<p style=\"text-align: center\"><img decoding=\"async\" width=\"692\" height=\"357\" src=\"http:\/\/hophoinghi.vn\/wp-content\/uploads\/2024\/06\/maxhub-led-display-gh31-su-dung-cho-sanh-don-khach.png\" title=\"maxhub-led-display-gh31-su-dung-cho-sanh-don-khach\"><\/p>\n<p style=\"text-align: center\"><em>S\u1ea3nh \u0111\u00f3n kh\u00e1ch<\/em><\/p>\n<p style=\"text-align: center\"><img decoding=\"async\" width=\"693\" height=\"357\" src=\"http:\/\/hophoinghi.vn\/wp-content\/uploads\/2024\/06\/maxhub-led-display-gh31-su-dung-cho-cua-hang-ban-le.png\" title=\"maxhub-led-display-gh31-su-dung-cho-cua-hang-ban-le\"><\/p>\n<p style=\"text-align: center\"><em>C\u1eeda h\u00e0ng b\u00e1n l\u1ebb<\/em><\/p>\n<p style=\"text-align: center\"><img decoding=\"async\" width=\"692\" height=\"357\" src=\"http:\/\/hophoinghi.vn\/wp-content\/uploads\/2024\/06\/maxhub-led-display-gh31-su-dung-cho-khan-phong.png\" title=\"maxhub-led-display-gh31-su-dung-cho-khan-phong\"><\/p>\n<p style=\"text-align: center\"><em>Kh\u00e1n ph\u00f2ng<\/em><\/p>\n<\/div>\n<\/div><\/div>","protected":false},"excerpt":{"rendered":"<p>M\u00c0N H\u00ccNH MAXHUB LED DISPLAY GH31 SERIES M\u00e0n H\u00ecnh Led Maxhub GH31 Series Thi\u1ebft k\u1ebf nh\u1ecf g\u1ecdn \u0111\u00e1ng kinh ng\u1ea1c K\u1ebft c\u1ea5u nh\u1eb9 6,2 Kg M\u00e0n h\u00ecnh si\u00eau m\u1ecfng 31mm, l\u1eafp \u0111\u1eb7t treo t\u01b0\u1eddng gi\u00fap ti\u1ebft ki\u1ec7m di\u1ec7n t\u00edch T\u1ef7 l\u1ec7 m\u00e0n h\u00ecnh 4:3 , hi\u1ec3n th\u1ecb pixel-to-pixel \u0111\u1ed9 n\u00e9t cao h\u01a1n T\u00cdNH N\u0102NG\u0110\u01b0\u1ee3c t\u1ea1o [&#8230;]","protected":false},"featured_media":11257,"comment_status":"closed","ping_status":"closed","template":"","meta":[],"pwb-brand":[],"product_cat":[2856],"product_tag":[25],"class_list":{"0":"post-11256","1":"product","2":"type-product","3":"status-publish","4":"has-post-thumbnail","6":"product_cat-man-hinh-led-hoi-nghi","7":"product_tag-man","9":"first","10":"instock","11":"shipping-taxable","12":"product-type-simple"},"brands":[],"_links":{"self":[{"href":"https:\/\/hophoinghi.vn\/en\/wp-json\/wp\/v2\/product\/11256","targetHints":{"allow":["GET"]}}],"collection":[{"href":"https:\/\/hophoinghi.vn\/en\/wp-json\/wp\/v2\/product"}],"about":[{"href":"https:\/\/hophoinghi.vn\/en\/wp-json\/wp\/v2\/types\/product"}],"replies":[{"embeddable":true,"href":"https:\/\/hophoinghi.vn\/en\/wp-json\/wp\/v2\/comments?post=11256"}],"wp:featuredmedia":[{"embeddable":true,"href":"https:\/\/hophoinghi.vn\/en\/wp-json\/wp\/v2\/media\/11257"}],"wp:attachment":[{"href":"https:\/\/hophoinghi.vn\/en\/wp-json\/wp\/v2\/media?parent=11256"}],"wp:term":[{"taxonomy":"pwb-brand","embeddable":true,"href":"https:\/\/hophoinghi.vn\/en\/wp-json\/wp\/v2\/pwb-brand?post=11256"},{"taxonomy":"product_cat","embeddable":true,"href":"https:\/\/hophoinghi.vn\/en\/wp-json\/wp\/v2\/product_cat?post=11256"},{"taxonomy":"product_tag","embeddable":true,"href":"https:\/\/hophoinghi.vn\/en\/wp-json\/wp\/v2\/product_tag?post=11256"}],"curies":[{"name":"wp","href":"https:\/\/api.w.org\/{rel}","templated":true}]}}