{"id":11458,"date":"2024-07-04T16:15:12","date_gmt":"2024-07-04T09:15:12","guid":{"rendered":"https:\/\/hophoinghi.vn\/-product-\/uncategorized\/maxhub-integrated-led-wall\/"},"modified":"2024-07-04T16:15:40","modified_gmt":"2024-07-04T09:15:40","slug":"maxhub-integrated-led-wall","status":"publish","type":"product","link":"https:\/\/hophoinghi.vn\/en\/-product-\/maxhub-integrated-led-wall\/","title":{"rendered":"Maxhub Integrated Led Wall"},"content":{"rendered":"<div class=\"desc-content-js\">\n<h2 style=\"text-align: justify\"><span style=\"font-size:18px\"><strong>MaxHub Intergrated Led Wall<\/strong><\/span><br \/><span style=\"font-size:16px\">&#8211; T\u1ea5t c\u1ea3 ch\u1ee9c n\u0103ng trong 01 m\u00e0n h\u00ecnh si\u00eau m\u1ecfng v\u00e0 nh\u1eb9<br \/>&#8211; Thi\u1ebft k\u1ebf kh\u00f4ng vi\u1ec1n si\u00eau m\u1ecbn v\u1edbi ki\u1ec3u d\u00e1ng \u0111\u1eb9p<br \/>&#8211; Vi\u1ec1n si\u00eau m\u1ecfng 110mm v\u1edbi t\u1ef7 l\u1ec7 m\u00e0n h\u00ecnh \u0111\u1ebfn 95%<br \/>&#8211; C\u1ed5ng Usb Type-C m\u1eb7t tr\u01b0\u1edbc truy c\u1eadp d\u1eef li\u1ec7u d\u1ec5 d\u00e0ng<br \/>&#8211; C\u1ea3m bi\u1ebfn \u00e1nh s\u00e1ng \u0111\u1ed9ng \u0111i\u1ec1u ch\u1ec9nh \u0111\u1ed9 s\u00e1ng<br \/>&#8211; C\u00e0i \u0111\u1eb7t s\u1eed d\u1ee5ng d\u1ec5 d\u00e0ng v\u00e0 b\u1ea3o tr\u00ec \u0111\u01a1n gi\u1ea3n<br \/>&#8211; Thi\u1ebft b\u1ecb 3 trong 1 cung c\u1ea5p m\u1ecdi th\u1ee9 b\u1ea1n c\u1ea7n trong 01 m\u00e0n h\u00ecnh bao g\u1ed3m<br \/>\u00a0 + Card truy\u1ec1n t\u00edn hi\u1ec7u, Module Android, b\u1ed9 x\u1eed l\u00ed h\u00ecnh \u1ea3nh<br \/>\u00a0 + Ngu\u1ed3n \u0111i\u1ec7n, b\u1ea3ng m\u1ea1ch trung t\u00e2m, card nh\u1eadn t\u00edn hi\u1ec7u<br \/>\u00a0 + Ngu\u1ed3n, amplifier<br \/>&#8211; T\u00edch h\u1ee3p s\u1eb5n b\u1ed9 x\u1eed l\u00ed video<br \/>&#8211; Chia s\u1ebb thuy\u1ebft tr\u00ecnh kh\u00f4ng d\u00e2y 04 thi\u1ebft b\u1ecb c\u00f9ng l\u00fac v\u1edbi \u0111\u1ed9 tr\u1ec5 th\u1ea5p<br \/>&#8211; Ch\u1ebf \u0111\u1ed9 hi\u1ec3n th\u1ecb linh ho\u1ea1t PIP \/ PBP<br \/>&#8211; H\u1ed7 tr\u1ee3 3 x HDMI 2.0 input v\u00e0 1 x HDMI 2.0 output<br \/>&#8211; T\u00edch h\u1ee3p \u0111\u1ea3m b\u1ea3o ch\u1ea5t l\u01b0\u1ee3ng \u00e2m thanh v\u01b0\u1ee3t tr\u1ed9i v\u1edbi \u0111\u1ed9 r\u00f5 n\u00e9t c\u1ea5p ph\u00f2ng thu, \u0111\u01b0\u1ee3c \u0111i\u1ec1u ch\u1ec9nh chuy\u00ean nghi\u1ec7p m\u1ecdi l\u00fac<br \/>\u00a0 + Hai loa to\u00e0n d\u1ea3i t\u00edch h\u1ee3p 2 x 30W<br \/>\u00a0 + T\u00edch h\u1ee3p c\u00f4ng ngh\u1ec7 gi\u1ea3m rung<br \/>&#8211; Ph\u1ea7n m\u1ec1m \u0111i\u1ec1u khi\u1ec3n t\u1eeb xa v\u00e0 \u0111\u1ea3o ng\u01b0\u1ee3c t\u1ee9c th\u00ec qua m\u00e1y t\u00ednh b\u1ea3ng, \u0111i\u1ec7n tho\u1ea1i th\u00f4ng minh v\u00e0 PC<br \/>&#8211; \u0110i\u1ec1u khi\u1ec3n \u0111\u1ed9 s\u00e1ng, qu\u1ea3n l\u00fd ngu\u1ed3n t\u00edn hi\u1ec7u v\u00e0 k\u00edch th\u01b0\u1edbc m\u00e0n h\u00ecnh t\u1eeb xa<br \/>&#8211; D\u1ec5 d\u00e0ng l\u1eafp \u0111\u1eb7t treo tr\u1ea7n ho\u1eb7c ch\u00e2n \u0111\u1ebf di \u0111\u1ed9ng ho\u1eb7c treo t\u01b0\u1eddng<br \/>&#8211; K\u00edch th\u01b0\u1edbc 150&#8221;<br \/>&#8211; \u0110\u1ed9 ph\u00e2n gi\u1ea3i 1920 x 1080<br \/>&#8211; K\u00edch th\u01b0\u1edbc hi\u1ec3n th\u1ecb: 3344 x 1990 x 30 mm<br \/>&#8211; \u0110\u1ed9 s\u00e1ng \u0111i\u1ec1u ch\u1ec9nh: 100-550cd\/m\u00b2<br \/>&#8211; G\u00f3c nh\u00ecn: Horizontal 160\u00b0, Vertical 140\u00b0<br \/>&#8211; H\u1ec7 \u0111i\u1ec1u h\u00e0nh Android 9.0<br \/>&#8211; Wifi 2 b\u0103ng t\u1ea7n 2.4G v\u00e0 5.0G<br \/>&#8211; \u0110i\u1ec1u khi\u1ec3n t\u1eadp trung qua LAN\/RS232\/485<br \/>&#8211; H\u1ed7 tr\u1ee3 b\u1ea3o d\u01b0\u1ee1ng tr\u1ef1c ti\u1ebfp m\u1eb7t tr\u01b0\u1edbc m\u00e0n h\u00ecnh<br \/>&#8211; B\u1ea3o h\u00e0nh 24 th\u00e1ng<\/span><\/h2>\n<p style=\"text-align: center\"><span style=\"font-size:16px\"><img decoding=\"async\" src=\"http:\/\/hophoinghi.vn\/wp-content\/uploads\/2024\/07\/0f0f368137da48929a6ed4c69ab822f5_95e41a5283104dfc8959562d1d014a80_grande.png\" title=\"0f0f368137da48929a6ed4c69ab822f5_95e41a5283104dfc8959562d1d014a80_grande\"><\/span><\/p>\n<p style=\"text-align: center\"><span style=\"font-size:16px\"><img decoding=\"async\" src=\"http:\/\/hophoinghi.vn\/wp-content\/uploads\/2024\/07\/maxhub-integrated-led-wall_004b225e7abb48919cbe73e0c11ed900_grande.jpg\" title=\"maxhub-integrated-led-wall_004b225e7abb48919cbe73e0c11ed900_grande\"><\/span><\/p>\n<p style=\"text-align: center\"><span style=\"font-size:16px\"><img decoding=\"async\" src=\"http:\/\/hophoinghi.vn\/wp-content\/uploads\/2024\/07\/maxhub-led-4k_b984853d59d34ae69c6df863cf1ac5d5_grande.png\" title=\"maxhub-led-4k_b984853d59d34ae69c6df863cf1ac5d5_grande\"><\/span><\/p>\n<p style=\"text-align: justify\"><span style=\"font-size:16px\"><span style=\"color:#ff0000\"><em><strong>H\u00e0ng ch\u00ednh h\u00e3ng, b\u1ea3o h\u00e0nh 24 th\u00e1ng<\/strong><\/em><br \/><em><strong>Li\u00ean h\u1ec7 ngay hotline  \u0111\u1ec3 \u0111\u01b0\u1ee3c t\u01b0 v\u1ea5n v\u00e0 h\u1ed7 tr\u1ee3 b\u00e1o gi\u00e1\u00a0t\u1ed1t nh\u1ea5t<\/strong><\/em><\/span><\/span><\/p>\n<\/p><\/div>","protected":false},"excerpt":{"rendered":"<p>MaxHub Intergrated Led Wall&#8211; T\u1ea5t c\u1ea3 ch\u1ee9c n\u0103ng trong 01 m\u00e0n h\u00ecnh si\u00eau m\u1ecfng v\u00e0 nh\u1eb9&#8211; Thi\u1ebft k\u1ebf kh\u00f4ng vi\u1ec1n si\u00eau m\u1ecbn v\u1edbi ki\u1ec3u d\u00e1ng \u0111\u1eb9p&#8211; Vi\u1ec1n si\u00eau m\u1ecfng 110mm v\u1edbi t\u1ef7 l\u1ec7 m\u00e0n h\u00ecnh \u0111\u1ebfn 95%&#8211; C\u1ed5ng Usb Type-C m\u1eb7t tr\u01b0\u1edbc truy c\u1eadp d\u1eef li\u1ec7u d\u1ec5 d\u00e0ng&#8211; C\u1ea3m bi\u1ebfn \u00e1nh s\u00e1ng \u0111\u1ed9ng \u0111i\u1ec1u ch\u1ec9nh [&#8230;]","protected":false},"featured_media":11459,"comment_status":"closed","ping_status":"closed","template":"","meta":[],"pwb-brand":[],"product_cat":[2856],"product_tag":[55],"class_list":{"0":"post-11458","1":"product","2":"type-product","3":"status-publish","4":"has-post-thumbnail","6":"product_cat-man-hinh-led-hoi-nghi","7":"product_tag-run","9":"first","10":"instock","11":"shipping-taxable","12":"product-type-simple"},"brands":[],"_links":{"self":[{"href":"https:\/\/hophoinghi.vn\/en\/wp-json\/wp\/v2\/product\/11458","targetHints":{"allow":["GET"]}}],"collection":[{"href":"https:\/\/hophoinghi.vn\/en\/wp-json\/wp\/v2\/product"}],"about":[{"href":"https:\/\/hophoinghi.vn\/en\/wp-json\/wp\/v2\/types\/product"}],"replies":[{"embeddable":true,"href":"https:\/\/hophoinghi.vn\/en\/wp-json\/wp\/v2\/comments?post=11458"}],"wp:featuredmedia":[{"embeddable":true,"href":"https:\/\/hophoinghi.vn\/en\/wp-json\/wp\/v2\/media\/11459"}],"wp:attachment":[{"href":"https:\/\/hophoinghi.vn\/en\/wp-json\/wp\/v2\/media?parent=11458"}],"wp:term":[{"taxonomy":"pwb-brand","embeddable":true,"href":"https:\/\/hophoinghi.vn\/en\/wp-json\/wp\/v2\/pwb-brand?post=11458"},{"taxonomy":"product_cat","embeddable":true,"href":"https:\/\/hophoinghi.vn\/en\/wp-json\/wp\/v2\/product_cat?post=11458"},{"taxonomy":"product_tag","embeddable":true,"href":"https:\/\/hophoinghi.vn\/en\/wp-json\/wp\/v2\/product_tag?post=11458"}],"curies":[{"name":"wp","href":"https:\/\/api.w.org\/{rel}","templated":true}]}}