{"id":11529,"date":"2024-07-09T13:15:07","date_gmt":"2024-07-09T06:15:07","guid":{"rendered":"https:\/\/hophoinghi.vn\/-product-\/maxhub-mobile-stand-st90\/"},"modified":"2024-07-09T13:15:16","modified_gmt":"2024-07-09T06:15:16","slug":"maxhub-mobile-stand-st90","status":"publish","type":"product","link":"https:\/\/hophoinghi.vn\/en\/-product-\/maxhub-mobile-stand-st90\/","title":{"rendered":"Maxhub Mobile Stand ST90"},"content":{"rendered":"<div class=\"desc-content-js\">\n\t\t\t\t\t\t\t\t\t\t\t\t\t\t\t<strong>MAXHUB MOBILE STAND ST90<\/strong><\/p>\n<div>\n<p>C\u1ea5u H\u00ecnh: M\u00e0n h\u00ecnh k\u00edch th\u01b0\u1edbc max: 165&#8243;<\/p>\n<p>Th\u00f4ng Tin C\u01a1 B\u1ea3n:<\/p>\n<p><strong>Maxhub Mobile Stand ST90<\/strong><\/p>\n<p>Ch\u00e2n \u0111\u1ebf di \u0111\u1ed9ng g\u1eafn m\u00e0n h\u00ecnh LED chuy\u00ean d\u1ee5ng<\/p>\n<p>\u2013 K\u00edch th\u01b0\u1edbc 2180 x 825 x 2031mm<br \/>\u2013 T\u1ea3i tr\u1ecdng max 280kg<\/p>\n<p><strong>T\u00cdNH N\u0102NG<\/strong><br \/>Maxhub Mobile Stand ST90 l\u00e0 ch\u00e2n k\u1ec7 di \u0111\u1ed9ng \u0111\u01b0\u1ee3c thi\u1ebft k\u1ebf ri\u00eang cho c\u00e1c cho d\u00f2ng m\u00e0n h\u00ecnh LED Maxhub chuy\u00ean d\u1ee5ng.<\/p>\n<p>S\u1edf h\u1eefu thi\u1ebft k\u1ebf tinh g\u1ecdn t\u1ed1i \u0111a, Mobile Stand ST90 mang t\u00ednh th\u1ea9m m\u1ef9 cao nh\u01b0ng v\u1eabn \u0111\u1ea3m b\u1ea3o k\u0103ng ch\u1ecbu t\u1ea3i t\u1ed1t.<\/p>\n<p><img decoding=\"async\" width=\"1200\" height=\"900\" src=\"http:\/\/hophoinghi.vn\/wp-content\/uploads\/2024\/07\/maxhub-st90-mobile-stand-man-hinh-led-1e.jpg\" title=\"maxhub-st90-mobile-stand-man-hinh-led-1e\"><\/p>\n<p style=\"text-align: center\"><em>Maxhub Mobile Stand ST90<\/em><\/p>\n<p>Ch\u00e2n k\u1ec7 di \u0111\u1ed9ng Mobile Stand ST90 v\u1eeba s\u1edf h\u1eefu thi\u1ebft k\u1ebf \u0111\u1eb9p, ph\u00f9 h\u1ee3p m\u1ecdi kh\u00f4ng gian ph\u00f2ng h\u1ecdp, v\u0103n ph\u00f2ng hay l\u1edbp h\u1ecdc v\u1eeba c\u00f3 t\u00ednh \u0111i \u0111\u1ed9ng cao v\u1edbi c\u00e1c b\u00e1nh xe.<\/p>\n<p>\u0110i\u1ec1u n\u00e0y gi\u00fap vi\u1ec7c di chuy\u1ec3n m\u00e0n h\u00ecnh d\u1ec5 d\u00e0ng, \u0111\u1ed3ng th\u1eddi gi\u00fap khai th\u00e1c hi\u1ec7u qu\u1ea3 m\u00e0n h\u00ecnh LED Maxhub.<\/p>\n<p><img decoding=\"async\" width=\"1200\" height=\"900\" src=\"http:\/\/hophoinghi.vn\/wp-content\/uploads\/2024\/07\/maxhub-st90-mobile-stand-man-hinh-led-4e.jpg\" title=\"maxhub-st90-mobile-stand-man-hinh-led-4e\"><\/p>\n<p style=\"text-align: center\"><em>Maxhub Mobile Stand ST90 ch\u00e2n k\u1ec7 chuy\u00ean d\u1ee5ng m\u00e0n h\u00ecnh LED<\/em><\/p>\n<p style=\"text-align: justify\">Maxhub Mobile Stand ST90 Ch\u00e2n \u0111\u1ebf di \u0111\u1ed9ng g\u1eafn m\u00e0n h\u00ecnh LED chuy\u00ean d\u1ee5ng<br \/>\u2013 K\u00edch th\u01b0\u1edbc 2180 x 825 x 2031mm<br \/>\u2013 T\u1ea3i tr\u1ecdng max 280kg<br \/>\u2013 M\u00e0n h\u00ecnh k\u00edch th\u01b0\u1edbc max: 165\u2033<\/p>\n<\/div><\/div>","protected":false},"excerpt":{"rendered":"<p>MAXHUB MOBILE STAND ST90 C\u1ea5u H\u00ecnh: M\u00e0n h\u00ecnh k\u00edch th\u01b0\u1edbc max: 165&#8243; Th\u00f4ng Tin C\u01a1 B\u1ea3n: Maxhub Mobile Stand ST90 Ch\u00e2n \u0111\u1ebf di \u0111\u1ed9ng g\u1eafn m\u00e0n h\u00ecnh LED chuy\u00ean d\u1ee5ng \u2013 K\u00edch th\u01b0\u1edbc 2180 x 825 x 2031mm\u2013 T\u1ea3i tr\u1ecdng max 280kg T\u00cdNH N\u0102NGMaxhub Mobile Stand ST90 l\u00e0 ch\u00e2n k\u1ec7 di \u0111\u1ed9ng \u0111\u01b0\u1ee3c thi\u1ebft k\u1ebf [&#8230;]","protected":false},"featured_media":11530,"comment_status":"closed","ping_status":"closed","template":"","meta":[],"pwb-brand":[],"product_cat":[2854],"product_tag":[25],"class_list":{"0":"post-11529","1":"product","2":"type-product","3":"status-publish","4":"has-post-thumbnail","6":"product_cat-man-hinh-led-trong-nha","7":"product_tag-man","9":"first","10":"instock","11":"shipping-taxable","12":"product-type-simple"},"brands":[],"_links":{"self":[{"href":"https:\/\/hophoinghi.vn\/en\/wp-json\/wp\/v2\/product\/11529","targetHints":{"allow":["GET"]}}],"collection":[{"href":"https:\/\/hophoinghi.vn\/en\/wp-json\/wp\/v2\/product"}],"about":[{"href":"https:\/\/hophoinghi.vn\/en\/wp-json\/wp\/v2\/types\/product"}],"replies":[{"embeddable":true,"href":"https:\/\/hophoinghi.vn\/en\/wp-json\/wp\/v2\/comments?post=11529"}],"wp:featuredmedia":[{"embeddable":true,"href":"https:\/\/hophoinghi.vn\/en\/wp-json\/wp\/v2\/media\/11530"}],"wp:attachment":[{"href":"https:\/\/hophoinghi.vn\/en\/wp-json\/wp\/v2\/media?parent=11529"}],"wp:term":[{"taxonomy":"pwb-brand","embeddable":true,"href":"https:\/\/hophoinghi.vn\/en\/wp-json\/wp\/v2\/pwb-brand?post=11529"},{"taxonomy":"product_cat","embeddable":true,"href":"https:\/\/hophoinghi.vn\/en\/wp-json\/wp\/v2\/product_cat?post=11529"},{"taxonomy":"product_tag","embeddable":true,"href":"https:\/\/hophoinghi.vn\/en\/wp-json\/wp\/v2\/product_tag?post=11529"}],"curies":[{"name":"wp","href":"https:\/\/api.w.org\/{rel}","templated":true}]}}