{"id":11446,"date":"2024-07-04T15:00:08","date_gmt":"2024-07-04T08:00:08","guid":{"rendered":"https:\/\/hophoinghi.vn\/-product-\/uncategorized\/webex-room-kit\/"},"modified":"2024-07-04T15:00:16","modified_gmt":"2024-07-04T08:00:16","slug":"webex-room-kit","status":"publish","type":"product","link":"https:\/\/hophoinghi.vn\/es\/-product-\/webex-room-kit\/","title":{"rendered":"Webex Room Kit"},"content":{"rendered":"<div class=\"desc-content-js\">\n<p style=\"text-align: justify\"><span style=\"font-size:16px\"><a title=\"Webex Room Kit\" href=\"https:\/\/thietbihoinghi.com.vn\/san-pham\/webex-room-kit.htm\"><img decoding=\"async\" width=\"400\" height=\"300\" alt=\"Webex room kit hophoinghi\" src=\"http:\/\/hophoinghi.vn\/wp-content\/uploads\/2024\/07\/webex-room-kit-hophoinghi.jpg\" title=\"webex-room-kit-hophoinghi\"><\/a><\/span><\/p>\n<p style=\"text-align: justify\"><span style=\"font-size:16px\">C\u1ea5u H\u00ecnh:<\/span><\/p>\n<p style=\"text-align: justify\"><span style=\"font-size:16px\">Th\u00f4ng Tin C\u01a1 B\u1ea3n:<\/span><\/p>\n<ul>\n<li style=\"text-align: justify\"><span style=\"font-size:16px\">T\u00edch h\u1ee3p s\u1eb5n loa v\u00e0 micro<\/span><\/li>\n<li style=\"text-align: justify\"><span style=\"font-size:16px\">Camera v\u00e0 codec c\u00f3 s\u1eb5n trong m\u1ed9t thi\u1ebft b\u1ecb t\u00edch h\u1ee3p v\u1edbi m\u00e0n h\u00ecnh c\u1ee7a b\u1ea1n<\/span><\/li>\n<li style=\"text-align: justify\"><span style=\"font-size:16px\">RoomOS, Webex Navigator<\/span><\/li>\n<li style=\"text-align: justify\"><span style=\"font-size:16px\">Webex Room Kit cho ph\u00e9p quay video trong kh\u00f4ng gian h\u1ecdp quy m\u00f4 trung b\u00ecnh m\u1ed9t c\u00e1ch \u0111\u01a1n gi\u1ea3n b\u1eb1ng c\u00e1ch thi\u1ebft l\u1eadp m\u1ed9t ho\u1eb7c hai m\u00e0n h\u00ecnh h\u1ed7 tr\u1ee3.<\/span><\/li>\n<\/ul>\n<p style=\"text-align: justify\">\u00a0<\/p>\n<p style=\"text-align: justify\"><span style=\"font-size:16px\">Webex Room Kit l\u00e0 m\u1ed9t gi\u1ea3i ph\u00e1p c\u1ed9ng t\u00e1c m\u1ea1nh m\u1ebd t\u00edch h\u1ee3p v\u1edbi m\u00e0n h\u00ecnh ph\u1eb3ng nh\u1eb1m mang l\u1ea1i s\u1ef1 th\u00f4ng minh v\u00e0 kh\u1ea3 d\u1ee5ng h\u01a1n cho c\u00e1c ph\u00f2ng h\u1ecdp quy m\u00f4 v\u1eeba v\u00e0 nh\u1ecf c\u1ee7a b\u1ea1n \u2013 cho d\u00f9 \u0111\u01b0\u1ee3c \u0111\u0103ng k\u00fd tri\u1ec3n khai t\u1ea1i ch\u1ed7 hay v\u1edbi Webex tr\u00ean n\u1ec1n t\u1ea3ng \u0111\u00e1m m\u00e2y.<\/span><\/p>\n<h2 style=\"text-align: justify\"><span style=\"font-size:16px\"><strong>T\u1ed5ng quan Webex Room Kit<\/strong><\/span><\/h2>\n<p style=\"text-align: justify\"><span style=\"font-size:16px\">Webex\u00ae Room Kit \u0111\u01b0\u1ee3c kh\u00e1ch h\u00e0ng c\u1ee7a Cisco mong \u0111\u1ee3i s\u1ebd mang \u0111\u1ebfn tr\u1ea3i nghi\u1ec7m \u00e2m thanh v\u00e0 h\u00ecnh \u1ea3nh cao c\u1ea5p ch\u01b0a t\u1eebng c\u00f3. Ngo\u00e0i ra, c\u00e1c t\u00ednh n\u0103ng m\u1edbi c\u00f2n cho ph\u00e9p t\u1ea1o ra c\u00e1c cu\u1ed9c h\u1ecdp th\u00f4ng minh h\u01a1n, kh\u1ea3 n\u0103ng tr\u00ecnh b\u00e0y th\u00f4ng minh h\u01a1n v\u00e0 t\u00edch h\u1ee3p trang thi\u1ebft b\u1ecb v\u00e0 ph\u00f2ng h\u1ecdp th\u00f4ng minh h\u01a1n \u2013 lo\u1ea1i b\u1ecf h\u1ebft c\u00e1c r\u00e0o c\u1ea3n gi\u1edbi h\u1ea1n khi s\u1eed d\u1ee5ng v\u00e0 tri\u1ec3n khai h\u1ecdp tr\u1ef1c tuy\u1ebfn trong c\u00e1c ph\u00f2ng h\u1ecdp c\u00f3 quy m\u00f4 v\u1eeba v\u00e0 nh\u1ecf.<\/span><\/p>\n<p style=\"text-align: justify\"><span style=\"font-size:16px\">Tr\u1ecdn b\u1ed9 Room Kit \u2013 bao g\u1ed3m camera, codec, loa v\u00e0 micro \u0111\u01b0\u1ee3c t\u00edch h\u1ee3p s\u1eb5n ngay trong m\u1ed9t thi\u1ebft b\u1ecb duy nh\u1ea5t \u2013 m\u1ed9t gi\u1ea3i ph\u00e1p c\u1ef1c k\u1ef3 l\u00fd t\u01b0\u1edfng cho c\u00e1c ph\u00f2ng h\u1ecdp t\u1ed1i \u0111a b\u1ea3y ng\u01b0\u1eddi tham d\u1ef1. N\u00f3 c\u00f2n cung c\u1ea5p c\u00e1c c\u00f4ng ngh\u1ec7 camera tinh vi, mang l\u1ea1i kh\u1ea3 n\u0103ng theo d\u00f5i ng\u01b0\u1eddi ph\u00e1t bi\u1ec3u cho c\u00e1c ph\u00f2ng nh\u1ecf h\u1ecdp. S\u1ea3n ph\u1ea9m phong ph\u00fa v\u1ec1 ch\u1ee9c n\u0103ng v\u00e0 tr\u1ea3i nghi\u1ec7m nh\u01b0ng c\u00f3 gi\u00e1 c\u1ea3 v\u00e0 \u0111\u01b0\u1ee3c thi\u1ebft k\u1ebf \u0111\u1ec3 c\u00f3 th\u1ec3 d\u1ec5 d\u00e0ng m\u1edf r\u1ed9ng n\u00e2ng cao cho t\u1ea5t c\u1ea3 c\u00e1c ph\u00f2ng h\u1ecdp v\u00e0 kh\u00f4ng gian nh\u1ecf c\u1ee7a b\u1ea1n \u2013 cho d\u00f9 \u0111\u01b0\u1ee3c \u0111\u0103ng k\u00fd tri\u1ec3n khai ngay t\u1ea1i ch\u1ed7 hay b\u1eb1ng d\u1ecbch v\u1ee5 \u0111\u00e1m m\u00e2y Webex.<\/span><\/p>\n<p style=\"text-align: center\"><span style=\"font-size:16px\"><a href=\"http:\/\/hophoinghi.vn\/wp-content\/uploads\/2024\/07\/webex-room-kit-thiet-lap-man-hinh-kep-cho-phong-co-trung-bc3acnh.png\"><img decoding=\"async\" alt=\"webex room kit thi\u1ebft l\u1eadp m\u00e0n h\u00ecnh k\u00e9p cho ph\u00f2ng c\u1ee1 trung b\u00ecnh\" width=\"620\" height=\"354\" src=\"http:\/\/hophoinghi.vn\/wp-content\/uploads\/2024\/07\/webex-room-kit-thiet-lap-man-hinh-kep-cho-phong-co-trung-bc3acnh.png\" title=\"webex-room-kit-thiet-lap-man-hinh-kep-cho-phong-co-trung-bc3acnh\"><\/a><\/span><\/p>\n<p style=\"text-align: center\"><span style=\"font-size:16px\"><em>Webex Room KIt thi\u1ebft l\u1eadp m\u00e0n h\u00ecnh k\u00e9p cho ph\u00f2ng c\u1ee1 trung b\u00ecnh<\/em><\/span><\/p>\n<h2 style=\"text-align: justify\"><span style=\"font-size:16px\"><strong>C\u00e1c t\u00ednh n\u0103ng v\u00e0 ti\u1ec7n \u00edch c\u1ee7a Webex Room Kit<\/strong><\/span><\/h2>\n<h3 style=\"text-align: justify\"><span style=\"font-size:16px\"><strong>Cu\u1ed9c h\u1ecdp th\u00f4ng minh<\/strong><\/span><\/h3>\n<p style=\"text-align: justify\"><span style=\"font-size:16px\">T\u00edch h\u1ee3p m\u1ed9t camera mang \u0111\u1ebfn tr\u01b0\u1eddng nh\u00ecn th\u00f4ng minh cho c\u00e1c ph\u00f2ng nh\u1ecf.<\/span><\/p>\n<ul>\n<li style=\"text-align: justify\"><span style=\"font-size:16px\">H\u00ecnh \u1ea3nh t\u1ed5ng quan t\u1ed1t nh\u1ea5t: T\u1ef1 \u0111\u1ed9ng nh\u1eadn di\u1ec7n nh\u1eefng ng\u01b0\u1eddi tham gia cu\u1ed9c h\u1ecdp v\u00e0 cung c\u1ea5p khung h\u00ecnh l\u00fd t\u01b0\u1edfng.<\/span><\/li>\n<li style=\"text-align: justify\"><span style=\"font-size:16px\">Theo d\u00f5i ng\u01b0\u1eddi n\u00f3i: Ph\u00e1t hi\u1ec7n v\u00e0 chuy\u1ec3n \u0111\u1ed5i gi\u1eefa nh\u1eefng ng\u01b0\u1eddi \u0111ang ph\u00e1t bi\u1ec3u v\u00e0 cung c\u1ea5p khung h\u00ecnh l\u00fd t\u01b0\u1edfng.<\/span><\/li>\n<li style=\"text-align: justify\"><span style=\"font-size:16px\">Tr\u1ea3i nghi\u1ec7m \u00e2m thanh tuy\u1ec7t v\u1eddi v\u1edbi micr\u00f4 v\u00e0 loa t\u00edch h\u1ee3p; t\u0103ng t\u00ednh th\u1ea9m m\u1ef9 sang tr\u1ecdng cho v\u0103n ph\u00f2ng nh\u1edd lo\u1ea1i b\u1ecf d\u00e2y c\u00e1p ph\u1ee9c t\u1ea1p v\u00e0 c\u00e1c micro \u0111\u1eb7t tr\u00ean b\u00e0n.<\/span><\/li>\n<li style=\"text-align: justify\"><span style=\"font-size:16px\">T\u00ednh n\u0103ng kh\u1eed ti\u1ebfng \u1ed3n t\u1ef1 \u0111\u1ed9ng l\u00e0m gi\u1ea3m thi\u1ec3u \u00e2m thanh g\u00e2y nhi\u1ec5u ph\u00e1t ra t\u1eeb ph\u00f2ng h\u1ecdp (v\u00ed d\u1ee5: \u0111\u00e1nh m\u00e1y, gi\u1ea5y s\u1ed9t so\u1ea1t)<\/span><\/li>\n<li style=\"text-align: justify\"><span style=\"font-size:16px\">Tr\u1ea3i nghi\u1ec7m tham gia cu\u1ed9c h\u1ecdp \u0111\u01b0\u1ee3c t\u1ed1i gi\u1ea3n h\u00f3a ch\u1ec9 v\u1edbi m\u1ed9t n\u00fat nh\u1ea5n (OBTP) cho c\u00e1c thi\u1ebft b\u1ecb \u0111\u1eb7t l\u1ecbch trong cu\u1ed9c h\u1ecdp Webex, cho d\u00f9 \u0111\u01b0\u1ee3c \u0111\u0103ng k\u00fd t\u1ea1i ch\u1ed7 hay v\u1edbi d\u1ecbch v\u1ee5 \u0111\u00e1m m\u00e2y Webex<\/span><\/li>\n<li style=\"text-align: justify\"><span style=\"font-size:16px\">T\u1ef1 \u0111\u1ed9ng kh\u1edfi \u0111\u1ed9ng l\u1ea1i: H\u1ec7 th\u1ed1ng s\u1ebd \u201cth\u1ee9c d\u1eady\u201d khi ai \u0111\u00f3 b\u01b0\u1edbc v\u00e0o ph\u00f2ng v\u00e0 nh\u1eadn di\u1ec7n h\u1ecd qua thi\u1ebft b\u1ecb di \u0111\u1ed9ng c\u1ee7a h\u1ecd.<\/span><\/li>\n<li style=\"text-align: justify\"><span style=\"font-size:16px\">D\u1ec5 d\u00e0ng \u0111i\u1ec1u khi\u1ec3n b\u1eb1ng b\u1ed9 \u0111i\u1ec1u khi\u1ec3n Webex Room Navigator ho\u1eb7c b\u1eb1ng \u1ee9ng d\u1ee5ng Webex<\/span><\/li>\n<li style=\"text-align: justify\"><span style=\"font-size:16px\">\u0110\u1ea3m b\u1ea3o \u0111\u1ed9 b\u1ea3o m\u1eadt \u0111\u1ea7u cu\u1ed1i.<\/span><\/li>\n<\/ul>\n<h3 style=\"text-align: justify\"><span style=\"font-size:16px\"><strong>Thuy\u1ebft tr\u00ecnh th\u00f4ng minh<\/strong><\/span><\/h3>\n<ul>\n<li style=\"text-align: justify\"><span style=\"font-size:16px\">H\u1ed7 tr\u1ee3 m\u00e0n h\u00ecnh k\u00e9p cho video v\u00e0 n\u1ed9i dung.<\/span><\/li>\n<li style=\"text-align: justify\"><span style=\"font-size:16px\">H\u1ed7 tr\u1ee3 c\u00e1c ngu\u1ed3n n\u1ed9i dung k\u00e9p cho c\u00e1c cu\u1ed9c h\u1ecdp \u0111\u1ecba ph\u01b0\u01a1ng.<\/span><\/li>\n<li style=\"text-align: justify\"><span style=\"font-size:16px\">Xem n\u1ed9i dung b\u1ea3ng tr\u1eafng v\u00e0 ch\u00fa th\u00edch \u0111\u01b0\u1ee3c chia s\u1ebb t\u1eeb Webex Board, Webex Desk Pro ho\u1eb7c \u1ee9ng d\u1ee5ng Webex; tham gia c\u00e1c phi\u00ean h\u1ecdp v\u1edbi b\u1ea3ng tr\u1eafng th\u00f4ng qua \u1ee9ng d\u1ee5ng Webex *<\/span><\/li>\n<li style=\"text-align: justify\"><span style=\"font-size:16px\">Chia s\u1ebb n\u1ed9i dung ch\u1ea5t l\u01b0\u1ee3ng 4K (30 khung h\u00ecnh\/gi\u00e2y c\u1ee5c b\u1ed9; 5 khung h\u00ecnh\/gi\u00e2y t\u1eeb xa)<\/span><\/li>\n<li style=\"text-align: justify\"><span style=\"font-size:16px\">Chia s\u1ebb n\u1ed9i dung c\u00f3 d\u00e2y ho\u1eb7c kh\u00f4ng d\u00e2y (ch\u1ec9 c\u1ea7n hai d\u00e2y \u2014 ngu\u1ed3n v\u00e0 c\u1ed5ng HDMI)<\/span><\/li>\n<\/ul>\n<h3 style=\"text-align: justify\"><span style=\"font-size:16px\"><strong>Ph\u00f2ng h\u1ecdp th\u00f4ng minh<\/strong><\/span><\/h3>\n<ul>\n<li style=\"text-align: justify\"><span style=\"font-size:16px\">Ch\u1ec9 s\u1ed1: \u0110\u1ebfm s\u1ed1 ng\u01b0\u1eddi c\u00f3 m\u1eb7t trong ph\u00f2ng, cho ph\u00e9p ph\u00e2n t\u00edch \u0111\u1ec3 l\u1eadp k\u1ebf ho\u1ea1ch t\u00e0i nguy\u00ean hi\u1ec7u qu\u1ea3.<\/span><\/li>\n<li style=\"text-align: justify\"><span style=\"font-size:16px\">T\u00edch h\u1ee3p m\u00e0n h\u00ecnh\/ kh\u1ea3 n\u0103ng hi\u1ec3n th\u1ecb t\u1ef1 \u0111\u1ed9ng th\u00f4ng qua HDMI CEC<\/span><\/li>\n<li style=\"text-align: justify\"><span style=\"font-size:16px\">H\u1ed7 tr\u1ee3 Wi-Fi<\/span><\/li>\n<li style=\"text-align: justify\"><span style=\"font-size:16px\">\u0110i\u1ec1u khi\u1ec3n trong ph\u00f2ng: \u0110i\u1ec1u khi\u1ec3n c\u00e1c h\u1ec7 th\u1ed1ng thi\u1ebft b\u1ecb ngo\u1ea1i vi nh\u01b0 \u0111\u00e8n v\u00e0 r\u00e8m th\u00f4ng qua B\u1ed9 \u0111i\u1ec1u h\u01b0\u1edbng ph\u00f2ng Webex<\/span><\/li>\n<\/ul>\n<h3 style=\"text-align: justify\"><span style=\"font-size:16px\"><strong>Tri\u1ec3n khai t\u1ea1i ch\u1ed7 ho\u1eb7c tr\u00ean n\u1ec1n t\u1ea3ng \u0111\u00e1m m\u00e2y<\/strong><\/span><\/h3>\n<ul>\n<li style=\"text-align: justify\"><span style=\"font-size:16px\">T\u00ednh linh ho\u1ea1t khi tri\u1ec3n khai \u0111\u0103ng k\u00fd t\u1ea1i ch\u1ed7 ho\u1eb7c tr\u00ean n\u1ec1n t\u1ea3ng \u0111\u00e1m m\u00e2y th\u00f4ng qua Webex<\/span><\/li>\n<li style=\"text-align: justify\"><span style=\"font-size:16px\">Ph\u1ea7n c\u1ee9ng \u0111\u01b0\u1ee3c t\u1ed1i \u01b0u h\u00f3a \u0111\u1ec3 ch\u1ea1y tr\u00ean n\u1ec1n t\u1ea3ng \u0111\u00e1m m\u00e2y, cho tr\u1ea3i nghi\u1ec7m tuy\u1ec7t v\u1eddi trong c\u00e1c ph\u00f2ng h\u1ecdp v\u00e0 kh\u00f4ng gian chung, v\u1edbi kh\u1ea3 n\u0103ng truy c\u1eadp v\u00e0o c\u00e1c h\u1ed9i ngh\u1ecb \u0111\u01b0\u1ee3c t\u1ed5 ch\u1ee9c m\u1ed9t c\u00e1ch d\u1ec5 d\u00e0ng.<\/span><\/li>\n<\/ul>\n<p style=\"text-align: justify\"><span style=\"font-size:16px\"><em>* Ch\u1ec9 \u0111\u01b0\u1ee3c h\u1ed7 tr\u1ee3 tr\u00ean c\u00e1c thi\u1ebft b\u1ecb \u0111\u00e3 \u0111\u0103ng k\u00fd Webex.<\/em><\/span><\/p>\n<h2 style=\"text-align: justify\"><span style=\"font-size:16px\"><strong>T\u00ednh n\u0103ng v\u00e0 c\u00e1c \u0111\u1eb7c \u0111i\u1ec3m n\u1ed5i b\u1eadt c\u1ee7a Webex Room Kit<\/strong><\/span><\/h2>\n<p style=\"text-align: justify\"><span style=\"font-size:16px\">Mang \u0111\u1ebfn c\u00f4ng ngh\u1ec7 th\u00f4ng minh h\u01a1n cho c\u00e1c v\u0103n ph\u00f2ng c\u00f3 di\u1ec7n t\u00edch v\u1eeba v\u00e0 nh\u1ecf<\/span><\/p>\n<p style=\"text-align: justify\"><span style=\"font-size:16px\">Webex Room Kit mang \u0111\u1ebfn l\u00e0n gi\u00f3 m\u1edbi v\u1ec1 ch\u1ea5t l\u01b0\u1ee3ng hi\u1ec3n th\u1ecb video trong m\u1ed9t thi\u1ebft b\u1ecb h\u00ecnh h\u1ed9p, mang l\u1ea1i nhi\u1ec1u th\u00f4ng tin v\u00e0 kh\u1ea3 n\u0103ng s\u1eed d\u1ee5ng h\u01a1n cho c\u00e1c ph\u00f2ng c\u1ed9ng t\u00e1c quy m\u00f4 nh\u00f3m v\u1eeba v\u00e0 nh\u1ecf c\u1ee7a b\u1ea1n. Trong khi c\u00e1c doanh nghi\u1ec7p kh\u00e1c v\u1eabn \u0111ang g\u1eb7p kh\u00f3 kh\u0103n trong vi\u1ec7c \u0111\u01b0a c\u00e1c t\u00ednh n\u0103ng n\u00e2ng cao nh\u01b0 theo d\u00f5i loa, chia s\u1ebb kh\u00f4ng d\u00e2y v\u00e0 ch\u1ea5t l\u01b0\u1ee3ng n\u1ed9i dung 4K v\u00e0o c\u00e1c s\u1ea3n ph\u1ea9m cao c\u1ea5p c\u1ee7a h\u1ecd, th\u00ec Cisco \u0111\u00e3 mang nh\u1eefng \u0111\u1ed5i m\u1edbi n\u00e0y \u0111\u1ebfn c\u00e1c ph\u00f2ng h\u1ecdp \u1edf m\u1ecdi quy m\u00f4 m\u1ed9t c\u00e1ch \u0111\u01a1n gi\u1ea3n v\u00e0 hi\u1ec7u qu\u1ea3 v\u1ec1 chi ph\u00ed. V\u1edbi B\u1ed9 Room Kit, Cisco gi\u00fap kh\u00e1ch h\u00e0ng tr\u1ea3i nghi\u1ec7m c\u00e1c cu\u1ed9c h\u1ecdp th\u00f4ng minh h\u01a1n, cho ph\u00e9p tr\u00ecnh b\u00e0y hi\u1ec7u qu\u1ea3 h\u01a1n v\u00e0 t\u1ea1o ra c\u00e1c thi\u1ebft b\u1ecb t\u00edch h\u1ee3p v\u00e0 gi\u1ea3i ph\u00e1p ph\u00f2ng h\u1ecdp \u0111\u01b0\u1ee3c c\u1ea3i ti\u1ebfn c\u1ea5p cao h\u01a1n.<\/span><\/p>\n<p style=\"text-align: justify\"><span style=\"font-size:16px\">Nh\u1eefng t\u00ednh n\u0103ng n\u00e0y tr\u01b0\u1edbc thu\u1ed9c v\u1ec1 l\u0129nh v\u1ef1c c\u1ee7a c\u00e1c ph\u00f2ng h\u1ed9i ngh\u1ecb truy\u1ec1n h\u00ecnh cao c\u1ea5p h\u01a1n, nh\u01b0ng gi\u1edd \u0111\u00e2y Cisco \u0111\u00e3 mang \u0111\u1ebfn m\u1ecdi quy m\u00f4 ph\u00f2ng v\u00e0 m\u1ecdi h\u1ed9i nh\u00f3m.<\/span><\/p>\n<p style=\"text-align: justify\"><span style=\"font-size:16px\">V\u00e0 khi \u0111\u0103ng k\u00fd Webex, c\u00e1c t\u00ednh n\u0103ng d\u1ef1a tr\u00ean n\u1ec1n t\u1ea3ng \u0111\u00e1m m\u00e2y b\u1ed5 sung \u0111\u01b0\u1ee3c k\u00edch ho\u1ea1t, g\u00f3p ph\u1ea7n n\u00e2ng cao tr\u1ea3i nghi\u1ec7m ng\u01b0\u1eddi d\u00f9ng v\u00e0 h\u1ed7 tr\u1ee3 quy tr\u00ecnh l\u00e0m vi\u1ec7c nh\u00f3m c\u0169ng nh\u01b0 c\u00f4ng cu\u1ed9c tri\u1ec3n khai ng\u00e0y c\u00e0ng \u0111\u01b0\u1ee3c \u0111\u01a1n gi\u1ea3n h\u00f3a.<\/span><\/p>\n<ul>\n<li style=\"text-align: justify\"><span style=\"font-size:16px\"><strong>Cu\u1ed9c h\u1ecdp th\u00f4ng minh:<\/strong>\u00a0T\u00edch h\u1ee3p camera ch\u1ea5t l\u01b0\u1ee3ng m\u1ea1nh m\u1ebd mang l\u1ea1i t\u1ea7m nh\u00ecn th\u00f4ng minh, ch\u1eb3ng h\u1ea1n nh\u01b0 t\u00ednh n\u0103ng t\u1ef1 \u0111\u1ed9ng \u0111\u00f3ng khung v\u00e0 theo d\u00f5i di\u1ec5n gi\u1ea3; tri\u1ec7t ti\u00eau ti\u1ebfng \u1ed3n t\u1ef1 \u0111\u1ed9ng l\u00e0m gi\u1ea3m gi\u00e1n \u0111o\u1ea1n cu\u1ed9c h\u1ecdp.<\/span><\/li>\n<li style=\"text-align: justify\"><span style=\"font-size:16px\"><strong>Thuy\u1ebft tr\u00ecnh th\u00f4ng minh:<\/strong>\u00a0Gi\u1ea3i ph\u00e1p l\u00fd t\u01b0\u1edfng \u0111\u1ec3 gh\u00e9p n\u1ed1i v\u1edbi m\u00e0n h\u00ecnh k\u00e9p \u0111\u1ed3ng th\u1eddi h\u1ed7 tr\u1ee3 c\u00e1c ngu\u1ed3n n\u1ed9i dung k\u00e9p, chia s\u1ebb kh\u00f4ng d\u00e2y v\u00e0 ch\u1ea5t l\u01b0\u1ee3ng n\u1ed9i dung 4K t\u1ea1o n\u00ean c\u00e1c b\u1ea3n tr\u00ecnh b\u00e0y tr\u00ean c\u1ea3 tuy\u1ec7t v\u1eddi.<\/span><\/li>\n<li style=\"text-align: justify\"><span style=\"font-size:16px\"><strong>Ph\u00f2ng th\u00f4ng minh:<\/strong>\u00a0M\u1ecdi ng\u01b0\u1eddi \u0111\u1ebfm s\u1ed1 li\u1ec7u s\u1eed d\u1ee5ng v\u00e0 ph\u00e2n b\u1ed5 t\u00e0i nguy\u00ean; t\u00edch h\u1ee3p ch\u1eb7t ch\u1ebd v\u1edbi m\u00e0n h\u00ecnh \u0111\u1ec3 t\u0103ng c\u01b0\u1eddng t\u01b0\u01a1ng t\u00e1c c\u1ee7a ng\u01b0\u1eddi d\u00f9ng; API v\u00e0 macro cho ph\u00e9p c\u00e1 nh\u00e2n h\u00f3a cu\u1ed9c h\u1ecdp<\/span><\/li>\n<li style=\"text-align: justify\"><span style=\"font-size:16px\"><strong>T\u00ednh linh ho\u1ea1t trong tri\u1ec3n khai \u0111\u0103ng k\u00fd:<\/strong>\u00a0\u0110\u01b0\u1ee3c x\u00e2y d\u1ef1ng v\u00e0 tri\u1ec3n khai tr\u00ean n\u1ec1n t\u1ea3ng \u0111\u00e1m m\u00e2y v\u00e0 t\u1ea1i ch\u1ed7, b\u1ea3o v\u1ec7 kho\u1ea3n \u0111\u1ea7u t\u01b0 c\u1ee7a b\u1ea1n.<\/span><\/li>\n<\/ul>\n<p style=\"text-align: center\"><span style=\"font-size:16px\"><a href=\"http:\/\/hophoinghi.vn\/wp-content\/uploads\/2024\/07\/cac-thanh-phan-mac-dinh-trong-bo-webex-room-kit.png\"><img decoding=\"async\" alt=\"C\u00e1c th\u00e0nh ph\u1ea7n m\u1eb7c \u0111\u1ecbnh trong b\u1ed9 Webex Room Kit\" width=\"432\" height=\"368\" src=\"http:\/\/hophoinghi.vn\/wp-content\/uploads\/2024\/07\/cac-thanh-phan-mac-dinh-trong-bo-webex-room-kit.png\" title=\"cac-thanh-phan-mac-dinh-trong-bo-webex-room-kit\"><\/a><\/span><\/p>\n<p style=\"text-align: center\"><span style=\"font-size:16px\"><em>C\u00e1c th\u00e0nh ph\u1ea7n m\u1eb7c \u0111\u1ecbnh trong b\u1ed9 Webex Room Kit<\/em><\/span><\/p>\n<\/p><\/div>","protected":false},"excerpt":{"rendered":"<p>C\u1ea5u H\u00ecnh: Th\u00f4ng Tin C\u01a1 B\u1ea3n: T\u00edch h\u1ee3p s\u1eb5n loa v\u00e0 micro Camera v\u00e0 codec c\u00f3 s\u1eb5n trong m\u1ed9t thi\u1ebft b\u1ecb t\u00edch h\u1ee3p v\u1edbi m\u00e0n h\u00ecnh c\u1ee7a b\u1ea1n RoomOS, Webex Navigator Webex Room Kit cho ph\u00e9p quay video trong kh\u00f4ng gian h\u1ecdp quy m\u00f4 trung b\u00ecnh m\u1ed9t c\u00e1ch \u0111\u01a1n gi\u1ea3n b\u1eb1ng c\u00e1ch thi\u1ebft l\u1eadp m\u1ed9t [&#8230;]","protected":false},"featured_media":0,"comment_status":"closed","ping_status":"closed","template":"","meta":[],"pwb-brand":[],"product_cat":[2848],"product_tag":[25,55,2662],"class_list":{"0":"post-11446","1":"product","2":"type-product","3":"status-publish","5":"product_cat-giai-phap-hoi-nghi-truc-tuyen","6":"product_tag-man","7":"product_tag-run","8":"product_tag-tinh-nang-moi","10":"first","11":"instock","12":"shipping-taxable","13":"product-type-simple"},"brands":[],"_links":{"self":[{"href":"https:\/\/hophoinghi.vn\/es\/wp-json\/wp\/v2\/product\/11446","targetHints":{"allow":["GET"]}}],"collection":[{"href":"https:\/\/hophoinghi.vn\/es\/wp-json\/wp\/v2\/product"}],"about":[{"href":"https:\/\/hophoinghi.vn\/es\/wp-json\/wp\/v2\/types\/product"}],"replies":[{"embeddable":true,"href":"https:\/\/hophoinghi.vn\/es\/wp-json\/wp\/v2\/comments?post=11446"}],"wp:attachment":[{"href":"https:\/\/hophoinghi.vn\/es\/wp-json\/wp\/v2\/media?parent=11446"}],"wp:term":[{"taxonomy":"pwb-brand","embeddable":true,"href":"https:\/\/hophoinghi.vn\/es\/wp-json\/wp\/v2\/pwb-brand?post=11446"},{"taxonomy":"product_cat","embeddable":true,"href":"https:\/\/hophoinghi.vn\/es\/wp-json\/wp\/v2\/product_cat?post=11446"},{"taxonomy":"product_tag","embeddable":true,"href":"https:\/\/hophoinghi.vn\/es\/wp-json\/wp\/v2\/product_tag?post=11446"}],"curies":[{"name":"wp","href":"https:\/\/api.w.org\/{rel}","templated":true}]}}