{"id":11614,"date":"2024-07-09T22:15:08","date_gmt":"2024-07-09T15:15:08","guid":{"rendered":"https:\/\/hophoinghi.vn\/-product-\/yealink-cp960-wireless-mic\/"},"modified":"2024-07-09T22:15:10","modified_gmt":"2024-07-09T15:15:10","slug":"yealink-cp960-wireless-mic","status":"publish","type":"product","link":"https:\/\/hophoinghi.vn\/es\/-product-\/yealink-cp960-wireless-mic\/","title":{"rendered":"YeaLink CP960-Wireless Mic"},"content":{"rendered":"<div class=\"desc-content-js\">\n<h2 style=\"text-align: justify\"><span style=\"font-size:16px\"><strong>\u0110i\u1ec7n tho\u1ea1i h\u1ed9i ngh\u1ecb Yealink CP960-Wireless Mic<\/strong><\/span><\/h2>\n<div>\n<ul>\n<li style=\"text-align: justify\"><span style=\"font-size:16px\">Micro thu \u00e2m thanh v\u1edbi kho\u1ea3ng c\u00e1ch 6m<\/span><\/li>\n<li style=\"text-align: justify\"><span style=\"font-size:16px\">K\u1ebft n\u1ed1i bluetooth 4.0<\/span><\/li>\n<li style=\"text-align: justify\"><span style=\"font-size:16px\">H\u1ed7 tr\u1ee3 ngu\u1ed3n Poe<\/span><\/li>\n<li style=\"text-align: justify\"><span style=\"font-size:16px\">K\u1ebft n\u1ed1i v\u1edbi PC th\u00f4ng qua c\u1ed5ng USD<\/span><\/li>\n<li style=\"text-align: justify\"><span style=\"font-size:16px\">\u00c2m thanh chu\u1ea9n HD<\/span><\/li>\n<li style=\"text-align: justify\"><span style=\"font-size:16px\">C\u00f4ng ngh\u1ec7 kh\u1eed ti\u1ebfng \u1ed3n 400ms<\/span><\/li>\n<li style=\"text-align: justify\"><span style=\"font-size:16px\">T\u00edch h\u1ee3p mic kh\u00f4ng d\u00e2y ti\u1ec7n cho vi\u1ec7c s\u1eed d\u1ee5ng trong t\u1ed5 ch\u1ee9c h\u1ed9i ngh\u1ecb.<\/span><\/li>\n<li style=\"text-align: justify\"><span style=\"font-size:16px\">M\u00e0n h\u00ecnh c\u1ea3m \u1ee9ng 5 inch\u00a0<\/span><\/li>\n<li style=\"text-align: justify\"><span style=\"font-size:16px\">Kho\u1ea3ng c\u00e1ch k\u1ebft n\u1ed1i kh\u00f4ng d\u00e2y l\u00e0 20M<\/span><\/li>\n<\/ul>\n<div>\u00a0<\/div>\n<\/div><\/div>","protected":false},"excerpt":{"rendered":"<p>\u0110i\u1ec7n tho\u1ea1i h\u1ed9i ngh\u1ecb Yealink CP960-Wireless Mic Micro thu \u00e2m thanh v\u1edbi kho\u1ea3ng c\u00e1ch 6m K\u1ebft n\u1ed1i bluetooth 4.0 H\u1ed7 tr\u1ee3 ngu\u1ed3n Poe K\u1ebft n\u1ed1i v\u1edbi PC th\u00f4ng qua c\u1ed5ng USD \u00c2m thanh chu\u1ea9n HD C\u00f4ng ngh\u1ec7 kh\u1eed ti\u1ebfng \u1ed3n 400ms T\u00edch h\u1ee3p mic kh\u00f4ng d\u00e2y ti\u1ec7n cho vi\u1ec7c s\u1eed d\u1ee5ng trong t\u1ed5 ch\u1ee9c h\u1ed9i [&#8230;]","protected":false},"featured_media":0,"comment_status":"closed","ping_status":"closed","template":"","meta":[],"pwb-brand":[],"product_cat":[2850],"product_tag":[],"class_list":{"0":"post-11614","1":"product","2":"type-product","3":"status-publish","5":"product_cat-speakerphone-microphone","7":"first","8":"instock","9":"shipping-taxable","10":"product-type-simple"},"brands":[],"_links":{"self":[{"href":"https:\/\/hophoinghi.vn\/es\/wp-json\/wp\/v2\/product\/11614","targetHints":{"allow":["GET"]}}],"collection":[{"href":"https:\/\/hophoinghi.vn\/es\/wp-json\/wp\/v2\/product"}],"about":[{"href":"https:\/\/hophoinghi.vn\/es\/wp-json\/wp\/v2\/types\/product"}],"replies":[{"embeddable":true,"href":"https:\/\/hophoinghi.vn\/es\/wp-json\/wp\/v2\/comments?post=11614"}],"wp:attachment":[{"href":"https:\/\/hophoinghi.vn\/es\/wp-json\/wp\/v2\/media?parent=11614"}],"wp:term":[{"taxonomy":"pwb-brand","embeddable":true,"href":"https:\/\/hophoinghi.vn\/es\/wp-json\/wp\/v2\/pwb-brand?post=11614"},{"taxonomy":"product_cat","embeddable":true,"href":"https:\/\/hophoinghi.vn\/es\/wp-json\/wp\/v2\/product_cat?post=11614"},{"taxonomy":"product_tag","embeddable":true,"href":"https:\/\/hophoinghi.vn\/es\/wp-json\/wp\/v2\/product_tag?post=11614"}],"curies":[{"name":"wp","href":"https:\/\/api.w.org\/{rel}","templated":true}]}}