{"id":11702,"date":"2024-08-24T10:00:08","date_gmt":"2024-08-24T03:00:08","guid":{"rendered":"https:\/\/hophoinghi.vn\/-product-\/man-hinh-led-trong-suot-man-hinh-led-flexible-film-screen\/"},"modified":"2024-08-24T10:00:17","modified_gmt":"2024-08-24T03:00:17","slug":"man-hinh-led-trong-suot-man-hinh-led-flexible-film-screen","status":"publish","type":"product","link":"https:\/\/hophoinghi.vn\/id\/-product-\/man-hinh-led-trong-suot-man-hinh-led-flexible-film-screen\/","title":{"rendered":"M\u00e0n H\u00ecnh LED Trong Su\u1ed1t &#8211; M\u00e0n H\u00ecnh LED Flexible Film Screen"},"content":{"rendered":"<div class=\"desc-content-js\">\n<h2 style=\"margin-bottom: 11px\"><span style=\"font-size:11pt\"><span style=\"line-height:107%\"><span style=\"font-family:Arial,sans-serif\"><strong>LED Flexible Film Screen Gi\u1ea3i Ph\u00e1p M\u00e0n H\u00ecnh LED Trong Su\u1ed1t Si\u00eau M\u1ecfng V\u00e0 Nh\u1eb9<\/strong><\/span><\/span><\/span><\/h2>\n<p style=\"margin-bottom: 11px\"><span style=\"font-size:11pt\"><span style=\"line-height:107%\"><span style=\"font-family:Arial,sans-serif\">Kh\u00e1m ph\u00e1 s\u1ee9c m\u1ea1nh c\u1ee7a c\u00f4ng ngh\u1ec7 LED linh ho\u1ea1t v\u1edbi m\u00e0n h\u00ecnh LED film si\u00eau m\u1ecfng v\u00e0 si\u00eau nh\u1eb9, gi\u00fap b\u1ea1n bi\u1ebfn b\u1ea5t k\u1ef3 b\u1ec1 m\u1eb7t n\u00e0o th\u00e0nh m\u1ed9t c\u1ea3nh quan h\u1ea5p d\u1eabn.<\/span><\/span><\/span><\/p>\n<p style=\"text-align: center\"><img decoding=\"async\" alt=\"M\u00e0n h\u00ecnh LED trong su\u1ed1t flexible film screen\" src=\"http:\/\/hophoinghi.vn\/wp-content\/uploads\/2024\/08\/man-hinh-led-trong-suot-led-flexible-film-2_grande.png\" title=\"man-hinh-led-trong-suot-led-flexible-film-2_grande\"><\/p>\n<p style=\"text-align: center\"><em>M\u00e0n h\u00ecnh LED trong su\u1ed1t flexible film screen<\/em><\/p>\n<h3 style=\"margin-bottom: 11px\"><span style=\"font-size:11pt\"><span style=\"line-height:107%\"><span style=\"font-family:Arial,sans-serif\"><strong>\u0110\u1ed9 Trong Su\u1ed1t Cao, H\u1ed3 S\u01a1 Th\u1ea5p<\/strong><\/span><\/span><\/span><\/h3>\n<h4 style=\"margin-bottom: 11px\"><strong><span style=\"font-size:11pt\"><span style=\"line-height:107%\"><span style=\"font-family:Arial,sans-serif\">T\u1ef7 l\u1ec7 trong su\u1ed1t 95%<\/span><\/span><\/span><\/strong><\/h4>\n<p style=\"margin-bottom:11px\"><span style=\"font-size:11pt\"><span style=\"line-height:107%\"><span style=\"font-family:Arial,sans-serif\">M\u00e0n h\u00ecnh LED c\u1ee7a ch\u00fang t\u00f4i c\u00f3 t\u1ef7 l\u1ec7 trong su\u1ed1t l\u00ean t\u1edbi 95%, cho ph\u00e9p n\u00f3 h\u00f2a quy\u1ec7n m\u1ed9t c\u00e1ch ho\u00e0n h\u1ea3o v\u00e0o b\u1ea5t k\u1ef3 m\u00f4i tr\u01b0\u1eddng n\u00e0o.<\/span><\/span><\/span><\/p>\n<h4 style=\"margin-bottom: 11px\"><strong><span style=\"font-size:11pt\"><span style=\"line-height:107%\"><span style=\"font-family:Arial,sans-serif\">Si\u00eau m\u1ecfng v\u00e0 Si\u00eau nh\u1eb9<\/span><\/span><\/span><\/strong><\/h4>\n<p style=\"margin-bottom:11px\"><span style=\"font-size:11pt\"><span style=\"line-height:107%\"><span style=\"font-family:Arial,sans-serif\">Ch\u1ec9 d\u00e0y t\u1eeb 1-3mm v\u00e0 n\u1eb7ng 2kg\/m\u00b2, m\u00e0n h\u00ecnh linh ho\u1ea1t n\u00e0y v\u00f4 c\u00f9ng nh\u1eb9 v\u00e0 m\u1ecfng, gi\u00fap vi\u1ec7c l\u1eafp \u0111\u1eb7t tr\u1edf n\u00ean d\u1ec5 d\u00e0ng.<\/span><\/span><\/span><\/p>\n<h3 style=\"margin-bottom: 11px\"><span style=\"font-size:11pt\"><span style=\"line-height:107%\"><span style=\"font-family:Arial,sans-serif\"><strong>\u0110a D\u1ea1ng v\u00e0 Linh Ho\u1ea1t<\/strong><\/span><\/span><\/span><\/h3>\n<h4 style=\"margin-bottom: 11px\"><strong><span style=\"font-size:11pt\"><span style=\"line-height:107%\"><span style=\"font-family:Arial,sans-serif\">H\u1ed7 Tr\u1ee3 C\u1eaft<\/span><\/span><\/span><\/strong><\/h4>\n<p style=\"margin-bottom:11px\"><span style=\"font-size:11pt\"><span style=\"line-height:107%\"><span style=\"font-family:Arial,sans-serif\">M\u00e0ng c\u00f3 th\u1ec3 d\u1ec5 d\u00e0ng \u0111\u01b0\u1ee3c c\u1eaft theo k\u00edch th\u01b0\u1edbc v\u00e0 h\u00ecnh d\u1ea1ng mong mu\u1ed1n c\u1ee7a b\u1ea1n, mang l\u1ea1i s\u1ef1 linh ho\u1ea1t ho\u00e0n to\u00e0n trong thi\u1ebft k\u1ebf.<\/span><\/span><\/span><\/p>\n<h4 style=\"margin-bottom: 11px\"><strong><span style=\"font-size:11pt\"><span style=\"line-height:107%\"><span style=\"font-family:Arial,sans-serif\">R\u1ea5t Linh Ho\u1ea1t<\/span><\/span><\/span><\/strong><\/h4>\n<p style=\"margin-bottom:11px\"><span style=\"font-size:11pt\"><span style=\"line-height:107%\"><span style=\"font-family:Arial,sans-serif\">U\u1ed1n cong v\u00e0 t\u1ea1o h\u00ecnh m\u00e0n h\u00ecnh \u0111\u1ec3 ph\u00f9 h\u1ee3p v\u1edbi b\u1ea5t k\u1ef3 b\u1ec1 m\u1eb7t n\u00e0o, t\u1eeb t\u01b0\u1eddng \u0111\u1ebfn k\u00ednh, cho m\u1ed9t v\u1ebb ngo\u00e0i t\u00edch h\u1ee3p m\u01b0\u1ee3t m\u00e0.<\/span><\/span><\/span><\/p>\n<h4 style=\"margin-bottom: 11px\"><strong><span style=\"font-size:11pt\"><span style=\"line-height:107%\"><span style=\"font-family:Arial,sans-serif\">Kh\u00f4ng C\u00f3 Khung Th\u00e9p<\/span><\/span><\/span><\/strong><\/h4>\n<p style=\"margin-bottom:11px\"><span style=\"font-size:11pt\"><span style=\"line-height:107%\"><span style=\"font-family:Arial,sans-serif\">Thi\u1ebft k\u1ebf kh\u00f4ng khung c\u1ee7a ch\u00fang t\u00f4i lo\u1ea1i b\u1ecf nhu c\u1ea7u v\u1ec1 c\u1ea5u tr\u00fac th\u00e9p c\u1ed3ng k\u1ec1nh, gi\u1ea3m b\u1edbt s\u1ef1 ph\u1ee9c t\u1ea1p v\u00e0 chi ph\u00ed l\u1eafp \u0111\u1eb7t.<\/span><\/span><\/span><\/p>\n<p style=\"text-align: center\"><img decoding=\"async\" alt=\"LED trong su\u1ed1t flexible film screen mang t\u00ednh \u1ee9ng d\u1ee5ng cao\" src=\"http:\/\/hophoinghi.vn\/wp-content\/uploads\/2024\/08\/man-hinh-led-trong-suot-led-flexible-film-ung-dung_grande.png\" title=\"man-hinh-led-trong-suot-led-flexible-film-ung-dung_grande\"><\/p>\n<p style=\"text-align: center\"><em>LED trong su\u1ed1t flexible film screen mang t\u00ednh \u1ee9ng d\u1ee5ng cao<\/em><\/p>\n<h3 style=\"margin-bottom: 11px\"><span style=\"font-size:11pt\"><span style=\"line-height:107%\"><span style=\"font-family:Arial,sans-serif\"><strong>Bi\u1ebfn \u0110\u1ed5i Kh\u00f4ng Gian M\u1ed9t C\u00e1ch D\u1ec5 D\u00e0ng<\/strong><\/span><\/span><\/span><\/h3>\n<h4 style=\"margin-bottom: 11px\"><strong><span style=\"font-size:11pt\"><span style=\"line-height:107%\"><span style=\"font-family:Arial,sans-serif\">Ph\u00f9 H\u1ee3p V\u1edbi M\u1ecdi B\u1ec1 M\u1eb7t<\/span><\/span><\/span><\/strong><\/h4>\n<p style=\"margin-bottom:11px\"><span style=\"font-size:11pt\"><span style=\"line-height:107%\"><span style=\"font-family:Arial,sans-serif\">M\u00e0ng LED c\u00f3 th\u1ec3 \u0111\u01b0\u1ee3c l\u1eafp \u0111\u1eb7t tr\u00ean nhi\u1ec1u b\u1ec1 m\u1eb7t kh\u00e1c nhau, bao g\u1ed3m k\u00ednh, t\u01b0\u1eddng v\u00e0 h\u01a1n th\u1ebf n\u1eefa, cho ph\u00e9p b\u1ea1n t\u1ea1o ra nh\u1eefng tr\u1ea3i nghi\u1ec7m h\u00ecnh \u1ea3nh tuy\u1ec7t \u0111\u1eb9p.<\/span><\/span><\/span><\/p>\n<p style=\"margin-bottom:11px\"><strong><span style=\"font-size:11pt\"><span style=\"line-height:107%\"><span style=\"font-family:Arial,sans-serif\">L\u1eafp \u0110\u1eb7t Ti\u1ebft Ki\u1ec7m Chi Ph\u00ed<\/span><\/span><\/span><\/strong><\/p>\n<p style=\"margin-bottom:11px\"><span style=\"font-size:11pt\"><span style=\"line-height:107%\"><span style=\"font-family:Arial,sans-serif\">Kh\u00f4ng c\u1ea7n khung th\u00e9p, gi\u1ea3i ph\u00e1p LED linh ho\u1ea1t c\u1ee7a ch\u00fang t\u00f4i d\u1ec5 l\u1eafp \u0111\u1eb7t, gi\u1ea3m chi ph\u00ed lao \u0111\u1ed9ng v\u00e0 v\u1eadt li\u1ec7u.<\/span><\/span><\/span><\/p>\n<p style=\"margin-bottom:11px\"><strong><span style=\"font-size:11pt\"><span style=\"line-height:107%\"><span style=\"font-family:Arial,sans-serif\">N\u00e2ng T\u1ea7m Thi\u1ebft K\u1ebf C\u1ee7a B\u1ea1n<\/span><\/span><\/span><\/strong><\/p>\n<p style=\"margin-bottom:11px\"><span style=\"font-size:11pt\"><span style=\"line-height:107%\"><span style=\"font-family:Arial,sans-serif\">Bi\u1ebfn nh\u1eefng \u00fd t\u01b0\u1edfng s\u00e1ng t\u1ea1o c\u1ee7a b\u1ea1n th\u00e0nh hi\u1ec7n th\u1ef1c v\u1edbi m\u00e0n h\u00ecnh LED trong su\u1ed1t \u0111a n\u0103ng n\u00e0y, bi\u1ebfn kh\u00f4ng gian th\u00f4ng th\u01b0\u1eddng th\u00e0nh nh\u1eefng tr\u1ea3i nghi\u1ec7m phi th\u01b0\u1eddng.<\/span><\/span><\/span><\/p>\n<p style=\"text-align: center\"><img decoding=\"async\" alt=\"LED trong su\u1ed1t flexible film screen \u0111\u00e1p \u1ee9ng t\u1ed1t nhu c\u1ea7u thi c\u00f4ng v\u00e0 l\u1eafp \u0111\u1eb7t\" src=\"http:\/\/hophoinghi.vn\/wp-content\/uploads\/2024\/08\/man-hinh-led-trong-suot-led-flexible-film-ung-dung-decor_grande.png\" title=\"man-hinh-led-trong-suot-led-flexible-film-ung-dung-decor_grande\"><\/p>\n<p style=\"text-align: center\"><em>LED trong su\u1ed1t flexible film screen \u0111\u00e1p \u1ee9ng t\u1ed1t nhu c\u1ea7u thi c\u00f4ng v\u00e0 l\u1eafp \u0111\u1eb7t<\/em><\/p>\n<h3 style=\"margin-bottom: 11px\"><span style=\"font-size:11pt\"><span style=\"line-height:107%\"><span style=\"font-family:Arial,sans-serif\"><strong>Nh\u1eefng Kh\u1ea3 N\u0103ng V\u00f4 H\u1ea1n<\/strong><\/span><\/span><\/span><\/h3>\n<h4 style=\"margin-bottom: 11px\"><strong><span style=\"font-size:11pt\"><span style=\"line-height:107%\"><span style=\"font-family:Arial,sans-serif\">Hi\u1ec3n Th\u1ecb C\u1eeda H\u00e0ng<\/span><\/span><\/span><\/strong><\/h4>\n<p style=\"margin-bottom:11px\"><span style=\"font-size:11pt\"><span style=\"line-height:107%\"><span style=\"font-family:Arial,sans-serif\">L\u00f4i cu\u1ed1n ng\u01b0\u1eddi qua \u0111\u01b0\u1eddng v\u1edbi nh\u1eefng m\u00e0n h\u00ecnh c\u1eeda h\u00e0ng \u0111\u1ed9ng, b\u1eaft m\u1eaft.<\/span><\/span><\/span><\/p>\n<p style=\"margin-bottom:11px\"><strong><span style=\"font-size:11pt\"><span style=\"line-height:107%\"><span style=\"font-family:Arial,sans-serif\">C\u00e0i \u0110\u1eb7t Ngh\u1ec7 Thu\u1eadt<\/span><\/span><\/span><\/strong><\/p>\n<p style=\"margin-bottom:11px\"><span style=\"font-size:11pt\"><span style=\"line-height:107%\"><span style=\"font-family:Arial,sans-serif\">N\u00e2ng cao t\u1ea7m nh\u00ecn ngh\u1ec7 thu\u1eadt c\u1ee7a b\u1ea1n v\u1edbi c\u00f4ng ngh\u1ec7 m\u00e0n h\u00ecnh LED \u0111\u1ed5i m\u1edbi n\u00e0y.<\/span><\/span><\/span><\/p>\n<p style=\"margin-bottom:11px\"><strong><span style=\"font-size:11pt\"><span style=\"line-height:107%\"><span style=\"font-family:Arial,sans-serif\">T\u00edch H\u1ee3p Ki\u1ebfn Tr\u00fac<\/span><\/span><\/span><\/strong><\/p>\n<p style=\"margin-bottom:11px\"><span style=\"font-size:11pt\"><span style=\"line-height:107%\"><span style=\"font-family:Arial,sans-serif\">T\u00edch h\u1ee3p m\u00e0n h\u00ecnh LED v\u00e0o c\u00e1c m\u1eb7t ti\u1ec1n v\u00e0 c\u1ea5u tr\u00fac c\u1ee7a t\u00f2a nh\u00e0 m\u1ed9t c\u00e1ch m\u01b0\u1ee3t m\u00e0.<\/span><\/span><\/span><\/p>\n<h4 style=\"margin-bottom: 11px\"><strong><span style=\"font-size:11pt\"><span style=\"line-height:107%\"><span style=\"font-family:Arial,sans-serif\">Tr\u1ea3i Nghi\u1ec7m B\u00e1n L\u1ebb<\/span><\/span><\/span><\/strong><\/h4>\n<p style=\"margin-bottom:11px\"><span style=\"font-size:11pt\"><span style=\"line-height:107%\"><span style=\"font-family:Arial,sans-serif\">T\u1ea1o ra nh\u1eefng m\u00f4i tr\u01b0\u1eddng b\u00e1n l\u1ebb t\u01b0\u01a1ng t\u00e1c, h\u1ea5p d\u1eabn m\u00e0 thu h\u00fat kh\u00e1ch h\u00e0ng.<\/span><\/span><\/span><\/p>\n<p style=\"text-align: center\"><img decoding=\"async\" alt=\"LED trong su\u1ed1t flexible film screen mang \u0111\u1ebfn tr\u1ea3i nghi\u1ec7m xem \u0111\u1ed9c \u0111\u00e1o\" src=\"http:\/\/hophoinghi.vn\/wp-content\/uploads\/2024\/08\/man-hinh-led-trong-suot-led-flexible-film-ung-dung-toa-nha_grande.png\" title=\"man-hinh-led-trong-suot-led-flexible-film-ung-dung-toa-nha_grande\"><\/p>\n<p style=\"text-align: center\"><em>LED trong su\u1ed1t flexible film screen mang \u0111\u1ebfn tr\u1ea3i nghi\u1ec7m xem \u0111\u1ed9c \u0111\u00e1o<\/em><\/p>\n<h3 style=\"margin-bottom: 11px\"><strong><span style=\"font-size:11pt\"><span style=\"line-height:107%\"><span style=\"font-family:Arial,sans-serif\">Th\u00f4ng S\u1ed1 K\u1ef9 Thu\u1eadt M\u00e0n H\u00ecnh LED Film<\/span><\/span><\/span><\/strong><\/h3>\n<ul>\n<li style=\"margin-left:8px\"><span style=\"font-size:11pt\"><span style=\"line-height:107%\"><span style=\"font-family:Arial,sans-serif\">Kho\u1ea3ng C\u00e1ch Pixel: 6mm &#8211; 20mm<\/span><\/span><\/span><\/li>\n<li style=\"margin-left:8px\"><span style=\"font-size:11pt\"><span style=\"line-height:107%\"><span style=\"font-family:Arial,sans-serif\">\u0110\u1ed9 D\u00e0y Hi\u1ec3n Th\u1ecb: 3mm<\/span><\/span><\/span><\/li>\n<li style=\"margin-left:8px\"><span style=\"font-size:11pt\"><span style=\"line-height:107%\"><span style=\"font-family:Arial,sans-serif\">\u0110\u1ed9 S\u00e1ng: 5000nits<\/span><\/span><\/span><\/li>\n<li style=\"margin-left:8px\"><span style=\"font-size:11pt\"><span style=\"line-height:107%\"><span style=\"font-family:Arial,sans-serif\">T\u1ef7 L\u1ec7 Trong Su\u1ed1t: 80% &#8211; 95%<\/span><\/span><\/span><\/li>\n<li style=\"margin-left:8px\"><span style=\"font-size:11pt\"><span style=\"line-height:107%\"><span style=\"font-family:Arial,sans-serif\">Chip LED: SMD2020<\/span><\/span><\/span><\/li>\n<li style=\"margin-left:8px\"><span style=\"font-size:11pt\"><span style=\"line-height:107%\"><span style=\"font-family:Arial,sans-serif\">K\u00edch Th\u01b0\u1edbc S\u1ea3n Ph\u1ea9m: 960230mm \/ 1200230mm \/ 1500*230mm<\/span><\/span><\/span><\/li>\n<li style=\"margin-left:8px\"><span style=\"font-size:11pt\"><span style=\"line-height:107%\"><span style=\"font-family:Arial,sans-serif\">Ti\u00eau Th\u1ee5 \u0110i\u1ec7n: Trung b\u00ecnh: 240W\/m\u00b2, T\u1ed1i \u0111a: 800W\/m\u00b2<\/span><\/span><\/span><\/li>\n<li style=\"margin-left:8px\"><span style=\"font-size:11pt\"><span style=\"line-height:107%\"><span style=\"font-family:Arial,sans-serif\">Tr\u1ecdng L\u01b0\u1ee3ng M\u00e0n H\u00ecnh: \u22642kg\/m\u00b2<\/span><\/span><\/span><\/li>\n<li style=\"margin-left:8px\"><span style=\"font-size:11pt\"><span style=\"line-height:107%\"><span style=\"font-family:Arial,sans-serif\">Th\u01b0\u01a1ng Hi\u1ec7u Cung C\u1ea5p Ngu\u1ed3n: YUANCHI<\/span><\/span><\/span><\/li>\n<li style=\"margin-left:8px\"><span style=\"font-size:11pt\"><span style=\"line-height:107%\"><span style=\"font-family:Arial,sans-serif\">T\u1ef7 L\u1ec7 Trong Su\u1ed1t: &gt;80%-95%<\/span><\/span><\/span><\/li>\n<li style=\"margin-left:8px\"><span style=\"font-size:11pt\"><span style=\"line-height:107%\"><span style=\"font-family:Arial,sans-serif\">X\u1ebfp H\u1ea1ng IP: IP45<\/span><\/span><\/span><\/li>\n<li style=\"margin-left:8px\"><span style=\"font-size:11pt\"><span style=\"line-height:107%\"><span style=\"font-family:Arial,sans-serif\">Tu\u1ed5i Th\u1ecd Trung B\u00ecnh: \u2265100,000 gi\u1edd ho\u1ea1t \u0111\u1ed9ng<\/span><\/span><\/span><\/li>\n<li style=\"margin-left:8px\"><span style=\"font-size:11pt\"><span style=\"line-height:107%\"><span style=\"font-family:Arial,sans-serif\">Y\u00eau C\u1ea7u \u0110i\u1ec7n: 110-220V\u00b110%; AC50\/60HZ<\/span><\/span><\/span><\/li>\n<li style=\"margin-left:8px\"><span style=\"font-size:11pt\"><span style=\"line-height:107%\"><span style=\"font-family:Arial,sans-serif\">\u0110\u1ed9 S\u00e1ng M\u00e0n H\u00ecnh: 1500-5000cd\/m\u00b2<\/span><\/span><\/span><\/li>\n<li style=\"margin-left:8px\"><span style=\"font-size:11pt\"><span style=\"line-height:107%\"><span style=\"font-family:Arial,sans-serif\">Kho\u1ea3ng C\u00e1ch Xem: 6m-250m<\/span><\/span><\/span><\/li>\n<li style=\"margin-left:8px\"><span style=\"font-size:11pt\"><span style=\"line-height:107%\"><span style=\"font-family:Arial,sans-serif\">G\u00f3c Xem: Ngang \u2265160\u00b0, D\u1ecdc \u2265140\u00b0<\/span><\/span><\/span><\/li>\n<li style=\"margin-left:8px\"><span style=\"font-size:11pt\"><span style=\"line-height:107%\"><span style=\"font-family:Arial,sans-serif\">M\u1ee9c \u0110\u1ed9 X\u00e1m: \u226516 bit<\/span><\/span><\/span><\/li>\n<li style=\"margin-left:8px\"><span style=\"font-size:11pt\"><span style=\"line-height:107%\"><span style=\"font-family:Arial,sans-serif\">Nhi\u1ec7t \u0110\u1ed9 M\u00e0u: 5500K-15000K (c\u00f3 th\u1ec3 \u0111i\u1ec1u ch\u1ec9nh)<\/span><\/span><\/span><\/li>\n<li style=\"margin-left:8px\"><span style=\"font-size:11pt\"><span style=\"line-height:107%\"><span style=\"font-family:Arial,sans-serif\">Ph\u01b0\u01a1ng Ph\u00e1p \u0110i\u1ec1u Khi\u1ec3n: T\u0129nh<\/span><\/span><\/span><\/li>\n<li style=\"margin-left:8px\"><span style=\"font-size:11pt\"><span style=\"line-height:107%\"><span style=\"font-family:Arial,sans-serif\">T\u1ef7 L\u1ec7 Suy Gi\u1ea3m: \u00cdt h\u01a1n 0.05% trong 2 n\u0103m<\/span><\/span><\/span><\/li>\n<li style=\"margin-left:8px\"><span style=\"font-size:11pt\"><span style=\"line-height:107%\"><span style=\"font-family:Arial,sans-serif\">T\u1ed1c \u0110\u1ed9 L\u00e0m M\u1edbi: \u22653840HZ<\/span><\/span><\/span><\/li>\n<li style=\"margin-left:8px\"><span style=\"font-size:11pt\"><span style=\"line-height:107%\"><span style=\"font-family:Arial,sans-serif\">T\u1ed1c \u0110\u1ed9 Khung H\u00ecnh: \u226560HZ<\/span><\/span><\/span><\/li>\n<li style=\"margin-left:8px\"><span style=\"font-size:11pt\"><span style=\"line-height:107%\"><span style=\"font-family:Arial,sans-serif\">Th\u1eddi Gian V\u1eadn H\u00e0nh Kh\u00f4ng G\u1eb7p S\u1ef1 C\u1ed1: \u226510,000 gi\u1edd<\/span><\/span><\/span><\/li>\n<li style=\"margin-left:8px\"><span style=\"font-size:11pt\"><span style=\"line-height:107%\"><span style=\"font-family:Arial,sans-serif\">T\u1ef7 L\u1ec7 H\u1ecfng Chip LED: \u22641\/10,000<\/span><\/span><\/span><\/li>\n<li style=\"margin-left:8px\"><span style=\"font-size:11pt\"><span style=\"line-height:107%\"><span style=\"font-family:Arial,sans-serif\">H\u1ec7 Th\u1ed1ng \u0110i\u1ec1u Khi\u1ec3n: Colorlight\/Novastar<\/span><\/span><\/span><\/li>\n<li style=\"margin-left:8px\"><span style=\"font-size:11pt\"><span style=\"line-height:107%\"><span style=\"font-family:Arial,sans-serif\">M\u00f4i Tr\u01b0\u1eddng Ho\u1ea1t \u0110\u1ed9ng: -10~+65 <span style='font-family:\"Cambria Math\",serif'>\u2103<\/span><\/span><\/span><\/span><\/li>\n<li style=\"margin-bottom:11px;margin-left:8px\"><span style=\"font-size:11pt\"><span style=\"line-height:107%\"><span style=\"font-family:Arial,sans-serif\">Ph\u01b0\u01a1ng Ph\u00e1p L\u1eafp \u0110\u1eb7t: D\u00e1n l\u00ean k\u00ednh, l\u1eafp \u0111\u1eb7t treo, l\u1eafp \u0111\u1eb7t c\u1ed1 \u0111\u1ecbnh. H\u1ed7 tr\u1ee3 c\u1eaft v\u00e0 u\u1ed1n cong k\u00edch th\u01b0\u1edbc t\u00f9y \u00fd.<\/span><\/span><\/span><\/li>\n<\/ul>\n<div>\n<p style=\"text-align: center\"><img decoding=\"async\" alt=\"\u1ee8ng d\u1ee5ng LED trong su\u1ed1t flexible film screen h\u00e3y li\u00ean h\u1ec7 ngay hophoinghi nh\u00e9!\" src=\"http:\/\/hophoinghi.vn\/wp-content\/uploads\/2024\/08\/man-hinh-led-trong-suot-led-flexible-film-trang-tri_grande.png\" title=\"man-hinh-led-trong-suot-led-flexible-film-trang-tri_grande\"><\/p>\n<p><span style=\"font-family:Arial,sans-serif\"><span style=\"font-size:14.6667px\">\u1ee8ng d\u1ee5ng LED trong su\u1ed1t flexible film screen h\u00e3y li\u00ean h\u1ec7 ngay hophoinghi nh\u00e9!<\/span><\/span><\/div>\n<\/p><\/div>","protected":false},"excerpt":{"rendered":"<p>LED Flexible Film Screen Gi\u1ea3i Ph\u00e1p M\u00e0n H\u00ecnh LED Trong Su\u1ed1t Si\u00eau M\u1ecfng V\u00e0 Nh\u1eb9 Kh\u00e1m ph\u00e1 s\u1ee9c m\u1ea1nh c\u1ee7a c\u00f4ng ngh\u1ec7 LED linh ho\u1ea1t v\u1edbi m\u00e0n h\u00ecnh LED film si\u00eau m\u1ecfng v\u00e0 si\u00eau nh\u1eb9, gi\u00fap b\u1ea1n bi\u1ebfn b\u1ea5t k\u1ef3 b\u1ec1 m\u1eb7t n\u00e0o th\u00e0nh m\u1ed9t c\u1ea3nh quan h\u1ea5p d\u1eabn. M\u00e0n h\u00ecnh LED trong su\u1ed1t flexible [&#8230;]","protected":false},"featured_media":11703,"comment_status":"closed","ping_status":"closed","template":"","meta":[],"pwb-brand":[],"product_cat":[2857],"product_tag":[25,55,2842],"class_list":{"0":"post-11702","1":"product","2":"type-product","3":"status-publish","4":"has-post-thumbnail","6":"product_cat-man-hinh-led-quang-cao","7":"product_tag-man","8":"product_tag-run","9":"product_tag-tiet-kiem-chi-phi","11":"first","12":"instock","13":"shipping-taxable","14":"product-type-simple"},"brands":[],"_links":{"self":[{"href":"https:\/\/hophoinghi.vn\/id\/wp-json\/wp\/v2\/product\/11702","targetHints":{"allow":["GET"]}}],"collection":[{"href":"https:\/\/hophoinghi.vn\/id\/wp-json\/wp\/v2\/product"}],"about":[{"href":"https:\/\/hophoinghi.vn\/id\/wp-json\/wp\/v2\/types\/product"}],"replies":[{"embeddable":true,"href":"https:\/\/hophoinghi.vn\/id\/wp-json\/wp\/v2\/comments?post=11702"}],"wp:featuredmedia":[{"embeddable":true,"href":"https:\/\/hophoinghi.vn\/id\/wp-json\/wp\/v2\/media\/11703"}],"wp:attachment":[{"href":"https:\/\/hophoinghi.vn\/id\/wp-json\/wp\/v2\/media?parent=11702"}],"wp:term":[{"taxonomy":"pwb-brand","embeddable":true,"href":"https:\/\/hophoinghi.vn\/id\/wp-json\/wp\/v2\/pwb-brand?post=11702"},{"taxonomy":"product_cat","embeddable":true,"href":"https:\/\/hophoinghi.vn\/id\/wp-json\/wp\/v2\/product_cat?post=11702"},{"taxonomy":"product_tag","embeddable":true,"href":"https:\/\/hophoinghi.vn\/id\/wp-json\/wp\/v2\/product_tag?post=11702"}],"curies":[{"name":"wp","href":"https:\/\/api.w.org\/{rel}","templated":true}]}}