{"id":11652,"date":"2024-08-12T13:00:07","date_gmt":"2024-08-12T06:00:07","guid":{"rendered":"https:\/\/hophoinghi.vn\/-product-\/man-hinh-led-quan-bar-chinh-hang\/"},"modified":"2024-08-12T13:00:13","modified_gmt":"2024-08-12T06:00:13","slug":"man-hinh-led-quan-bar-chinh-hang","status":"publish","type":"product","link":"https:\/\/hophoinghi.vn\/ja\/-product-\/man-hinh-led-quan-bar-chinh-hang\/","title":{"rendered":"M\u00e0n H\u00ecnh LED Qu\u00e1n Bar Ch\u00ednh H\u00e3ng"},"content":{"rendered":"<div class=\"desc-content-js\">\n<h2 style=\"text-align: justify\">M\u00e0n H\u00ecnh LED Qu\u00e1n Bar L\u00e0 G\u00ec?<\/h2>\n<p style=\"text-align: justify\">M\u00e0n h\u00ecnh LED qu\u00e1n bar l\u00e0 gi\u1ea3i ph\u00e1p m\u00e0n h\u00ecnh tr\u00ecnh chi\u1ebfu n\u1ed9i dung k\u1ef9 thu\u1eadt s\u1ed1, th\u01b0\u1eddng \u0111\u01b0\u1ee3c l\u1eafp \u0111\u1eb7t trong c\u00e1c qu\u00e1n bar \u0111\u1ec3 t\u1ea1o hi\u1ec7u \u1ee9ng \u00e1nh s\u00e1ng v\u00e0 h\u00ecnh \u1ea3nh sinh \u0111\u1ed9ng. M\u00e0n h\u00ecnh s\u1eed d\u1ee5ng c\u00f4ng ngh\u1ec7 LED \u0111\u1ec3 cung c\u1ea5p h\u00ecnh \u1ea3nh s\u1eafc n\u00e9t v\u00e0 m\u00e0u s\u1eafc r\u1ef1c r\u1ee1, t\u1ea1o ra m\u1ed9t kh\u00f4ng gian h\u1ea5p d\u1eabn v\u00e0 thu h\u00fat kh\u00e1ch h\u00e0ng.<\/p>\n<p style=\"text-align: center\"><img decoding=\"async\" src=\"http:\/\/hophoinghi.vn\/wp-content\/uploads\/2024\/08\/man-hinh-led-quan-bar-hcm.jpg\" alt=\"M\u00e0n H\u00ecnh LED Qu\u00e1n Bar Ch\u00ednh H\u00e3ng, Gi\u00e1 T\u1ed1t\" title=\"man-hinh-led-quan-bar-hcm\"><\/p>\n<h2 style=\"text-align: justify\">N\u00ean S\u1eed D\u1ee5ng M\u00e0n H\u00ecnh LED Cho Qu\u00e1n Bar V\u00ec Sao?<\/h2>\n<p style=\"text-align: justify\">S\u1eed d\u1ee5ng m\u00e0n h\u00ecnh LED cho qu\u00e1n bar kh\u00f4ng ch\u1ec9 gi\u00fap n\u00e2ng cao tr\u1ea3i nghi\u1ec7m c\u1ee7a kh\u00e1ch h\u00e0ng m\u00e0 c\u00f2n t\u1ea1o ra m\u1ed9t b\u1ea7u kh\u00f4ng kh\u00ed s\u00f4i \u0111\u1ed9ng v\u00e0 th\u00fa v\u1ecb. V\u1edbi kh\u1ea3 n\u0103ng hi\u1ec3n th\u1ecb m\u00e0u s\u1eafc v\u00e0 h\u00ecnh \u1ea3nh ch\u1ea5t l\u01b0\u1ee3ng cao, m\u00e0n h\u00ecnh LED c\u00f3 th\u1ec3 chi\u1ebfu c\u00e1c video, h\u00ecnh \u1ea3nh \u0111\u1ed9ng v\u00e0 n\u1ed9i dung qu\u1ea3ng c\u00e1o, l\u00e0m cho qu\u00e1n bar c\u1ee7a b\u1ea1n n\u1ed5i b\u1eadt h\u01a1n.<\/p>\n<h2 style=\"text-align: justify\">\u01afu \u0110i\u1ec3m C\u1ee7a M\u00e0n H\u00ecnh LED Khi \u1ee8ng D\u1ee5ng Cho Qu\u00e1n Bar<\/h2>\n<ul>\n<li>\n<p style=\"text-align: justify\">Ch\u1ea5t l\u01b0\u1ee3ng h\u00ecnh \u1ea3nh tuy\u1ec7t v\u1eddi: M\u00e0n h\u00ecnh LED cung c\u1ea5p \u0111\u1ed9 s\u00e1ng cao v\u00e0 \u0111\u1ed9 ph\u00e2n gi\u1ea3i s\u1eafc n\u00e9t, gi\u00fap hi\u1ec3n th\u1ecb h\u00ecnh \u1ea3nh v\u00e0 video r\u00f5 r\u00e0ng trong m\u00f4i tr\u01b0\u1eddng \u00e1nh s\u00e1ng th\u1ea5p.<\/p>\n<\/li>\n<li>\n<p style=\"text-align: justify\">Ti\u1ebft ki\u1ec7m n\u0103ng l\u01b0\u1ee3ng: C\u00f4ng ngh\u1ec7 LED ti\u00eau th\u1ee5 \u00edt \u0111i\u1ec7n n\u0103ng h\u01a1n so v\u1edbi c\u00e1c c\u00f4ng ngh\u1ec7 m\u00e0n h\u00ecnh kh\u00e1c, gi\u00fap gi\u1ea3m chi ph\u00ed v\u1eadn h\u00e0nh.<\/p>\n<\/li>\n<\/ul>\n<div style=\"text-align: justify\">\n<p style=\"text-align: center\"><img decoding=\"async\" src=\"http:\/\/hophoinghi.vn\/wp-content\/uploads\/2024\/08\/man-hinh-led-quan-bar-ha-noi.jpg\" alt=\"M\u00e0n H\u00ecnh LED Qu\u00e1n Bar Ch\u00ednh H\u00e3ng, Gi\u00e1 T\u1ed1t\" title=\"man-hinh-led-quan-bar-ha-noi\"><\/p>\n<p>\u00a0<\/p>\n<\/div>\n<ul>\n<li>\n<p style=\"text-align: justify\">\u0110\u1ed9 b\u1ec1n cao: M\u00e0n h\u00ecnh LED c\u00f3 tu\u1ed5i th\u1ecd l\u00e2u d\u00e0i v\u00e0 kh\u1ea3 n\u0103ng ch\u1ecbu \u0111\u01b0\u1ee3c va \u0111\u1eadp t\u1ed1t, ph\u00f9 h\u1ee3p v\u1edbi m\u00f4i tr\u01b0\u1eddng ho\u1ea1t \u0111\u1ed9ng li\u00ean t\u1ee5c c\u1ee7a qu\u00e1n bar.<\/p>\n<\/li>\n<li>\n<p style=\"text-align: justify\">Kh\u1ea3 n\u0103ng t\u00f9y ch\u1ec9nh: B\u1ea1n c\u00f3 th\u1ec3 d\u1ec5 d\u00e0ng thay \u0111\u1ed5i n\u1ed9i dung hi\u1ec3n th\u1ecb, t\u1eeb c\u00e1c ch\u01b0\u01a1ng tr\u00ecnh khuy\u1ebfn m\u00e3i \u0111\u1ebfn c\u00e1c s\u1ef1 ki\u1ec7n \u0111\u1eb7c bi\u1ec7t.<\/p>\n<\/li>\n<li>\n<p style=\"text-align: justify\">K\u00edch th\u01b0\u1edbc \u0111a d\u1ea1ng: Lu\u00f4n c\u00f3 th\u1ec3 \u0111\u00e1p \u1ee9ng m\u1ecdi nhu c\u1ea7u l\u1eafp \u0111\u1eb7t cho c\u00e1c kh\u00f4ng gian kh\u00e1c nhau nh\u01b0 s\u00e2n kh\u1ea5u, qu\u1ea7y bar, khu v\u1ef1c s\u1ea3nh \u0111\u00f3n kh\u00e1ch\u2026<\/p>\n<\/li>\n<\/ul>\n<h2 style=\"text-align: justify\">B\u1ea3ng Gi\u00e1 M\u00e0n H\u00ecnh LED T\u1ea1i Qu\u00e1n Bar<\/h2>\n<p style=\"text-align: justify\">B\u1ea3ng gi\u00e1 m\u00e0n h\u00ecnh LED c\u00f3 th\u1ec3 dao \u0111\u1ed9ng t\u00f9y thu\u1ed9c v\u00e0o k\u00edch th\u01b0\u1edbc, \u0111\u1ed9 ph\u00e2n gi\u1ea3i v\u00e0 c\u00e1c t\u00ednh n\u0103ng c\u1ee7a m\u00e0n h\u00ecnh. Sau \u0111\u00e2y l\u00e0 m\u1ed9t s\u1ed1 m\u1ee9c gi\u00e1 ph\u1ed5 bi\u1ebfn m\u00e0 b\u1ea1n c\u00f3 th\u1ec3 tham kh\u1ea3o:<\/p>\n<ul>\n<li>\n<p style=\"text-align: justify\">M\u00e0n h\u00ecnh LED nh\u1ecf (k\u00edch th\u01b0\u1edbc t\u1eeb 32-55 inch): t\u1eeb 15.000.000 VN\u0110 \u0111\u1ebfn 30.000.000 VN\u0110.<\/p>\n<\/li>\n<li>\n<p style=\"text-align: justify\">M\u00e0n h\u00ecnh LED trung b\u00ecnh (k\u00edch th\u01b0\u1edbc t\u1eeb 55-75 inch): t\u1eeb 30.000.000 VN\u0110 \u0111\u1ebfn 60.000.000 VN\u0110.<\/p>\n<\/li>\n<li>\n<p style=\"text-align: justify\">M\u00e0n h\u00ecnh LED l\u1edbn (k\u00edch th\u01b0\u1edbc tr\u00ean 75 inch): t\u1eeb 60.000.000 VN\u0110 tr\u1edf l\u00ean.<\/p>\n<\/li>\n<\/ul>\n<div style=\"text-align: justify\">\n<p style=\"text-align: center\"><img decoding=\"async\" src=\"http:\/\/hophoinghi.vn\/wp-content\/uploads\/2024\/08\/man-hinh-led-quan-bar-da-nang.jpg\" alt=\"M\u00e0n H\u00ecnh LED Qu\u00e1n Bar Ch\u00ednh H\u00e3ng, Gi\u00e1 T\u1ed1t\" title=\"man-hinh-led-quan-bar-da-nang\"><\/p>\n<p>\u00a0<\/p>\n<\/div>\n<p style=\"text-align: justify\">Tuy nhi\u00ean m\u1ee9c gi\u00e1 n\u00e0y th\u01b0\u1eddng s\u1ebd thay \u0111\u1ed5i li\u00ean t\u1ee5c v\u00e0 s\u1ebd ch\u00eanh l\u1ec7ch nhi\u1ec1u gi\u1eefa c\u00e1c th\u01b0\u01a1ng hi\u1ec7u m\u00e0n h\u00ecnh. Do \u0111\u00f3, n\u1ebfu b\u1ea1n c\u1ea7n b\u00e1o gi\u00e1 ch\u00ednh x\u00e1c, \u0111\u00fang v\u1edbi y\u00eau c\u1ea7u s\u1eed d\u1ee5ng v\u00e0 t\u1ed1i \u01b0u v\u1ec1 m\u1eb7t ng\u00e2n s\u00e1ch \u0111\u1ea7u t\u01b0 h\u00e3y li\u00ean h\u1ec7 v\u1edbi hophoinghi nh\u00e9!<\/p>\n<h2 style=\"text-align: justify\">\u1ee8ng D\u1ee5ng C\u1ee7a M\u00e0n H\u00ecnh LED Cho Qu\u00e1n Bar<\/h2>\n<ul>\n<li>\n<p style=\"text-align: justify\">Tr\u00ecnh chi\u1ebfu video \u00e2m nh\u1ea1c: T\u1ea1o kh\u00f4ng kh\u00ed s\u00f4i \u0111\u1ed9ng v\u1edbi c\u00e1c video \u00e2m nh\u1ea1c v\u00e0 video qu\u1ea3ng c\u00e1o.<\/p>\n<\/li>\n<li>\n<p style=\"text-align: justify\">Th\u00f4ng b\u00e1o s\u1ef1 ki\u1ec7n: Hi\u1ec3n th\u1ecb th\u00f4ng tin v\u1ec1 c\u00e1c s\u1ef1 ki\u1ec7n \u0111\u1eb7c bi\u1ec7t, ch\u01b0\u01a1ng tr\u00ecnh khuy\u1ebfn m\u00e3i.<\/p>\n<\/li>\n<li>\n<p style=\"text-align: justify\">Trang tr\u00ed n\u1ed9i th\u1ea5t: T\u1ea1o \u0111i\u1ec3m nh\u1ea5n \u1ea5n t\u01b0\u1ee3ng v\u00e0 l\u00e0m \u0111\u1eb9p kh\u00f4ng gian qu\u00e1n bar.<\/p>\n<\/li>\n<\/ul>\n<h2 style=\"text-align: justify\">C\u00e1ch Ch\u1ecdn M\u00e0n H\u00ecnh LED Cho Qu\u00e1n Bar Ph\u00f9 H\u1ee3p Nh\u1ea5t<\/h2>\n<ul>\n<li>\n<p style=\"text-align: justify\">K\u00edch th\u01b0\u1edbc m\u00e0n h\u00ecnh: L\u1ef1a ch\u1ecdn k\u00edch th\u01b0\u1edbc ph\u00f9 h\u1ee3p v\u1edbi kh\u00f4ng gian v\u00e0 m\u1ee5c \u0111\u00edch s\u1eed d\u1ee5ng c\u1ee7a qu\u00e1n bar.<\/p>\n<\/li>\n<li>\n<p style=\"text-align: justify\">\u0110\u1ed9 ph\u00e2n gi\u1ea3i: Ch\u1ecdn \u0111\u1ed9 ph\u00e2n gi\u1ea3i cao \u0111\u1ec3 \u0111\u1ea3m b\u1ea3o h\u00ecnh \u1ea3nh s\u1eafc n\u00e9t, t\u1ed1i \u01b0u tr\u1ea3i nghi\u1ec7m xem c\u1ee7a kh\u00e1ch h\u00e0ng.<\/p>\n<\/li>\n<li>\n<p style=\"text-align: justify\">\u0110\u1ed9 s\u00e1ng: \u0110\u1ea3m b\u1ea3o m\u00e0n h\u00ecnh \u0111\u1ee7 s\u00e1ng \u0111\u1ec3 hi\u1ec3n th\u1ecb r\u00f5 r\u00e0ng trong \u0111i\u1ec1u ki\u1ec7n \u00e1nh s\u00e1ng c\u1ee7a qu\u00e1n bar.<\/p>\n<\/li>\n<li>\n<p style=\"text-align: justify\">Xem x\u00e9t c\u00e1c t\u00ednh n\u0103ng b\u1ed5 sung nh\u01b0 kh\u1ea3 n\u0103ng t\u01b0\u01a1ng th\u00edch v\u1edbi c\u00e1c thi\u1ebft b\u1ecb kh\u00e1c nh\u01b0 h\u1ec7 th\u1ed1ng \u00e2m thanh, \u00e1nh s\u00e1ng&#8230;<\/p>\n<\/li>\n<\/ul>\n<h2 style=\"text-align: justify\">hophoinghi \u2013 \u0110\u01a1n V\u1ecb H\u00e0ng \u0110\u1ea7u V\u1ec1 Thi C\u00f4ng V\u00e0 Th\u1ef1c Hi\u1ec7n L\u1eafp \u0110\u1eb7t M\u00e0n H\u00ecnh LED Qu\u00e1n Bar<\/h2>\n<div>\n<p style=\"text-align: center\"><img decoding=\"async\" src=\"http:\/\/hophoinghi.vn\/wp-content\/uploads\/2024\/08\/man-hinh-led-quan-bar-hophoinghi.jpg\" alt=\"M\u00e0n H\u00ecnh LED Qu\u00e1n Bar Ch\u00ednh H\u00e3ng, Gi\u00e1 T\u1ed1t\" title=\"man-hinh-led-quan-bar-hophoinghi\"><\/p>\n<p>\u00a0<\/p>\n<\/div>\n<p style=\"text-align: justify\">hophoinghi t\u1ef1 h\u00e0o l\u00e0 \u0111\u01a1n v\u1ecb h\u00e0ng \u0111\u1ea7u v\u00e0 \u0111\u01b0\u1ee3c tin t\u01b0\u1edfng trong vi\u1ec7c cung c\u1ea5p v\u00e0 l\u1eafp \u0111\u1eb7t m\u00e0n h\u00ecnh LED cho qu\u00e1n bar. hophoinghi cam k\u1ebft mang \u0111\u1ebfn s\u1ea3n ph\u1ea9m ch\u1ea5t l\u01b0\u1ee3ng cao v\u00e0 gi\u1ea3i ph\u00e1p t\u1ed1i \u01b0u nh\u1ea5t cho kh\u00f4ng gian c\u1ee7a b\u1ea1n v\u1edbi d\u1ecbch v\u1ee5 kh\u00e1ch h\u00e0ng t\u1eadn t\u00e2m, \u0111\u1ed9i ng\u0169 k\u1ef9 thu\u1eadt c\u1ee7a hophoinghi kh\u00f4ng ch\u1ec9 gi\u1ecfi chuy\u00ean m\u00f4n m\u00e0 c\u00f2n gi\u00e0u kinh nghi\u1ec7m l\u1eafp \u0111\u1eb7t m\u00e0n h\u00ecnh LED cho qu\u00e1n bar. \u0110\u1ec3 nh\u1eadn \u0111\u01b0\u1ee3c t\u01b0 v\u1ea5n chi ti\u1ebft v\u00e0 th\u00f4ng tin b\u00e1o gi\u00e1 ch\u00ednh x\u00e1c, \u0111\u00e1p \u1ee9ng hi\u1ec7u qu\u1ea3 nhu c\u1ea7u s\u1eed d\u1ee5ng b\u1ea1n h\u00e3y li\u00ean h\u1ec7 ngay hophoinghi nh\u00e9!<\/p>\n<div>\n<p style=\"text-align: justify\">\u00a0<\/p>\n<\/div><\/div>","protected":false},"excerpt":{"rendered":"<p>M\u00e0n H\u00ecnh LED Qu\u00e1n Bar L\u00e0 G\u00ec? M\u00e0n h\u00ecnh LED qu\u00e1n bar l\u00e0 gi\u1ea3i ph\u00e1p m\u00e0n h\u00ecnh tr\u00ecnh chi\u1ebfu n\u1ed9i dung k\u1ef9 thu\u1eadt s\u1ed1, th\u01b0\u1eddng \u0111\u01b0\u1ee3c l\u1eafp \u0111\u1eb7t trong c\u00e1c qu\u00e1n bar \u0111\u1ec3 t\u1ea1o hi\u1ec7u \u1ee9ng \u00e1nh s\u00e1ng v\u00e0 h\u00ecnh \u1ea3nh sinh \u0111\u1ed9ng. M\u00e0n h\u00ecnh s\u1eed d\u1ee5ng c\u00f4ng ngh\u1ec7 LED \u0111\u1ec3 cung c\u1ea5p h\u00ecnh \u1ea3nh s\u1eafc n\u00e9t v\u00e0 m\u00e0u s\u1eafc r\u1ef1c r\u1ee1, t\u1ea1o ra m\u1ed9t kh\u00f4ng gian h\u1ea5p d\u1eabn v\u00e0 thu h\u00fat kh\u00e1ch h\u00e0ng. N\u00ean S\u1eed D\u1ee5ng M\u00e0n H\u00ecnh LED Cho Qu\u00e1n Bar V\u00ec Sao? S\u1eed d\u1ee5ng m\u00e0n h\u00ecnh LED cho qu\u00e1n bar kh\u00f4ng ch\u1ec9 gi\u00fap n\u00e2ng cao tr\u1ea3i nghi\u1ec7m c\u1ee7a kh\u00e1ch h\u00e0ng m\u00e0 c\u00f2n t\u1ea1o ra m\u1ed9t b\u1ea7u kh\u00f4ng [&#8230;]","protected":false},"featured_media":11653,"comment_status":"closed","ping_status":"closed","template":"","meta":[],"pwb-brand":[],"product_cat":[2854],"product_tag":[25,55],"class_list":{"0":"post-11652","1":"product","2":"type-product","3":"status-publish","4":"has-post-thumbnail","6":"product_cat-man-hinh-led-trong-nha","7":"product_tag-man","8":"product_tag-run","10":"first","11":"instock","12":"shipping-taxable","13":"product-type-simple"},"brands":[],"_links":{"self":[{"href":"https:\/\/hophoinghi.vn\/ja\/wp-json\/wp\/v2\/product\/11652","targetHints":{"allow":["GET"]}}],"collection":[{"href":"https:\/\/hophoinghi.vn\/ja\/wp-json\/wp\/v2\/product"}],"about":[{"href":"https:\/\/hophoinghi.vn\/ja\/wp-json\/wp\/v2\/types\/product"}],"replies":[{"embeddable":true,"href":"https:\/\/hophoinghi.vn\/ja\/wp-json\/wp\/v2\/comments?post=11652"}],"wp:featuredmedia":[{"embeddable":true,"href":"https:\/\/hophoinghi.vn\/ja\/wp-json\/wp\/v2\/media\/11653"}],"wp:attachment":[{"href":"https:\/\/hophoinghi.vn\/ja\/wp-json\/wp\/v2\/media?parent=11652"}],"wp:term":[{"taxonomy":"pwb-brand","embeddable":true,"href":"https:\/\/hophoinghi.vn\/ja\/wp-json\/wp\/v2\/pwb-brand?post=11652"},{"taxonomy":"product_cat","embeddable":true,"href":"https:\/\/hophoinghi.vn\/ja\/wp-json\/wp\/v2\/product_cat?post=11652"},{"taxonomy":"product_tag","embeddable":true,"href":"https:\/\/hophoinghi.vn\/ja\/wp-json\/wp\/v2\/product_tag?post=11652"}],"curies":[{"name":"wp","href":"https:\/\/api.w.org\/{rel}","templated":true}]}}