{"id":10580,"date":"2024-06-26T19:24:35","date_gmt":"2024-06-26T12:24:35","guid":{"rendered":"https:\/\/hophoinghi.vn\/product\/thiet-bi-hop-truc-tuyen-aver-vc540\/"},"modified":"2024-06-26T19:25:05","modified_gmt":"2024-06-26T12:25:05","slug":"thiet-bi-hop-truc-tuyen-aver-vc540","status":"publish","type":"product","link":"https:\/\/hophoinghi.vn\/vi\/-product-\/thiet-bi-hop-truc-tuyen-aver-vc540\/","title":{"rendered":"Thi\u1ebft b\u1ecb h\u1ecdp tr\u1ef1c tuy\u1ebfn AVER VC540"},"content":{"rendered":"<div class=\"desc-content-js\">\n<p style=\"text-align: justify\"><span style=\"font-size:16px\">AVER VC540 l\u00e0 d\u00f2ng thi\u1ebft b\u1ecb h\u1ecdp tr\u1ef1c tuy\u1ebfn n\u1ed5i b\u1eadt k\u1ebft h\u1ee3p loa ngo\u00e0i \u0111\u01b0\u1ee3c n\u00e2ng c\u1ea5p v\u1edbi camera c\u00f3 t\u1ed5ng zoom l\u00ean \u0111\u1ebfn 16X gi\u00fap mang \u0111\u1ebfn tr\u1ea3i nghi\u1ec7m c\u00e1c cu\u1ed9c h\u1ecdp t\u1eeb xa ch\u00e2n th\u1eadt gi\u1ed1ng nh\u01b0 t\u01b0\u01a1ng t\u00e1c tr\u1ef1c ti\u1ebfp. V\u1edbi ch\u1ea5t l\u01b0\u1ee3ng camera 4K v\u00e0 c\u00e1c t\u00ednh n\u0103ng qu\u1ea3n l\u00fd d\u1ef1a tr\u00ean IP cho loa ngo\u00e0i, AVer VC540 l\u00e0 h\u1ec7 th\u1ed1ng h\u1ed9i ngh\u1ecb chuy\u00ean nghi\u1ec7p th\u1ef1c s\u1ef1 \u0111\u00e1ng \u0111\u1ea7u t\u01b0 khi \u0111\u00e1p \u1ee9ng t\u1ed1t nhu c\u1ea7u c\u1ee7a doanh nghi\u1ec7p b\u1ea1n.<\/span><\/p>\n<table border=\"1\">\n<tbody>\n<tr>\n<td>\n<p style=\"text-align: justify\"><span style=\"font-size:16px\"><img decoding=\"async\" width=\"300\" height=\"183\" src=\"http:\/\/hophoinghi.vn\/wp-content\/uploads\/2024\/06\/aver-vc-540-2-300x183-1.png\" title=\"aver-vc-540-2-300x183-1\"><\/span><\/p>\n<\/td>\n<td>\n<p style=\"text-align: justify\"><span style=\"font-size:16px\"><img decoding=\"async\" width=\"300\" height=\"183\" src=\"http:\/\/hophoinghi.vn\/wp-content\/uploads\/2024\/06\/aver-vc-540-3-300x183-1.png\" title=\"aver-vc-540-3-300x183-1\"><\/span><\/p>\n<\/td>\n<td>\n<p style=\"text-align: justify\"><span style=\"font-size:16px\"><img decoding=\"async\" width=\"300\" height=\"183\" src=\"http:\/\/hophoinghi.vn\/wp-content\/uploads\/2024\/06\/aver-vc-540-4-300x183-1.png\" title=\"aver-vc-540-4-300x183-1\"><\/span><\/p>\n<\/td>\n<td>\n<p style=\"text-align: justify\"><span style=\"font-size:16px\"><img decoding=\"async\" width=\"300\" height=\"183\" src=\"http:\/\/hophoinghi.vn\/wp-content\/uploads\/2024\/06\/aver-vc-540-5-300x183-1.png\" title=\"aver-vc-540-5-300x183-1\"><\/span><\/p>\n<\/td>\n<\/tr>\n<\/tbody>\n<\/table>\n<h2 style=\"text-align: justify\"><span style=\"font-size:16px\"><strong>Camera h\u1ed9i ngh\u1ecb AVer VC540 4K v\u1edbi loa ngo\u00e0i Bluetooth\u00ae d\u00e0nh cho c\u00e1c ph\u00f2ng h\u1ecdp t\u1eeb v\u1eeba \u0111\u1ebfn l\u1edbn<\/strong><\/span><\/h2>\n<table border=\"1\" style=\"width:725px\">\n<tbody>\n<tr>\n<td style=\"width:147px\">\n<p style=\"text-align: center\"><span style=\"font-size:16px\"><img decoding=\"async\" width=\"77\" height=\"58\" src=\"http:\/\/hophoinghi.vn\/wp-content\/uploads\/2024\/06\/aver-vc-540-icon-1-4k.png\" title=\"aver-vc-540-icon-1-4k\"><\/span><\/p>\n<\/td>\n<td style=\"width:125px\">\n<p style=\"text-align: center\"><span style=\"font-size:16px\"><img decoding=\"async\" width=\"77\" height=\"58\" src=\"http:\/\/hophoinghi.vn\/wp-content\/uploads\/2024\/06\/aver-vc-540-icon-2-bluetooth.png\" title=\"aver-vc-540-icon-2-bluetooth\"><\/span><\/p>\n<\/td>\n<td style=\"width:135px\">\n<p style=\"text-align: center\"><span style=\"font-size:16px\"><img decoding=\"async\" width=\"77\" height=\"58\" src=\"http:\/\/hophoinghi.vn\/wp-content\/uploads\/2024\/06\/aver-vc-540-icon-3-16x.png\" title=\"aver-vc-540-icon-3-16x\"><\/span><\/p>\n<\/td>\n<td style=\"width:134px\">\n<p style=\"text-align: center\"><span style=\"font-size:16px\"><img decoding=\"async\" width=\"77\" height=\"58\" src=\"http:\/\/hophoinghi.vn\/wp-content\/uploads\/2024\/06\/aver-vc-540-icon-4-autoframing.png\" title=\"aver-vc-540-icon-4-autoframing\"><\/span><\/p>\n<\/td>\n<td style=\"width:157px\">\n<p style=\"text-align: center\"><span style=\"font-size:16px\"><img decoding=\"async\" width=\"77\" height=\"58\" src=\"http:\/\/hophoinghi.vn\/wp-content\/uploads\/2024\/06\/aver-vc-540-icon-5-expansion.png\" title=\"aver-vc-540-icon-5-expansion\"><\/span><\/p>\n<\/td>\n<\/tr>\n<tr>\n<td style=\"text-align:center;width:147px\"><span style=\"font-size:16px\"><strong>4K<\/strong><\/span><\/td>\n<td style=\"text-align:center;width:125px\"><span style=\"font-size:16px\"><strong>Bluetooth<\/strong><\/span><\/td>\n<td style=\"text-align:center;width:135px\"><span style=\"font-size:16px\"><strong>Zoom 16X<\/strong><\/span><\/td>\n<td style=\"text-align:center;width:134px\"><span style=\"font-size:16px\"><strong>Auto Framing<\/strong><\/span><\/td>\n<td style=\"text-align:center;width:157px\"><span style=\"font-size:16px\"><strong>Loa m\u1edf r\u1ed9ng \/ Microphones<\/strong><\/span><\/td>\n<\/tr>\n<\/tbody>\n<\/table>\n<h3 style=\"text-align: justify\"><span style=\"font-size:16px\"><strong>AVer VC540 t\u00edch h\u1ee3p\u00a0<\/strong><strong>Bluetooth gi\u00fap m\u1ecdi th\u1ee9 tr\u1edf n\u00ean \u0111\u01a1n gi\u1ea3n<\/strong><\/span><\/h3>\n<p style=\"text-align: justify\"><span style=\"font-size:16px\">B\u1ea1n s\u1ebd kh\u00f4ng c\u00f2n lo l\u1eafng v\u1ec1 c\u00e1c lo\u1ea1i c\u00e1p ph\u1ee9c t\u1ea1p, khi c\u00f3 th\u1ec3 lo\u1ea1i b\u1ecf ch\u00fang nh\u1edd t\u00ednh n\u0103ng t\u00edch h\u1ee3p Bluetooth c\u1ee7a loa ngo\u00e0i \u0111\u01b0\u1ee3c n\u00e2ng c\u1ea5p. T\u00ednh n\u0103ng n\u00e0y gi\u00fap b\u1ea1n k\u1ebft n\u1ed1i thi\u1ebft b\u1ecb v\u1edbi tablet v\u00e0 smartphone d\u1ec5 d\u00e0ng h\u01a1n, \u0111\u1ed3ng th\u1eddi gi\u1eef cho ph\u00f2ng h\u1ecdp c\u1ee7a b\u1ea1n lu\u00f4n g\u1ecdn gang v\u00e0 s\u1ea1ch s\u1ebd \u0111\u1ec3 b\u1ea1n c\u00f3 th\u1ec3 t\u1ea1o \u1ea5n t\u01b0\u1ee3ng m\u1ea1nh v\u1edbi m\u1ecdi ng\u01b0\u1eddi.<\/span><\/p>\n<p style=\"text-align: center\"><span style=\"font-size:16px\"><img decoding=\"async\" width=\"839\" height=\"480\" style=\"width: 936px;height: 536px\" src=\"http:\/\/hophoinghi.vn\/wp-content\/uploads\/2024\/06\/aver-vc-540-bluetooth.png\" title=\"aver-vc-540-bluetooth\"><\/span><\/p>\n<p style=\"text-align: center\"><span style=\"font-size:16px\"><em>AVer VC540 t\u00edch h\u1ee3p Bluetooth<\/em><\/span><\/p>\n<h3 style=\"text-align: justify\"><span style=\"font-size:16px\"><strong>AVer SmartFrame gi\u00fap cu\u1ed9c h\u1ecdp c\u1ee7a b\u1ea1n b\u1eaft \u0111\u1ea7u nhanh ch\u00f3ng<\/strong><\/span><\/h3>\n<p style=\"text-align: justify\"><span style=\"font-size:16px\">B\u1eb1ng vi\u1ec7c t\u00edch h\u1ee3p AVer SmartFrame VC540 mang l\u1ea1i hi\u1ec7u qu\u1ea3 cao h\u01a1n cho ph\u00f2ng h\u1ecdp c\u1ee7a b\u1ea1n. SmartFrame gi\u00fap t\u1ed1i \u0111a h\u00f3a tr\u01b0\u1eddng c\u00f3 th\u1ec3 xem v\u1edbi gi\u1ea3i ph\u00e1p t\u1ef1 \u0111\u1ed9ng \u0111\u00f3ng khung gi\u00fap \u0111\u01b0a h\u00ecnh \u1ea3nh c\u1ee7a m\u1ecdi ng\u01b0\u1eddi trong cu\u1ed9c h\u1ecdp v\u00e0o khung h\u00ecnh m\u1ed9t c\u00e1ch nhanh ch\u00f3ng v\u00e0 d\u1ec5 d\u00e0ng.<\/span><\/p>\n<p style=\"text-align: center\"><span style=\"font-size:16px\"><img decoding=\"async\" width=\"1871\" height=\"692\" style=\"width: 1051px;height: 391px\" src=\"http:\/\/hophoinghi.vn\/wp-content\/uploads\/2024\/06\/aver-vc-540-smartframe.png\" title=\"aver-vc-540-smartframe\"><\/span><\/p>\n<p style=\"text-align: center\"><span style=\"font-size:16px\"><em>AVer VC540 v\u1edbi t\u00ednh n\u0103ng Smartframe<\/em><\/span><\/p>\n<h3 style=\"text-align: justify\"><span style=\"font-size:16px\"><strong>H\u00ecnh \u1ea3nh<\/strong><strong>\u00a0r\u00f5 n\u00e9t chuy\u00ean nghi\u1ec7p\u00a0<\/strong><strong>h\u01a1n\u00a0<\/strong><strong>v\u1edbi t\u1ed5ng Zoom 16X<\/strong><\/span><\/h3>\n<p style=\"text-align: justify\"><span style=\"font-size:16px\">N\u00e2ng cao kh\u1ea3 n\u0103ng giao ti\u1ebfp c\u1ee7a b\u1ea1n b\u1eb1ng c\u00e1ch hi\u1ec3n th\u1ecb m\u1ecdi chi ti\u1ebft m\u1ed9t c\u00e1ch ch\u00ednh x\u00e1c v\u00e0 m\u01b0\u1ee3t m\u00e0.\u00a0Camera h\u1ed9i ngh\u1ecb AVer VC540\u00a0\u0111\u01b0\u1ee3c t\u00edch h\u1ee3p kh\u1ea3 n\u0103ng thu ph\u00f3ng t\u1ed5ng c\u1ed9ng 16X v\u00e0 quang h\u1ecdc l\u1ea5y n\u00e9t t\u1ef1 \u0111\u1ed9ng nhi\u1ec1u l\u1edbp ph\u1ee7 gi\u00fap th\u1ec3 hi\u1ec7n c\u00e1c chi ti\u1ebft s\u1ea3n ph\u1ea9m ph\u1ee9c t\u1ea1p v\u1edbi ch\u1ea5t l\u01b0\u1ee3ng trong nh\u01b0 pha l\u00ea.<\/span><\/p>\n<p style=\"text-align: center\"><span style=\"font-size:16px\"><img decoding=\"async\" width=\"1121\" height=\"502\" style=\"width: 887px;height: 396px\" src=\"http:\/\/hophoinghi.vn\/wp-content\/uploads\/2024\/06\/aver-vc-540-zoom-16x.png\" title=\"aver-vc-540-zoom-16x\"><\/span><\/p>\n<p style=\"text-align: center\"><span style=\"font-size:16px\"><em>AVer VC540 mang \u0111\u1ebfn kh\u1ea3 n\u0103ng Zoom 16X<\/em><\/span><\/p>\n<h3 style=\"text-align: justify\"><span style=\"font-size:16px\"><strong>Ch\u1ea5t l\u01b0\u1ee3ng\u00a0<\/strong><strong>Ultra HD 4K v\u01b0\u1ee3t tr\u1ed9i<\/strong><\/span><\/h3>\n<p style=\"text-align: justify\"><span style=\"font-size:16px\">AVer VC540 s\u1eed d\u1ee5ng c\u1ea3m bi\u1ebfn Sony \u2122 ch\u1ea5t l\u01b0\u1ee3ng cao v\u00e0 k\u00ednh \u0111a th\u1ea5u k\u00ednh gi\u00fap cung c\u1ea5p video s\u1eafc n\u00e9t nh\u1ea5t c\u00f3 th\u1ec3. B\u00ean c\u1ea1nh \u0111\u00f3, VC540 c\u00f2n \u0111\u01b0\u1ee3c trang b\u1ecb th\u00eam c\u00f4ng c\u1ee5 x\u1eed l\u00fd h\u00ecnh \u1ea3nh ti\u00ean ti\u1ebfn, cho ph\u00e9p b\u1ea1n hi\u1ec3n th\u1ecb c\u00e1c chi ti\u1ebft c\u00f3 m\u00e0u s\u1eafc t\u1ef1 nhi\u00ean, s\u1ed1ng \u0111\u1ed9ng ngay c\u1ea3 trong \u0111i\u1ec1u ki\u1ec7n \u00e1nh s\u00e1ng k\u00e9m v\u00e0 tr\u00ean c\u00e1c m\u1ea1ng c\u00f3 \u0111\u1ed9 tr\u1ec5 r\u1ea5t th\u1ea5p.<\/span><\/p>\n<p style=\"text-align: center\"><span style=\"font-size:16px\"><img decoding=\"async\" width=\"1242\" height=\"658\" style=\"width: 901px;height: 478px\" src=\"http:\/\/hophoinghi.vn\/wp-content\/uploads\/2024\/06\/aver-vc-540-ultra-hd.png\" title=\"aver-vc-540-ultra-hd\"><\/span><\/p>\n<p style=\"text-align: center\"><span style=\"font-size:16px\"><em>AVer VC540 s\u1edf h\u1eefu ch\u1ea5t l\u01b0\u1ee3ng 4K<\/em><\/span><\/p>\n<\/p><\/div>\n","protected":false},"excerpt":{"rendered":"<p>AVER VC540 l\u00e0 d\u00f2ng thi\u1ebft b\u1ecb h\u1ecdp tr\u1ef1c tuy\u1ebfn n\u1ed5i b\u1eadt k\u1ebft h\u1ee3p loa ngo\u00e0i \u0111\u01b0\u1ee3c n\u00e2ng c\u1ea5p v\u1edbi camera c\u00f3 t\u1ed5ng zoom l\u00ean \u0111\u1ebfn 16X gi\u00fap mang \u0111\u1ebfn tr\u1ea3i nghi\u1ec7m c\u00e1c cu\u1ed9c h\u1ecdp t\u1eeb xa ch\u00e2n th\u1eadt gi\u1ed1ng nh\u01b0 t\u01b0\u01a1ng t\u00e1c tr\u1ef1c ti\u1ebfp. V\u1edbi ch\u1ea5t l\u01b0\u1ee3ng camera 4K v\u00e0 c\u00e1c t\u00ednh n\u0103ng qu\u1ea3n l\u00fd [&#8230;]\n","protected":false},"featured_media":0,"comment_status":"closed","ping_status":"closed","template":"","meta":[],"pwb-brand":[],"product_cat":[2849],"product_tag":[25],"class_list":{"0":"post-10580","1":"product","2":"type-product","3":"status-publish","5":"product_cat-camera-hoi-nghi","6":"product_tag-man","8":"first","9":"instock","10":"shipping-taxable","11":"product-type-simple"},"brands":[],"_links":{"self":[{"href":"https:\/\/hophoinghi.vn\/vi\/wp-json\/wp\/v2\/product\/10580","targetHints":{"allow":["GET"]}}],"collection":[{"href":"https:\/\/hophoinghi.vn\/vi\/wp-json\/wp\/v2\/product"}],"about":[{"href":"https:\/\/hophoinghi.vn\/vi\/wp-json\/wp\/v2\/types\/product"}],"replies":[{"embeddable":true,"href":"https:\/\/hophoinghi.vn\/vi\/wp-json\/wp\/v2\/comments?post=10580"}],"wp:attachment":[{"href":"https:\/\/hophoinghi.vn\/vi\/wp-json\/wp\/v2\/media?parent=10580"}],"wp:term":[{"taxonomy":"pwb-brand","embeddable":true,"href":"https:\/\/hophoinghi.vn\/vi\/wp-json\/wp\/v2\/pwb-brand?post=10580"},{"taxonomy":"product_cat","embeddable":true,"href":"https:\/\/hophoinghi.vn\/vi\/wp-json\/wp\/v2\/product_cat?post=10580"},{"taxonomy":"product_tag","embeddable":true,"href":"https:\/\/hophoinghi.vn\/vi\/wp-json\/wp\/v2\/product_tag?post=10580"}],"curies":[{"name":"wp","href":"https:\/\/api.w.org\/{rel}","templated":true}]}}