{"id":10761,"date":"2024-06-26T20:16:46","date_gmt":"2024-06-26T13:16:46","guid":{"rendered":"https:\/\/hophoinghi.vn\/product\/colorlight-x7-x6\/"},"modified":"2024-06-26T20:16:59","modified_gmt":"2024-06-26T13:16:59","slug":"colorlight-x7-x6","status":"publish","type":"product","link":"https:\/\/hophoinghi.vn\/vi\/-product-\/colorlight-x7-x6\/","title":{"rendered":"Colorlight X7\/X6"},"content":{"rendered":"<div class=\"desc-content-js\">\n<h2 style=\"margin-bottom: 11px;text-align: justify\"><strong><span style=\"font-size:16px\"><span style=\"line-height:107%\"><span style=\"font-family:Arial,sans-serif\">Colorlight X7\/X6 gi\u1ea3i ph\u00e1p linh ho\u1ea1t cho hi\u1ec3n th\u1ecb \u0111a l\u1edbp<\/span><\/span><\/span><\/strong><\/h2>\n<div>\n<p style=\"text-align: center\"><img decoding=\"async\" src=\"http:\/\/hophoinghi.vn\/wp-content\/uploads\/2024\/06\/colorlight-x7-bo-xu-ly-man-hinh-led-2_6fb98575c1574122abf76eeebd1d3712_grande.png\" alt=\"Colorlight X7\/X6 b\u1ed9 x\u1eed l\u00fd t\u00edn hi\u1ec7u m\u00e0n h\u00ecnh LED\" title=\"colorlight-x7-bo-xu-ly-man-hinh-led-2_6fb98575c1574122abf76eeebd1d3712_grande\"><\/p>\n<p style=\"text-align: center\"><em><span style=\"font-size:16px\">Colorlight X7\/X6 b\u1ed9 x\u1eed l\u00fd t\u00edn hi\u1ec7u m\u00e0n h\u00ecnh LED<\/span><\/em><\/p>\n<\/div>\n<h3 style=\"margin-bottom: 11px;text-align: justify\"><span style=\"font-size:16px\"><span style=\"line-height:107%\"><span style=\"font-family:Arial,sans-serif\"><strong>T\u01b0\u01a1ng th\u00edch ho\u00e0n to\u00e0n v\u1edbi c\u00e1c t\u00edn hi\u1ec7u \u0111\u1ea7u v\u00e0o kh\u00e1c nhau<\/strong><\/span><\/span><\/span><\/h3>\n<p style=\"margin-bottom: 11px;text-align: justify\"><span style=\"font-family:Arial,sans-serif;font-size:16px\">Colorlight X7\/X6 l\u00e0 gi\u1ea3i ph\u00e1p \u0111\u00e1ng tin c\u1eady cho vi\u1ec7c hi\u1ec3n th\u1ecb \u0111a l\u1edbp v\u1edbi kh\u1ea3 n\u0103ng t\u01b0\u01a1ng th\u00edch ho\u00e0n to\u00e0n v\u1edbi c\u00e1c t\u00edn hi\u1ec7u \u0111\u1ea7u v\u00e0o kh\u00e1c nhau. V\u1edbi s\u1ef1 h\u1ed7 tr\u1ee3 c\u1ee7a nhi\u1ec1u t\u00edn hi\u1ec7u \u0111\u1ea7u v\u00e0o video HD, m\u00e0n h\u00ecnh n\u00e0y th\u00edch h\u1ee3p v\u1edbi m\u1ecdi t\u00ecnh hu\u1ed1ng v\u00e0 nhu c\u1ea7u s\u1eed d\u1ee5ng.<\/span><\/p>\n<p style=\"text-align: center\"><img decoding=\"async\" src=\"http:\/\/hophoinghi.vn\/wp-content\/uploads\/2024\/06\/colorlight-x7-bo-xu-ly-man-hinh-led-tuong-thich_cc370e6d18aa4605a8f6ad44ead9b549_grande.png\" alt=\"Colorlight X7\/X6 t\u01b0\u01a1ng th\u00edch t\u00edn hi\u1ec7u \u0111\u1ea7u v\u00e0o\" title=\"colorlight-x7-bo-xu-ly-man-hinh-led-tuong-thich_cc370e6d18aa4605a8f6ad44ead9b549_grande\"><\/p>\n<p style=\"margin-bottom: 11px;text-align: center\"><em><span style=\"font-family:Arial,sans-serif;font-size:16px\">Colorlight X7\/X6 t\u01b0\u01a1ng th\u00edch t\u00edn hi\u1ec7u \u0111\u1ea7u v\u00e0o kh\u00e1c nhau<\/span><\/em><\/p>\n<h3 style=\"margin-bottom: 11px;text-align: justify\"><span style=\"font-size:16px\"><span style=\"line-height:107%\"><span style=\"font-family:Arial,sans-serif\"><strong>M\u00e0n h\u00ecnh ba l<\/strong><strong>ayout<\/strong><\/span><\/span><\/span><\/h3>\n<p style=\"margin-bottom: 11px;text-align: justify\"><span style=\"font-size:16px\"><span style=\"line-height:107%\"><span style=\"font-family:Arial,sans-serif\">V\u1edbi m\u00e0n h\u00ecnh ba layout, Colorlight X7\/X6 cho ph\u00e9p b\u1ea1n t\u1ea1o ra b\u1ed1 c\u1ee5c hi\u1ec3n th\u1ecb ph\u1ee9c t\u1ea1p v\u1edbi 3 layout \u0111\u1ea7u v\u00e0o HD m\u1ed9t c\u00e1ch m\u01b0\u1ee3t m\u00e0. \u0110i\u1ec1u n\u00e0y mang l\u1ea1i s\u1ef1 linh ho\u1ea1t trong vi\u1ec7c hi\u1ec3n th\u1ecb v\u00e0 t\u1ea1o hi\u1ec7u \u1ee9ng chia t\u1ef7 l\u1ec7 m\u01b0\u1ee3t m\u00e0 v\u00e0 \u0111\u1ed9c \u0111\u00e1o.<\/span><\/span><\/span><\/p>\n<p style=\"margin-bottom: 11px;text-align: justify\"><span style=\"font-size:16px\"><span style=\"line-height:107%\"><span style=\"font-family:Arial,sans-serif\">M\u1ed9t \u0111i\u1ec3m n\u1ed5i b\u1eadt c\u1ee7a Colorlight X7\/X6 l\u00e0 kh\u1ea3 n\u0103ng t\u1ea3i l\u1edbn v\u1edbi 8 c\u1ed5ng \u0111\u1ea7u ra m\u1ea1ng, \u0111\u1ea3m b\u1ea3o r\u1eb1ng m\u1ecdi h\u00ecnh \u1ea3nh \u0111\u01b0\u1ee3c hi\u1ec3n th\u1ecb v\u1edbi \u0111\u1ed9 ph\u00e2n gi\u1ea3i cao v\u00e0 m\u00e0u s\u1eafc ch\u00e2n th\u1ef1c.<\/span><\/span><\/span><\/p>\n<p style=\"text-align: center\"><img decoding=\"async\" src=\"http:\/\/hophoinghi.vn\/wp-content\/uploads\/2024\/06\/colorlight-x7-bo-xu-ly-man-hinh-led-3-layout_b20994c60b4d4228862552f21e542b8b_grande.png\" alt=\"M\u00e0n h\u00ecnh hi\u1ec3n th\u1ecb 3 layout\" title=\"colorlight-x7-bo-xu-ly-man-hinh-led-3-layout_b20994c60b4d4228862552f21e542b8b_grande\"><\/p>\n<p style=\"margin-bottom: 11px;text-align: center\"><em><span style=\"font-size:16px\"><span style=\"line-height:107%\"><span style=\"font-family:Arial,sans-serif\">M\u00e0n h\u00ecnh hi\u1ec3n th\u1ecb 3 layout<\/span><\/span><\/span><\/em><\/p>\n<h3 style=\"margin-bottom: 11px;text-align: justify\"><span style=\"font-size:16px\"><span style=\"line-height:107%\"><span style=\"font-family:Arial,sans-serif\"><strong>Kh\u1eed nhi\u1ec5u video<\/strong><\/span><\/span><\/span><\/h3>\n<p style=\"margin-bottom: 11px;text-align: justify\"><span style=\"font-size:16px\"><span style=\"line-height:107%\"><span style=\"font-family:Arial,sans-serif\">\u0110\u1ec3 \u0111\u1ea3m b\u1ea3o h\u00ecnh \u1ea3nh lu\u00f4n r\u00f5 r\u00e0ng v\u1edbi thu\u1eadt to\u00e1n tinh ch\u1ec9nh gi\u00fap kh\u1eed nhi\u1ec5u video th\u00f4ng qua c\u1ed5ng \u0111\u1ea7u v\u00e0o 3G-SDI, gi\u00fap lo\u1ea1i b\u1ecf hi\u1ec7n t\u01b0\u1ee3ng xen k\u1ebd video v\u00e0 tinh ch\u1ec9nh h\u00ecnh \u1ea3nh cho ch\u1ea5t l\u01b0\u1ee3ng t\u1ed1t nh\u1ea5t.<\/span><\/span><\/span><\/p>\n<p style=\"text-align: center\"><img decoding=\"async\" src=\"http:\/\/hophoinghi.vn\/wp-content\/uploads\/2024\/06\/colorlight-x7-bo-xu-ly-man-hinh-led-khu-nhieu_c358fe7ddc104d738b42304713b7bbd6_grande.png\" alt=\"Kh\u1eed nhi\u1ec5u video th\u00f4ng qua c\u1ed5ng \u0111\u1ea7u v\u00e0o 3G-SDI\" title=\"colorlight-x7-bo-xu-ly-man-hinh-led-khu-nhieu_c358fe7ddc104d738b42304713b7bbd6_grande\"><\/p>\n<p style=\"margin-bottom: 11px;text-align: center\"><em><span style=\"font-size:16px\"><span style=\"line-height:107%\"><span style=\"font-family:Arial,sans-serif\">Kh\u1eed nhi\u1ec5u video th\u00f4ng qua c\u1ed5ng \u0111\u1ea7u v\u00e0o 3G-SDI<\/span><\/span><\/span><\/em><\/p>\n<h3 style=\"margin-bottom: 11px;text-align: justify\"><span style=\"font-size:16px\"><span style=\"line-height:107%\"><span style=\"font-family:Arial,sans-serif\"><strong>C\u1ed5ng \u00e2m thanh \u0111\u1ed9c l\u1eadp<\/strong><\/span><\/span><\/span><\/h3>\n<p style=\"margin-bottom: 11px;text-align: justify\"><span style=\"font-size:16px\"><span style=\"line-height:107%\"><span style=\"font-family:Arial,sans-serif\">V\u1edbi c\u1ed5ng \u00e2m thanh \u0111\u1ed9c l\u1eadp, Colorlight X7\/X6 cung c\u1ea5p tr\u1ea3i nghi\u1ec7m \u00e2m thanh t\u1ed1t nh\u1ea5t t\u1eeb t\u00edn hi\u1ec7u HDMI v\u00e0 tr\u00edch xu\u1ea5t ra loa th\u00f4ng qua c\u1ed5ng \u00e2m thanh c\u1ee7a thi\u1ebft b\u1ecb. <\/span><\/span><\/span><\/p>\n<p style=\"margin-bottom: 11px;text-align: justify\"><span style=\"font-size:16px\"><span style=\"line-height:107%\"><span style=\"font-family:Arial,sans-serif\">H\u1ec7 th\u1ed1ng loa t\u00edch h\u1ee3p gi\u00fap thao t\u00e1c tr\u1edf n\u00ean d\u1ec5 d\u00e0ng h\u01a1n bao gi\u1edd h\u1ebft.<\/span><\/span><\/span><\/p>\n<p style=\"text-align: center\"><img decoding=\"async\" src=\"http:\/\/hophoinghi.vn\/wp-content\/uploads\/2024\/06\/colorlight-x7-bo-xu-ly-man-hinh-led-cong-am-thanh-doc-lap_b346e30cfa6a434294d324af5ef4a02a_grande.png\" alt=\"C\u1ed5ng \u00e2m thanh \u0111\u1ed9c l\u1eadp\" title=\"colorlight-x7-bo-xu-ly-man-hinh-led-cong-am-thanh-doc-lap_b346e30cfa6a434294d324af5ef4a02a_grande\"><\/p>\n<p style=\"margin-bottom: 11px;text-align: center\"><em><span style=\"font-size:16px\"><span style=\"line-height:107%\"><span style=\"font-family:Arial,sans-serif\">C\u1ed5ng \u00e2m thanh \u0111\u1ed9c l\u1eadp<\/span><\/span><\/span><\/em><\/p>\n<h3 style=\"margin-bottom: 11px;text-align: justify\"><span style=\"font-size:16px\"><span style=\"line-height:107%\"><span style=\"font-family:Arial,sans-serif\"><strong>Ki\u1ec3m so\u00e1t x\u1ebfp t\u1ea7ng gi\u1eefa nhi\u1ec1u b\u1ed9 x\u1eed l\u00fd<\/strong><\/span><\/span><\/span><\/h3>\n<p style=\"margin-bottom: 11px;text-align: justify\"><span style=\"font-size:16px\"><span style=\"line-height:107%\"><span style=\"font-family:Arial,sans-serif\">V\u1edbi kh\u1ea3 n\u0103ng ki\u1ec3m so\u00e1t x\u1ebfp t\u1ea7ng gi\u1eefa nhi\u1ec1u b\u1ed9 x\u1eed l\u00fd, Colorlight X7\/X6 h\u1ed7 tr\u1ee3 \u0111i\u1ec1u khi\u1ec3n x\u1ebfp t\u1ea7ng USB cho \u0111\u1ebfn t\u1ed1i \u0111a 64 thi\u1ebft b\u1ecb, gi\u00fap qu\u1ea3n l\u00fd m\u1ea1ng l\u01b0\u1edbi hi\u1ec3n th\u1ecb m\u1ed9t c\u00e1ch hi\u1ec7u qu\u1ea3 v\u00e0 linh ho\u1ea1t.<\/span><\/span><\/span><\/p>\n<p style=\"text-align: center\"><img decoding=\"async\" src=\"http:\/\/hophoinghi.vn\/wp-content\/uploads\/2024\/06\/colorlight-x7-bo-xu-ly-man-hinh-led-xep-tang_41a99be7b9b848c49fee723fb2af9369_grande.png\" alt=\"Kh\u1ea3 n\u0103ng ki\u1ec3m so\u00e1t x\u1ebfp t\u1ea7ng gi\u1eefa nhi\u1ec1u b\u1ed9 x\u1eed l\u00fd\" title=\"colorlight-x7-bo-xu-ly-man-hinh-led-xep-tang_41a99be7b9b848c49fee723fb2af9369_grande\"><\/p>\n<p style=\"margin-bottom: 11px;text-align: center\"><em><span style=\"font-size:16px\"><span style=\"line-height:107%\"><span style=\"font-family:Arial,sans-serif\">Kh\u1ea3 n\u0103ng ki\u1ec3m so\u00e1t x\u1ebfp t\u1ea7ng gi\u1eefa nhi\u1ec1u b\u1ed9 x\u1eed l\u00fd<\/span><\/span><\/span><\/em><\/p>\n<\/p><\/div>\n","protected":false},"excerpt":{"rendered":"<p>Colorlight X7\/X6 gi\u1ea3i ph\u00e1p linh ho\u1ea1t cho hi\u1ec3n th\u1ecb \u0111a l\u1edbp Colorlight X7\/X6 b\u1ed9 x\u1eed l\u00fd t\u00edn hi\u1ec7u m\u00e0n h\u00ecnh LED T\u01b0\u01a1ng th\u00edch ho\u00e0n to\u00e0n v\u1edbi c\u00e1c t\u00edn hi\u1ec7u \u0111\u1ea7u v\u00e0o kh\u00e1c nhau Colorlight X7\/X6 l\u00e0 gi\u1ea3i ph\u00e1p \u0111\u00e1ng tin c\u1eady cho vi\u1ec7c hi\u1ec3n th\u1ecb \u0111a l\u1edbp v\u1edbi kh\u1ea3 n\u0103ng t\u01b0\u01a1ng th\u00edch ho\u00e0n to\u00e0n v\u1edbi [&#8230;]\n","protected":false},"featured_media":10762,"comment_status":"closed","ping_status":"closed","template":"","meta":[],"pwb-brand":[],"product_cat":[2856],"product_tag":[25],"class_list":{"0":"post-10761","1":"product","2":"type-product","3":"status-publish","4":"has-post-thumbnail","6":"product_cat-man-hinh-led-hoi-nghi","7":"product_tag-man","9":"first","10":"instock","11":"shipping-taxable","12":"product-type-simple"},"brands":[],"_links":{"self":[{"href":"https:\/\/hophoinghi.vn\/vi\/wp-json\/wp\/v2\/product\/10761","targetHints":{"allow":["GET"]}}],"collection":[{"href":"https:\/\/hophoinghi.vn\/vi\/wp-json\/wp\/v2\/product"}],"about":[{"href":"https:\/\/hophoinghi.vn\/vi\/wp-json\/wp\/v2\/types\/product"}],"replies":[{"embeddable":true,"href":"https:\/\/hophoinghi.vn\/vi\/wp-json\/wp\/v2\/comments?post=10761"}],"wp:featuredmedia":[{"embeddable":true,"href":"https:\/\/hophoinghi.vn\/vi\/wp-json\/wp\/v2\/media\/10762"}],"wp:attachment":[{"href":"https:\/\/hophoinghi.vn\/vi\/wp-json\/wp\/v2\/media?parent=10761"}],"wp:term":[{"taxonomy":"pwb-brand","embeddable":true,"href":"https:\/\/hophoinghi.vn\/vi\/wp-json\/wp\/v2\/pwb-brand?post=10761"},{"taxonomy":"product_cat","embeddable":true,"href":"https:\/\/hophoinghi.vn\/vi\/wp-json\/wp\/v2\/product_cat?post=10761"},{"taxonomy":"product_tag","embeddable":true,"href":"https:\/\/hophoinghi.vn\/vi\/wp-json\/wp\/v2\/product_tag?post=10761"}],"curies":[{"name":"wp","href":"https:\/\/api.w.org\/{rel}","templated":true}]}}