{"id":11030,"date":"2024-06-26T22:19:37","date_gmt":"2024-06-26T15:19:37","guid":{"rendered":"https:\/\/hophoinghi.vn\/product\/maxhub-uc-p25\/"},"modified":"2024-06-26T22:19:57","modified_gmt":"2024-06-26T15:19:57","slug":"maxhub-uc-p25","status":"publish","type":"product","link":"https:\/\/hophoinghi.vn\/zh\/-product-\/maxhub-uc-p25\/","title":{"rendered":"Maxhub UC P25"},"content":{"rendered":"<div class=\"desc-content-js\">\n<h1 style=\"text-align: justify\"><strong>Camera H\u1ed9i Ngh\u1ecb PTZ 4K UHD Maxhub UC P25 Ho\u00e0n H\u1ea3o Cho H\u1ecdp Tr\u1ef1c Tuy\u1ebfn<\/strong><\/h1>\n<p style=\"text-align: justify\">Maxhub UC P25 mang \u0111\u1ebfn ch\u1ea5t l\u01b0\u1ee3ng h\u00ecnh \u1ea3nh 4K UHD v\u01b0\u1ee3t tr\u1ed9i, l\u00e0m cho m\u1ecdi cu\u1ed9c h\u1ecdp tr\u1ef1c tuy\u1ebfn tr\u1edf n\u00ean chuy\u00ean nghi\u1ec7p h\u01a1n bao gi\u1edd h\u1ebft. V\u1edbi c\u1ea3m bi\u1ebfn 8MP v\u00e0 kh\u1ea3 n\u0103ng thu ph\u00f3ng 192x, camera n\u00e0y ghi l\u1ea1i m\u1ecdi chi ti\u1ebft, \u0111\u1ea3m b\u1ea3o m\u1ecdi ng\u01b0\u1eddi trong cu\u1ed9c h\u1ecdp \u0111\u1ec1u nh\u00ecn r\u00f5 r\u00e0ng v\u00e0 s\u1eafc n\u00e9t.<\/p>\n<p style=\"text-align: center\"><img decoding=\"async\" src=\"http:\/\/hophoinghi.vn\/wp-content\/uploads\/2024\/06\/maxhub-uc-p25-phong-hop_12ad123bac544e9384c2ce92403b3b90_grande.png\" title=\"maxhub-uc-p25-phong-hop_12ad123bac544e9384c2ce92403b3b90_grande\"><\/p>\n<h2 style=\"text-align: justify\"><strong>\u0110\u1eb7c \u0110i\u1ec3m N\u1ed5i B\u1eadt Maxhub UC\u00a0P25<\/strong><\/h2>\n<p style=\"text-align: justify\">\u2022\u00a0\u00a0 \u00a0C\u1ea3m bi\u1ebfn CMOS 1\/2.5&#8243; c\u1ee7a Sony<br \/>\u2022\u00a0\u00a0 \u00a0Camera 8MP<br \/>\u2022\u00a0\u00a0 \u00a0Zoom quang h\u1ecdc 12X<br \/>\u2022\u00a0\u00a0 \u00a0Zoom k\u1ef9 thu\u1eadt s\u1ed1 16X<\/p>\n<p style=\"text-align: center\"><img decoding=\"async\" src=\"http:\/\/hophoinghi.vn\/wp-content\/uploads\/2024\/06\/maxhub-uc-p25-cap-all-in-one_b327ae6d35c540cba32e29e04fc15ba1_grande.png\" title=\"maxhub-uc-p25-cap-all-in-one_b327ae6d35c540cba32e29e04fc15ba1_grande\"><\/p>\n<h3 style=\"text-align: justify\"><strong>H\u00ecnh \u1ea2nh R\u00f5 R\u00e0ng \u1ede M\u1ecdi N\u01a1i<\/strong><\/h3>\n<p style=\"text-align: justify\">Maxhub UC P25 \u0111\u01b0\u1ee3c trang b\u1ecb c\u00e1c thu\u1eadt to\u00e1n ti\u00ean ti\u1ebfn, duy tr\u00ec m\u00e0u s\u1eafc v\u00e0 chi ti\u1ebft ngay c\u1ea3 trong \u0111i\u1ec1u ki\u1ec7n \u00e1nh s\u00e1ng y\u1ebfu. C\u00f4ng ngh\u1ec7 WDR gi\u00fap c\u00e2n b\u1eb1ng \u00e1nh s\u00e1ng, lo\u1ea1i b\u1ecf \u00e1nh s\u00e1ng ch\u00f3i v\u00e0 b\u00f3ng, mang \u0111\u1ebfn h\u00ecnh \u1ea3nh s\u1eafc n\u00e9t trong m\u1ecdi \u0111i\u1ec1u ki\u1ec7n \u00e1nh s\u00e1ng.<\/p>\n<p style=\"text-align: center\"><img decoding=\"async\" src=\"http:\/\/hophoinghi.vn\/wp-content\/uploads\/2024\/06\/maxhub-uc-p25-tuoi-sang_4766e761729e4e718cccd6a2e7a8b5d0_grande.png\" title=\"maxhub-uc-p25-tuoi-sang_4766e761729e4e718cccd6a2e7a8b5d0_grande\"><\/p>\n<p style=\"text-align: justify\"><strong>C\u00f4ng Ngh\u1ec7 LUX Th\u1ea5p:<\/strong> Cung c\u1ea5p h\u00ecnh \u1ea3nh r\u00f5 n\u00e9t v\u1edbi \u00e1nh s\u00e1ng t\u1ed1i thi\u1ec3u.<br \/><strong>Gi\u1ea3m Nhi\u1ec5u T\u1ed1i \u01afu:<\/strong> Thu\u1eadt to\u00e1n DNR 2D v\u00e0 3D t\u00edch h\u1ee3p gi\u00fap gi\u1ea3m nhi\u1ec5u, t\u1ea1o ra h\u00ecnh \u1ea3nh s\u1eafc n\u00e9t ngay c\u1ea3 trong \u0111i\u1ec1u ki\u1ec7n \u00e1nh s\u00e1ng y\u1ebfu.<br \/><strong>C\u00e2n B\u1eb1ng \u00c1nh S\u00e1ng: <\/strong>WDR t\u1ea1o ra \u0111\u1ed9 t\u01b0\u01a1ng ph\u1ea3n ho\u00e0n h\u1ea3o, l\u00e0m cho h\u00ecnh \u1ea3nh r\u00f5 r\u00e0ng v\u00e0 d\u1ec5 ch\u1ecbu.<\/p>\n<p style=\"text-align: center\"><img decoding=\"async\" src=\"http:\/\/hophoinghi.vn\/wp-content\/uploads\/2024\/06\/maxhub-uc-p25-can-bang-thi-giac_a6da45eddaee4ab1bc0755ad8779d829_grande.png\" title=\"maxhub-uc-p25-can-bang-thi-giac_a6da45eddaee4ab1bc0755ad8779d829_grande\"><\/p>\n<h3 style=\"text-align: justify\"><strong>Th\u00f4ng Minh &#8211; Th\u00edch Nghi &#8211; Linh Ho\u1ea1t<\/strong><\/h3>\n<p style=\"text-align: justify\">V\u1edbi kh\u1ea3 n\u0103ng xoay \u00b1170\u00b0 v\u00e0 nghi\u00eang \u00b130\u00b0, c\u00f9ng v\u1edbi tr\u01b0\u1eddng nh\u00ecn 71\u00b0, UC P25 ghi l\u1ea1i m\u1ecdi g\u00f3c \u0111\u1ed9 c\u1ee7a cu\u1ed9c h\u1ecdp. T\u00f9y ch\u1ecdn l\u1eadt h\u00ecnh \u1ea3nh v\u00e0 \u0111\u1ed9 ch\u00ednh x\u00e1c \u0111\u1eb7t tr\u01b0\u1edbc 0,1\u00b0 gi\u00fap \u0111i\u1ec1u ch\u1ec9nh d\u1ec5 d\u00e0ng theo y\u00eau c\u1ea7u l\u1eafp \u0111\u1eb7t.<br \/>\u2022\u00a0\u00a0 \u00a0Xoay \u00b1170\u00b0 \/ Nghi\u00eang \u00b130\u00b0 \/ HFOV 71\u00b0<br \/>\u2022\u00a0\u00a0 \u00a0L\u1eadt H\u00ecnh \u1ea2nh \/ \u0110\u1ed9 Ch\u00ednh X\u00e1c \u0110\u1eb7t Tr\u01b0\u1edbc 0,1\u00b0<br \/>\u2022\u00a0\u00a0 \u00a0255 V\u1ecb Tr\u00ed \u0110\u1eb7t Tr\u01b0\u1edbc<\/p>\n<p style=\"text-align: center\"><img decoding=\"async\" style=\"width: 239.988px;height: 143.981px\" src=\"http:\/\/hophoinghi.vn\/wp-content\/uploads\/2024\/06\/maxhub-uc-p25-pan_429a97cd46c744939f7888bed668972e_grande.png\" title=\"maxhub-uc-p25-pan_429a97cd46c744939f7888bed668972e_grande\"><img decoding=\"async\" style=\"width: 231.991px;height: 138.981px\" src=\"http:\/\/hophoinghi.vn\/wp-content\/uploads\/2024\/06\/maxhub-uc-p25-hfov_819cf85d9bdd4177bf7d929bda6a4012_grande.png\" title=\"maxhub-uc-p25-hfov_819cf85d9bdd4177bf7d929bda6a4012_grande\"><img decoding=\"async\" style=\"width: 231.991px;height: 138.981px\" src=\"http:\/\/hophoinghi.vn\/wp-content\/uploads\/2024\/06\/maxhub-uc-p25-tilt_b66b407bcc094928af25fac2835783f5_grande.png\" title=\"maxhub-uc-p25-tilt_b66b407bcc094928af25fac2835783f5_grande\"><\/p>\n<h3 style=\"text-align: justify\"><strong>Ch\u1ebf \u0110\u1ed9 Xem Ho\u00e0n H\u1ea3o\u00a0<\/strong><\/h3>\n<p style=\"text-align: justify\">\u0110i\u1ec1u ch\u1ec9nh ti\u00eau \u0111i\u1ec3m ch\u1ec9 v\u1edbi m\u1ed9t l\u1ea7n ch\u1ea1m nh\u1edd ch\u1ee9c n\u0103ng \u0111i\u1ec1u khi\u1ec3n t\u1eeb xa. UC P25 d\u1ec5 d\u00e0ng t\u00edch h\u1ee3p v\u00e0o kh\u00f4ng gian h\u1ed9i ngh\u1ecb, t\u1ea1o ra tr\u1ea3i nghi\u1ec7m h\u1ecdp tr\u1ef1c tuy\u1ebfn m\u01b0\u1ee3t m\u00e0 v\u00e0 kh\u00f4ng gi\u00e1n \u0111o\u1ea1n.<\/p>\n<p style=\"text-align: center\"><img decoding=\"async\" src=\"http:\/\/hophoinghi.vn\/wp-content\/uploads\/2024\/06\/maxhub-uc-p25-che-do-xem_1295fd0bbfd14ba2a9c3039190e9b7e5_grande.png\" title=\"maxhub-uc-p25-che-do-xem_1295fd0bbfd14ba2a9c3039190e9b7e5_grande\"><\/p>\n<h3 style=\"text-align: justify\"><strong>D\u1ec5 D\u00e0ng Ki\u1ec3m So\u00e1t<\/strong><\/h3>\n<p style=\"text-align: justify\">Camera h\u1ed9i ngh\u1ecb tr\u1ef1c tuy\u1ebfn Maxhub UC P25 h\u1ed7 tr\u1ee3 nhi\u1ec1u ph\u01b0\u01a1ng th\u1ee9c \u0111i\u1ec1u khi\u1ec3n, bao g\u1ed3m b\u1ed9 \u0111i\u1ec1u khi\u1ec3n h\u1ed3ng ngo\u1ea1i, ph\u1ea7n m\u1ec1m web, b\u1ed9 \u0111i\u1ec1u khi\u1ec3n n\u1ed1i ti\u1ebfp v\u00e0 ki\u1ec3m so\u00e1t UVC, t\u01b0\u01a1ng th\u00edch v\u1edbi c\u00e1c giao th\u1ee9c VISCA, PELCO, UVC, ONVIF.<\/p>\n<h3 style=\"text-align: justify\"><strong>B\u1ed9 \u0110i\u1ec1u Khi\u1ec3n H\u1ed3ng Ngo\u1ea1i<\/strong><\/h3>\n<p style=\"text-align: justify\">\u2022\u00a0\u00a0 \u00a0Ph\u1ea7n M\u1ec1m Web<br \/>\u2022\u00a0\u00a0 \u00a0B\u1ed9 \u0110i\u1ec1u Khi\u1ec3n N\u1ed1i Ti\u1ebfp<br \/>\u2022\u00a0\u00a0 \u00a0Ki\u1ec3m So\u00e1t UVC<\/p>\n<h3 style=\"text-align: justify\"><strong>S\u1eed D\u1ee5ng \u0110\u01a1n Gi\u1ea3n V\u1edbi Plug-and-Play<\/strong><\/h3>\n<p style=\"text-align: justify\">Camera h\u1ed9i ngh\u1ecb Maxhub UC P25 mang l\u1ea1i s\u1ef1 \u0111\u01a1n gi\u1ea3n v\u1edbi c\u00e1c t\u00f9y ch\u1ecdn k\u1ebft n\u1ed1i d\u1ec5 d\u00e0ng, ho\u1ea1t \u0111\u1ed9ng v\u1edbi nhi\u1ec1u \u1ee9ng d\u1ee5ng video. T\u00ednh n\u0103ng plug-and-play cho ph\u00e9p thi\u1ebft l\u1eadp nhanh ch\u00f3ng v\u00e0 d\u1ec5 d\u00e0ng.<\/p>\n<p style=\"text-align: center\"><img decoding=\"async\" src=\"http:\/\/hophoinghi.vn\/wp-content\/uploads\/2024\/06\/maxhub-uc-p25-plug-n-play_8173a9be4df64b12af8ae3a7980b1c1a_grande.png\" title=\"maxhub-uc-p25-plug-n-play_8173a9be4df64b12af8ae3a7980b1c1a_grande\"><\/p>\n<h3 style=\"text-align: justify\"><strong>C\u00e1p T\u1ea5t C\u1ea3 Trong M\u1ed9t<\/strong><\/h3>\n<p style=\"text-align: justify\">Gi\u1ea3i ph\u00e1p c\u1ea5p ngu\u1ed3n qua Ethernet (PoE) c\u1ee7a UC P25 gi\u1ea3m t\u1ed5ng chi ph\u00ed l\u1eafp \u0111\u1eb7t v\u00e0 cho ph\u00e9p tri\u1ec3n khai linh ho\u1ea1t. Kh\u1ea3 n\u0103ng ph\u00e1t tr\u1ef1c tuy\u1ebfn tr\u00ean c\u00e1c n\u1ec1n t\u1ea3ng nh\u01b0 YouTube v\u00e0 Facebook Live l\u00e0m cho vi\u1ec7c h\u1ed9i ngh\u1ecb tr\u1ef1c tuy\u1ebfn tr\u1edf n\u00ean d\u1ec5 d\u00e0ng h\u01a1n bao gi\u1edd h\u1ebft.<br \/>\u2022\u00a0\u00a0 \u00a0H\u1ed7 Tr\u1ee3 PoE T\u00edch H\u1ee3p<br \/>\u2022\u00a0\u00a0 \u00a0B\u1ed9 M\u00e3 H\u00f3a RSTP\/RTMP T\u00edch H\u1ee3p<\/p>\n<p style=\"text-align: center\"><img decoding=\"async\" src=\"http:\/\/hophoinghi.vn\/wp-content\/uploads\/2024\/06\/maxhub-uc-p25-hinh-anh-cao-cap_4830abbcc2d04293aed5d5352dadc948_grande.png\" title=\"maxhub-uc-p25-hinh-anh-cao-cap_4830abbcc2d04293aed5d5352dadc948_grande\"><br \/>\u00a0<\/p>\n<p style=\"text-align: justify\">Maxhub UC P25 l\u00e0 l\u1ef1a ch\u1ecdn t\u1ed1i \u01b0u cho m\u1ecdi nhu c\u1ea7u h\u1ecdp tr\u1ef1c tuy\u1ebfn, mang \u0111\u1ebfn ch\u1ea5t l\u01b0\u1ee3ng h\u00ecnh \u1ea3nh v\u01b0\u1ee3t tr\u1ed9i v\u00e0 t\u00ednh linh ho\u1ea1t trong s\u1eed d\u1ee5ng.<br \/>\u00a0<\/p>\n<\/p><\/div>","protected":false},"excerpt":{"rendered":"<p>Camera H\u1ed9i Ngh\u1ecb PTZ 4K UHD Maxhub UC P25 Ho\u00e0n H\u1ea3o Cho H\u1ecdp Tr\u1ef1c Tuy\u1ebfn Maxhub UC P25 mang \u0111\u1ebfn ch\u1ea5t l\u01b0\u1ee3ng h\u00ecnh \u1ea3nh 4K UHD v\u01b0\u1ee3t tr\u1ed9i, l\u00e0m cho m\u1ecdi cu\u1ed9c h\u1ecdp tr\u1ef1c tuy\u1ebfn tr\u1edf n\u00ean chuy\u00ean nghi\u1ec7p h\u01a1n bao gi\u1edd h\u1ebft. V\u1edbi c\u1ea3m bi\u1ebfn 8MP v\u00e0 kh\u1ea3 n\u0103ng thu ph\u00f3ng 192x, camera n\u00e0y [&#8230;]","protected":false},"featured_media":0,"comment_status":"closed","ping_status":"closed","template":"","meta":[],"pwb-brand":[],"product_cat":[2851],"product_tag":[25],"class_list":{"0":"post-11030","1":"product","2":"type-product","3":"status-publish","5":"product_cat-camera-pro-av-ptz","6":"product_tag-man","8":"first","9":"instock","10":"shipping-taxable","11":"product-type-simple"},"brands":[],"_links":{"self":[{"href":"https:\/\/hophoinghi.vn\/zh\/wp-json\/wp\/v2\/product\/11030","targetHints":{"allow":["GET"]}}],"collection":[{"href":"https:\/\/hophoinghi.vn\/zh\/wp-json\/wp\/v2\/product"}],"about":[{"href":"https:\/\/hophoinghi.vn\/zh\/wp-json\/wp\/v2\/types\/product"}],"replies":[{"embeddable":true,"href":"https:\/\/hophoinghi.vn\/zh\/wp-json\/wp\/v2\/comments?post=11030"}],"wp:attachment":[{"href":"https:\/\/hophoinghi.vn\/zh\/wp-json\/wp\/v2\/media?parent=11030"}],"wp:term":[{"taxonomy":"pwb-brand","embeddable":true,"href":"https:\/\/hophoinghi.vn\/zh\/wp-json\/wp\/v2\/pwb-brand?post=11030"},{"taxonomy":"product_cat","embeddable":true,"href":"https:\/\/hophoinghi.vn\/zh\/wp-json\/wp\/v2\/product_cat?post=11030"},{"taxonomy":"product_tag","embeddable":true,"href":"https:\/\/hophoinghi.vn\/zh\/wp-json\/wp\/v2\/product_tag?post=11030"}],"curies":[{"name":"wp","href":"https:\/\/api.w.org\/{rel}","templated":true}]}}